{"id":250237,"date":"2022-10-18T09:52:25","date_gmt":"2022-10-18T09:52:25","guid":{"rendered":"https:\/\/www.gestiriego.com\/te-selecteur-de-pression-3-voies-metal\/"},"modified":"2022-10-18T09:52:25","modified_gmt":"2022-10-18T09:52:25","slug":"te-selecteur-de-pression-3-voies-metal","status":"publish","type":"product","link":"https:\/\/www.gestiriego.com\/en\/te-selecteur-de-pression-3-voies-metal\/","title":{"rendered":"T\u00c9 S\u00c9LECTEUR DE PRESSION 3 VOIES M\u00c9TAL"},"content":{"rendered":"<p style=\"text-align: center;\"><div class=\"ntb_table_wrapper ninja_table_builder_instance_0\"\n     id='ninja_table_builder_240435'\n     data-ninja_table_builder_instance=\"ninja_table_builder_instance_0\"\n     style=\"\n     max-height:600px;\n     max-width: 1160px;\">\n    <!----> <table id=\"ntb_table\" role=\"table\" class=\"table ninja_tables_builder_class_240435\" style=\"margin: 0px auto; table-layout: fixed; border-collapse: separate; border: 0px solid rgb(0, 0, 0); font-family: Arial; border-spacing: 0px 3px;\"><!----> <tbody class=\"tbody\"><tr id=\"tr_id_1224164\" class=\"desktop-view tr_class_1224164 \" style=\"background-color: rgb(252, 72, 30);\"><!----> <td id=\"td_id_92661222\" rowspan=\"0\" colspan=\"0\" class=\"td_class_92661222\" cellindex=\"1\" style=\"padding: 10px; max-width: 300px; min-width: 300px; display: none;\"><div id=\"td_id_92661222\"><div class=\"single-item other-item\"><div class=\"ntb-datas-wrapper\" style=\"margin: 0px;\"><span class=\"hover-item\" style=\"padding: 0px; font-weight: normal; font-style: normal; text-decoration: none; font-size: 12px; display: block; text-align: center; color: rgb(0, 0, 1); opacity: 0.4; line-height: 1.2;\">Add New<\/span> <!----> <!----><\/div> <div class=\"ntb-elements-wrapper remove-elements\"><!----><\/div> <div class=\"icon-style remove-elements\" style=\"margin-left: 0px; margin-right: 0px; width: auto;\"><i class=\"el-icon-rank\"><\/i> <i class=\"el-icon-copy-document\"><\/i> <i class=\"el-icon-delete\"><\/i><\/div><\/div><\/div><\/td><td id=\"td_id_61992627\" rowspan=\"0\" colspan=\"0\" class=\"td_class_61992627\" cellindex=\"2\" style=\"padding: 10px; max-width: 275px; min-width: 275px; display: none;\"><div id=\"td_id_61992627\"><div class=\"single-item other-item\"><div class=\"ntb-datas-wrapper\" style=\"margin: 0px;\"><span class=\"hover-item\" style=\"padding: 0px; font-weight: normal; font-style: normal; text-decoration: none; font-size: 12px; display: block; text-align: center; color: rgb(0, 0, 1); opacity: 0.4; line-height: 1.2;\">Add New<\/span> <!----> <!----><\/div> <div class=\"ntb-elements-wrapper remove-elements\"><!----><\/div> <div class=\"icon-style remove-elements\" style=\"margin-left: 0px; margin-right: 0px; width: auto;\"><i class=\"el-icon-rank\"><\/i> <i class=\"el-icon-copy-document\"><\/i> <i class=\"el-icon-delete\"><\/i><\/div><\/div><\/div><\/td><td id=\"td_id_12191621\" rowspan=\"0\" colspan=\"0\" class=\"td_class_12191621\" cellindex=\"3\" style=\"padding: 10px; max-width: 200px; min-width: 200px; display: none;\"><div id=\"td_id_12191621\"><div class=\"single-item other-item\"><div class=\"ntb-datas-wrapper\" style=\"margin: 0px;\"><span class=\"hover-item\" style=\"padding: 0px; font-weight: normal; font-style: normal; text-decoration: none; font-size: 12px; display: block; text-align: center; color: rgb(0, 0, 1); opacity: 0.4; line-height: 1.2;\">Add New<\/span> <!----> <!----><\/div> <div class=\"ntb-elements-wrapper remove-elements\"><!----><\/div> <div class=\"icon-style remove-elements\" style=\"margin-left: 0px; margin-right: 0px; width: auto;\"><i class=\"el-icon-rank\"><\/i> <i class=\"el-icon-copy-document\"><\/i> <i class=\"el-icon-delete\"><\/i><\/div><\/div><\/div><\/td><\/tr><tr id=\"tr_id_6459688\" class=\"desktop-view tr_class_6459688 \" style=\"background-color: rgb(252, 72, 30);\"><!----> <td id=\"td_id_68616683\" rowspan=\"1\" colspan=\"3\" class=\"td_class_68616683\" style=\"padding: 10px; max-width: 300px; min-width: 300px;\" cellindex=\"4\"><div id=\"td_id_68616683\"><div class=\"single-item other-item\" draggable=\"false\"><div class=\"ntb-datas-wrapper\" style=\"margin: 0px;\"><span class=\"hover-item\" style=\"padding: 5px 0px; font-weight: bold; font-style: normal; text-decoration: none; font-size: 16px; display: block; text-align: center; color: rgb(255, 255, 255); opacity: 1; line-height: 1.2;\">TE SELECTORA DE PRESI\u00d3N 3 VIAS METAL<\/span> <!----> <!----><\/div> <div class=\"ntb-elements-wrapper remove-elements\"><!----><\/div> <div class=\"icon-style remove-elements\" style=\"margin-left: 0px; margin-right: 0px; width: auto;\"><i class=\"el-icon-rank\"><\/i> <i class=\"el-icon-copy-document\"><\/i> <i class=\"el-icon-delete\"><\/i><\/div><\/div><\/div><\/td><td id=\"td_id_16466698\" rowspan=\"0\" colspan=\"0\" class=\"td_class_16466698\" cellindex=\"5\" style=\"padding: 10px; max-width: 275px; min-width: 275px; display: none;\"><div id=\"td_id_16466698\"><div class=\"single-item other-item\"><div class=\"ntb-datas-wrapper\" style=\"margin: 0px;\"><span class=\"hover-item\" style=\"padding: 0px; font-weight: normal; font-style: normal; text-decoration: none; font-size: 12px; display: block; text-align: center; color: rgb(0, 0, 1); opacity: 0.4; line-height: 1.2;\">Add New<\/span> <!----> <!----><\/div> <div class=\"ntb-elements-wrapper remove-elements\"><!----><\/div> <div class=\"icon-style remove-elements\" style=\"margin-left: 0px; margin-right: 0px; width: auto;\"><i class=\"el-icon-rank\"><\/i> <i class=\"el-icon-copy-document\"><\/i> <i class=\"el-icon-delete\"><\/i><\/div><\/div><\/div><\/td><td id=\"td_id_64664491\" rowspan=\"0\" colspan=\"0\" class=\"td_class_64664491\" cellindex=\"6\" style=\"padding: 10px; max-width: 200px; min-width: 200px; display: none;\"><div id=\"td_id_64664491\"><div class=\"single-item other-item\"><div class=\"ntb-datas-wrapper\" style=\"margin: 0px;\"><span class=\"hover-item\" style=\"padding: 0px; font-weight: normal; font-style: normal; text-decoration: none; font-size: 12px; display: block; text-align: center; color: rgb(0, 0, 1); opacity: 0.4; line-height: 1.2;\">Add New<\/span> <!----> <!----><\/div> <div class=\"ntb-elements-wrapper remove-elements\"><!----><\/div> <div class=\"icon-style remove-elements\" style=\"margin-left: 0px; margin-right: 0px; width: auto;\"><i class=\"el-icon-rank\"><\/i> <i class=\"el-icon-copy-document\"><\/i> <i class=\"el-icon-delete\"><\/i><\/div><\/div><\/div><\/td><\/tr><tr id=\"tr_id_3921746\" class=\"desktop-view tr_class_3921746 \" style=\"background-color: rgb(248, 201, 180);\"><!----> <td id=\"td_id_18103169\" rowspan=\"1\" colspan=\"1\" class=\"td_class_18103169\" cellindex=\"7\" style=\"padding: 10px; max-width: 300px; min-width: 300px;\"><div id=\"td_id_18103169\"><div class=\"single-item other-item\"><div class=\"ntb-datas-wrapper\" style=\"margin: 0px;\"><span class=\"hover-item\" style=\"padding: 0px; font-weight: normal; font-style: normal; text-decoration: none; font-size: 14px; display: block; text-align: center; color: rgb(255, 0, 0); opacity: 1; line-height: 1.2;\">MEDIDA<\/span> <!----> <!----><\/div> <div class=\"ntb-elements-wrapper remove-elements\"><!----><\/div> <div class=\"icon-style remove-elements\" style=\"margin-left: 0px; margin-right: 0px; width: auto;\"><i class=\"el-icon-rank\"><\/i> <i class=\"el-icon-copy-document\"><\/i> <i class=\"el-icon-delete\"><\/i><\/div><\/div><\/div><\/td><td id=\"td_id_11923743\" rowspan=\"1\" colspan=\"1\" class=\"td_class_11923743\" cellindex=\"8\" style=\"padding: 10px; max-width: 275px; min-width: 275px;\"><div id=\"td_id_11923743\"><div class=\"single-item other-item\" draggable=\"false\"><div class=\"ntb-datas-wrapper\" style=\"margin: 0px;\"><span class=\"hover-item\" style=\"padding: 0px; font-weight: normal; font-style: normal; text-decoration: none; font-size: 14px; display: block; text-align: center; color: rgb(255, 0, 0); opacity: 1; line-height: 1.2;\">C\u00d3DIGO<\/span> <!----> <!----><\/div> <div class=\"ntb-elements-wrapper remove-elements\" style=\"\"><!----><\/div> <div class=\"icon-style remove-elements\" style=\"margin-left: 0px; margin-right: 0px; width: auto;\"><i class=\"el-icon-rank\"><\/i> <i class=\"el-icon-copy-document\"><\/i> <i class=\"el-icon-delete\"><\/i><\/div><\/div><\/div><\/td><td id=\"td_id_17798536\" rowspan=\"0\" colspan=\"0\" class=\"td_class_17798536\" cellindex=\"9\" style=\"padding: 10px; max-width: 200px; min-width: 200px; display: none;\"><div id=\"td_id_17798536\"><div class=\"single-item other-item\"><div class=\"ntb-datas-wrapper\" style=\"margin: 0px;\"><span class=\"hover-item\" style=\"padding: 0px; font-weight: normal; font-style: normal; text-decoration: none; font-size: 14px; display: block; text-align: center; color: rgb(255, 0, 0); opacity: 1; line-height: 1.2;\">UNIDADES<\/span> <!----> <!----><\/div> <div class=\"ntb-elements-wrapper remove-elements\"><!----><\/div> <div class=\"icon-style remove-elements\" style=\"margin-left: 0px; margin-right: 0px; width: auto;\"><i class=\"el-icon-rank\"><\/i> <i class=\"el-icon-copy-document\"><\/i> <i class=\"el-icon-delete\"><\/i><\/div><\/div><\/div><\/td><\/tr><tr id=\"tr_id_2849256\" class=\"desktop-view tr_class_2849256 \" style=\"background-color: rgb(166, 165, 165);\"><!----> <td id=\"td_id_17640624\" rowspan=\"1\" colspan=\"1\" class=\"td_class_17640624\" cellindex=\"10\" style=\"padding: 10px; max-width: 300px; min-width: 300px;\"><div id=\"td_id_17640624\"><div class=\"single-item other-item\"><div class=\"ntb-datas-wrapper\" style=\"margin: 0px 0px 4px;\"><span class=\"hover-item\" style=\"padding: 0px; font-weight: normal; font-style: normal; text-decoration: none; font-size: 13px; display: block; text-align: center; color: rgb(255, 255, 255); opacity: 1; line-height: 1.2;\">(\u201c)<\/span> <!----> <!----><\/div> <div class=\"ntb-elements-wrapper remove-elements\"><!----><\/div> <div class=\"icon-style remove-elements\" style=\"margin-left: 0px; margin-right: 0px; width: auto;\"><i class=\"el-icon-rank\"><\/i> <i class=\"el-icon-copy-document\"><\/i> <i class=\"el-icon-delete\"><\/i><\/div><\/div><\/div><\/td><td id=\"td_id_85102598\" rowspan=\"1\" colspan=\"1\" class=\"td_class_85102598\" cellindex=\"11\" style=\"padding: 10px; max-width: 275px; min-width: 275px;\"><div id=\"td_id_85102598\"><\/div><\/td><td id=\"td_id_17099887\" rowspan=\"0\" colspan=\"0\" class=\"td_class_17099887\" cellindex=\"12\" style=\"padding: 10px; max-width: 200px; min-width: 200px; display: none;\"><div id=\"td_id_17099887\"><div class=\"single-item other-item\"><div class=\"ntb-datas-wrapper\" style=\"margin: 0px;\"><span class=\"hover-item\" style=\"padding: 0px; font-weight: normal; font-style: normal; text-decoration: none; font-size: 14px; display: block; text-align: center; color: rgb(255, 255, 255); opacity: 1; line-height: 1.2;\">(l\/h)<\/span> <!----> <!----><\/div> <div class=\"ntb-elements-wrapper remove-elements\"><!----><\/div> <div class=\"icon-style remove-elements\" style=\"margin-left: 0px; margin-right: 0px; width: auto;\"><i class=\"el-icon-rank\"><\/i> <i class=\"el-icon-copy-document\"><\/i> <i class=\"el-icon-delete\"><\/i><\/div><\/div><\/div><\/td><\/tr><tr id=\"tr_id_1899394\" class=\"desktop-view tr_class_1899394 \" style=\"background-color: rgb(255, 255, 255);\"><!----> <td id=\"td_id_84256286\" rowspan=\"1\" colspan=\"1\" class=\"td_class_84256286\" cellindex=\"13\" style=\"padding: 10px; max-width: 300px; min-width: 300px;\"><div id=\"td_id_84256286\"><div class=\"single-item other-item\" draggable=\"false\"><div class=\"ntb-datas-wrapper\" style=\"margin: 0px 0px 4px;\"><span class=\"hover-item\" style=\"padding: 0px; font-weight: normal; font-style: normal; text-decoration: none; font-size: 13px; display: block; text-align: center; color: rgb(0, 0, 1); opacity: 1; line-height: 1.2;\">1\/8 HEMBRA<\/span> <!----> <!----><\/div> <div class=\"ntb-elements-wrapper remove-elements\" style=\"\"><!----><\/div> <div class=\"icon-style remove-elements\" style=\"margin-left: 0px; margin-right: 0px; width: auto;\"><i class=\"el-icon-rank\"><\/i> <i class=\"el-icon-copy-document\"><\/i> <i class=\"el-icon-delete\"><\/i><\/div><\/div><\/div><\/td><td id=\"td_id_70061404\" rowspan=\"1\" colspan=\"1\" class=\"td_class_70061404\" cellindex=\"14\" style=\"padding: 10px; max-width: 275px; min-width: 275px;\"><div id=\"td_id_70061404\"><div class=\"single-item other-item\" draggable=\"false\"><div class=\"ntb-datas-wrapper\" style=\"margin: 0px 0px 4px;\"><span class=\"hover-item\" style=\"padding: 0px; font-weight: normal; font-style: normal; text-decoration: none; font-size: 13px; display: block; text-align: center; color: rgb(0, 0, 1); opacity: 1; line-height: 1.2;\">450809<\/span> <!----> <!----><\/div> <div class=\"ntb-elements-wrapper remove-elements\" style=\"\"><!----><\/div> <div class=\"icon-style remove-elements\" style=\"margin-left: 0px; margin-right: 0px; width: auto;\"><i class=\"el-icon-rank\"><\/i> <i class=\"el-icon-copy-document\"><\/i> <i class=\"el-icon-delete\"><\/i><\/div><\/div><\/div><\/td><td id=\"td_id_84063641\" rowspan=\"0\" colspan=\"0\" class=\"td_class_84063641\" cellindex=\"15\" style=\"padding: 10px; max-width: 200px; min-width: 200px; display: none;\"><div id=\"td_id_84063641\"><div class=\"single-item other-item\"><div class=\"ntb-datas-wrapper\" style=\"margin: 0px 0px 4px;\"><span class=\"hover-item\" style=\"padding: 0px; font-weight: normal; font-style: normal; text-decoration: none; font-size: 13px; display: block; text-align: center; color: rgb(0, 0, 1); opacity: 1; line-height: 1.2;\">10<\/span> <!----> <!----><\/div> <div class=\"ntb-elements-wrapper remove-elements\"><!----><\/div> <div class=\"icon-style remove-elements\" style=\"margin-left: 0px; margin-right: 0px; width: auto;\"><i class=\"el-icon-rank\"><\/i> <i class=\"el-icon-copy-document\"><\/i> <i class=\"el-icon-delete\"><\/i><\/div><\/div><\/div><\/td><\/tr><\/tbody><\/table><\/div>\n<\/p>\n","protected":false},"excerpt":{"rendered":"<h2><span style=\"font-size: medium;\"><strong>ACCESSOIRES VANNES D&#8217;IRRIGATION<\/strong><\/span><\/h2>\n","protected":false},"featured_media":250239,"comment_status":"open","ping_status":"closed","template":"","meta":{"_et_pb_use_builder":"","_et_pb_old_content":"","_et_gb_content_width":""},"product_brand":[],"product_cat":[355,298],"product_tag":[],"class_list":{"0":"post-250237","1":"product","2":"type-product","3":"status-publish","4":"has-post-thumbnail","6":"product_cat-accessoires-vannes-dirrigation","7":"product_cat-vannes-dirrigation","9":"first","10":"instock","11":"shipping-taxable","12":"product-type-simple"},"_links":{"self":[{"href":"https:\/\/www.gestiriego.com\/en\/wp-json\/wp\/v2\/product\/250237","targetHints":{"allow":["GET"]}}],"collection":[{"href":"https:\/\/www.gestiriego.com\/en\/wp-json\/wp\/v2\/product"}],"about":[{"href":"https:\/\/www.gestiriego.com\/en\/wp-json\/wp\/v2\/types\/product"}],"replies":[{"embeddable":true,"href":"https:\/\/www.gestiriego.com\/en\/wp-json\/wp\/v2\/comments?post=250237"}],"wp:featuredmedia":[{"embeddable":true,"href":"https:\/\/www.gestiriego.com\/en\/wp-json\/wp\/v2\/media\/250239"}],"wp:attachment":[{"href":"https:\/\/www.gestiriego.com\/en\/wp-json\/wp\/v2\/media?parent=250237"}],"wp:term":[{"taxonomy":"product_brand","embeddable":true,"href":"https:\/\/www.gestiriego.com\/en\/wp-json\/wp\/v2\/product_brand?post=250237"},{"taxonomy":"product_cat","embeddable":true,"href":"https:\/\/www.gestiriego.com\/en\/wp-json\/wp\/v2\/product_cat?post=250237"},{"taxonomy":"product_tag","embeddable":true,"href":"https:\/\/www.gestiriego.com\/en\/wp-json\/wp\/v2\/product_tag?post=250237"}],"curies":[{"name":"wp","href":"https:\/\/api.w.org\/{rel}","templated":true}]}}