{"id":242911,"date":"2022-10-24T08:10:14","date_gmt":"2022-10-24T08:10:14","guid":{"rendered":"https:\/\/enlacevisual.online\/?post_type=product&#038;p=242911"},"modified":"2023-04-24T09:22:20","modified_gmt":"2023-04-24T09:22:20","slug":"valvula-ramal-cinta-tubo-con-anilla","status":"publish","type":"product","link":"https:\/\/www.gestiriego.com\/fr\/valvula-ramal-cinta-tubo-con-anilla\/","title":{"rendered":"V\u00c1LVULA RAMAL CINTA-TUBO CON ANILLA"},"content":{"rendered":"<p style=\"text-align: center;\"><div class=\"ntb_table_wrapper ninja_table_builder_instance_0\"\n     id='ninja_table_builder_242912'\n     data-ninja_table_builder_instance=\"ninja_table_builder_instance_0\"\n     style=\"\n     max-height:600px;\n     max-width: 1160px;\">\n    <!----> <table id=\"ntb_table\" role=\"table\" class=\"table ninja_tables_builder_class_242912\" style=\"margin: 0px auto; table-layout: fixed; border-collapse: separate; border: 0px solid rgb(0, 0, 0); font-family: Arial; border-spacing: 0px 3px;\"><!----> <tbody class=\"tbody\"><tr id=\"tr_id_1224164\" class=\"desktop-view tr_class_1224164 \" style=\"background-color: rgb(252, 72, 30);\"><!----> <td id=\"td_id_09712766\" rowspan=\"1\" colspan=\"6\" class=\"td_class_09712766\" style=\"padding: 10px; max-width: 180px; min-width: 180px;\"><div id=\"td_id_09712766\"><div class=\"single-item other-item\"><div class=\"ntb-datas-wrapper\" style=\"margin: 0px;\"><span class=\"hover-item\" style=\"padding: 5px 0px; font-weight: bold; font-style: normal; text-decoration: none; font-size: 15px; display: block; text-align: center; color: rgb(255, 255, 255); opacity: 1; line-height: 1.2;\">V\u00c1LVULA RAMAL CINTA-TUBO CON ANILLA<\/span> <!----> <!----><\/div> <div class=\"ntb-elements-wrapper remove-elements\"><!----><\/div> <div class=\"icon-style remove-elements\" style=\"margin-left: 0px; margin-right: 0px; width: auto;\"><i class=\"el-icon-rank\"><\/i> <i class=\"el-icon-copy-document\"><\/i> <i class=\"el-icon-delete\"><\/i><\/div><\/div><\/div><\/td><td id=\"td_id_00121224\" rowspan=\"0\" colspan=\"0\" class=\"td_class_00121224\" style=\"padding: 10px; max-width: 180px; min-width: 180px; display: none;\"><div id=\"td_id_00121224\"><div class=\"single-item other-item\"><div class=\"ntb-datas-wrapper\" style=\"margin: 0px;\"><span class=\"hover-item\" style=\"padding: 0px; font-weight: normal; font-style: normal; text-decoration: none; font-size: 12px; display: block; text-align: center; color: rgb(0, 0, 1); opacity: 0.4; line-height: 1.2;\">Add New<\/span> <!----> <!----><\/div> <div class=\"ntb-elements-wrapper remove-elements\"><!----><\/div> <div class=\"icon-style remove-elements\" style=\"margin-left: 0px; margin-right: 0px; width: auto;\"><i class=\"el-icon-rank\"><\/i> <i class=\"el-icon-copy-document\"><\/i> <i class=\"el-icon-delete\"><\/i><\/div><\/div><\/div><\/td><td id=\"td_id_92661222\" rowspan=\"0\" colspan=\"0\" class=\"td_class_92661222\" style=\"padding: 10px; max-width: 150px; min-width: 150px; display: none;\"><div id=\"td_id_92661222\"><div class=\"single-item other-item\"><div class=\"ntb-datas-wrapper\" style=\"margin: 0px;\"><span class=\"hover-item\" style=\"padding: 0px; font-weight: normal; font-style: normal; text-decoration: none; font-size: 12px; display: block; text-align: center; color: rgb(0, 0, 1); opacity: 0.4; line-height: 1.2;\">Add New<\/span> <!----> <!----><\/div> <div class=\"ntb-elements-wrapper remove-elements\"><!----><\/div> <div class=\"icon-style remove-elements\" style=\"margin-left: 0px; margin-right: 0px; width: auto;\"><i class=\"el-icon-rank\"><\/i> <i class=\"el-icon-copy-document\"><\/i> <i class=\"el-icon-delete\"><\/i><\/div><\/div><\/div><\/td><td id=\"td_id_61992627\" rowspan=\"0\" colspan=\"0\" class=\"td_class_61992627\" style=\"padding: 10px; max-width: 180px; min-width: 180px; display: none;\"><div id=\"td_id_61992627\"><div class=\"single-item other-item\"><div class=\"ntb-datas-wrapper\" style=\"margin: 0px;\"><span class=\"hover-item\" style=\"padding: 0px; font-weight: normal; font-style: normal; text-decoration: none; font-size: 12px; display: block; text-align: center; color: rgb(0, 0, 1); opacity: 0.4; line-height: 1.2;\">Add New<\/span> <!----> <!----><\/div> <div class=\"ntb-elements-wrapper remove-elements\"><!----><\/div> <div class=\"icon-style remove-elements\" style=\"margin-left: 0px; margin-right: 0px; width: auto;\"><i class=\"el-icon-rank\"><\/i> <i class=\"el-icon-copy-document\"><\/i> <i class=\"el-icon-delete\"><\/i><\/div><\/div><\/div><\/td><td id=\"td_id_12191621\" rowspan=\"0\" colspan=\"0\" class=\"td_class_12191621\" style=\"padding: 10px; max-width: 180px; min-width: 180px; display: none;\"><div id=\"td_id_12191621\"><div class=\"single-item other-item\"><div class=\"ntb-datas-wrapper\" style=\"margin: 0px;\"><span class=\"hover-item\" style=\"padding: 0px; font-weight: normal; font-style: normal; text-decoration: none; font-size: 12px; display: block; text-align: center; color: rgb(0, 0, 1); opacity: 0.4; line-height: 1.2;\">Add New<\/span> <!----> <!----><\/div> <div class=\"ntb-elements-wrapper remove-elements\"><!----><\/div> <div class=\"icon-style remove-elements\" style=\"margin-left: 0px; margin-right: 0px; width: auto;\"><i class=\"el-icon-rank\"><\/i> <i class=\"el-icon-copy-document\"><\/i> <i class=\"el-icon-delete\"><\/i><\/div><\/div><\/div><\/td><td id=\"td_id_61397269\" rowspan=\"0\" colspan=\"0\" class=\"td_class_61397269\" style=\"padding: 10px; max-width: 180px; min-width: 180px; display: none;\"><div id=\"td_id_61397269\"><div class=\"single-item other-item\"><div class=\"ntb-datas-wrapper\" style=\"margin: 0px;\"><span class=\"hover-item\" style=\"padding: 0px; font-weight: normal; font-style: normal; text-decoration: none; font-size: 12px; display: block; text-align: center; color: rgb(0, 0, 1); opacity: 0.4; line-height: 1.2;\">Add New<\/span> <!----> <!----><\/div> <div class=\"ntb-elements-wrapper remove-elements\"><!----><\/div> <div class=\"icon-style remove-elements\" style=\"margin-left: 0px; margin-right: 0px; width: auto;\"><i class=\"el-icon-rank\"><\/i> <i class=\"el-icon-copy-document\"><\/i> <i class=\"el-icon-delete\"><\/i><\/div><\/div><\/div><\/td><\/tr><tr id=\"tr_id_3921746\" class=\"desktop-view tr_class_3921746 \" style=\"background-color: rgb(248, 201, 180);\"><!----> <td id=\"td_id_38889019\" rowspan=\"1\" colspan=\"1\" class=\"td_class_38889019\" style=\"padding: 10px; max-width: 180px; min-width: 180px;\"><div id=\"td_id_38889019\"><div class=\"single-item other-item\"><div class=\"ntb-datas-wrapper\" style=\"margin: 0px;\"><span class=\"hover-item\" style=\"padding: 0px; font-weight: normal; font-style: normal; text-decoration: none; font-size: 14px; display: block; text-align: center; color: rgb(255, 0, 0); opacity: 1; line-height: 1.2;\">MEDIDAS<\/span> <!----> <!----><\/div> <div class=\"ntb-elements-wrapper remove-elements\"><!----><\/div> <div class=\"icon-style remove-elements\" style=\"margin-left: 0px; margin-right: 0px; width: auto;\"><i class=\"el-icon-rank\"><\/i> <i class=\"el-icon-copy-document\"><\/i> <i class=\"el-icon-delete\"><\/i><\/div><\/div><\/div><\/td><td id=\"td_id_50226953\" rowspan=\"1\" colspan=\"2\" class=\"td_class_50226953\" style=\"padding: 10px; max-width: 180px; min-width: 180px;\"><div id=\"td_id_50226953\"><div class=\"single-item other-item\"><div class=\"ntb-datas-wrapper\" style=\"margin: 0px;\"><span class=\"hover-item\" style=\"padding: 0px; font-weight: normal; font-style: normal; text-decoration: none; font-size: 14px; display: block; text-align: center; color: rgb(255, 0, 0); opacity: 1; line-height: 1.2;\">CAJA<\/span> <!----> <!----><\/div> <div class=\"ntb-elements-wrapper remove-elements\"><!----><\/div> <div class=\"icon-style remove-elements\" style=\"margin-left: 0px; margin-right: 0px; width: auto;\"><i class=\"el-icon-rank\"><\/i> <i class=\"el-icon-copy-document\"><\/i> <i class=\"el-icon-delete\"><\/i><\/div><\/div><\/div><\/td><td id=\"td_id_18103169\" rowspan=\"0\" colspan=\"0\" class=\"td_class_18103169\" style=\"padding: 10px; max-width: 170px; min-width: 170px; display: none;\"><div id=\"td_id_18103169\"><div class=\"single-item other-item\"><div class=\"ntb-datas-wrapper\" style=\"margin: 0px;\"><span class=\"hover-item\" style=\"padding: 0px; font-weight: normal; font-style: normal; text-decoration: none; font-size: 14px; display: block; text-align: center; color: rgb(255, 0, 0); opacity: 1; line-height: 1.2;\">CAUDAL CIRCULANTE<\/span> <!----> <!----><\/div> <div class=\"ntb-elements-wrapper remove-elements\"><!----><\/div> <div class=\"icon-style remove-elements\" style=\"margin-left: 0px; margin-right: 0px; width: auto;\"><i class=\"el-icon-rank\"><\/i> <i class=\"el-icon-copy-document\"><\/i> <i class=\"el-icon-delete\"><\/i><\/div><\/div><\/div><\/td><td id=\"td_id_11923743\" rowspan=\"1\" colspan=\"1\" class=\"td_class_11923743\" style=\"padding: 10px; max-width: 180px; min-width: 180px;\"><div id=\"td_id_11923743\"><div class=\"single-item other-item\"><div class=\"ntb-datas-wrapper\" style=\"margin: 0px;\"><span class=\"hover-item\" style=\"padding: 0px; font-weight: normal; font-style: normal; text-decoration: none; font-size: 14px; display: block; text-align: center; color: rgb(255, 0, 0); opacity: 1; line-height: 1.2;\">UDS. CAJA<\/span> <!----> <!----><\/div> <div class=\"ntb-elements-wrapper remove-elements\"><!----><\/div> <div class=\"icon-style remove-elements\" style=\"margin-left: 0px; margin-right: 0px; width: auto;\"><i class=\"el-icon-rank\"><\/i> <i class=\"el-icon-copy-document\"><\/i> <i class=\"el-icon-delete\"><\/i><\/div><\/div><\/div><\/td><td id=\"td_id_17798536\" rowspan=\"1\" colspan=\"1\" class=\"td_class_17798536\" style=\"padding: 10px; max-width: 180px; min-width: 180px;\"><div id=\"td_id_17798536\"><div class=\"single-item other-item\"><div class=\"ntb-datas-wrapper\" style=\"margin: 0px;\"><span class=\"hover-item\" style=\"padding: 0px; font-weight: normal; font-style: normal; text-decoration: none; font-size: 14px; display: block; text-align: center; color: rgb(255, 0, 0); opacity: 1; line-height: 1.2;\">UDS. BOLSA<\/span> <!----> <!----><\/div> <div class=\"ntb-elements-wrapper remove-elements\"><!----><\/div> <div class=\"icon-style remove-elements\" style=\"margin-left: 0px; margin-right: 0px; width: auto;\"><i class=\"el-icon-rank\"><\/i> <i class=\"el-icon-copy-document\"><\/i> <i class=\"el-icon-delete\"><\/i><\/div><\/div><\/div><\/td><td id=\"td_id_17978086\" rowspan=\"1\" colspan=\"1\" class=\"td_class_17978086\" style=\"padding: 10px; max-width: 180px; min-width: 180px;\"><div id=\"td_id_17978086\"><div class=\"single-item other-item\"><div class=\"ntb-datas-wrapper\" style=\"margin: 0px;\"><span class=\"hover-item\" style=\"padding: 0px; font-weight: normal; font-style: normal; text-decoration: none; font-size: 14px; display: block; text-align: center; color: rgb(255, 0, 0); opacity: 1; line-height: 1.2;\">C\u00d3DIGO<\/span> <!----> <!----><\/div> <div class=\"ntb-elements-wrapper remove-elements\"><!----><\/div> <div class=\"icon-style remove-elements\" style=\"margin-left: 0px; margin-right: 0px; width: auto;\"><i class=\"el-icon-rank\"><\/i> <i class=\"el-icon-copy-document\"><\/i> <i class=\"el-icon-delete\"><\/i><\/div><\/div><\/div><\/td><\/tr><tr id=\"tr_id_2849256\" class=\"desktop-view tr_class_2849256 \" style=\"background-color: rgb(166, 165, 165);\"><!----> <td id=\"td_id_50544400\" rowspan=\"1\" colspan=\"1\" class=\"td_class_50544400\" style=\"padding: 10px; max-width: 180px; min-width: 180px;\"><div id=\"td_id_50544400\"><div class=\"single-item other-item\"><div class=\"ntb-datas-wrapper\" style=\"margin: 0px;\"><span class=\"hover-item\" style=\"padding: 0px; font-weight: normal; font-style: normal; text-decoration: none; font-size: 14px; display: block; text-align: center; color: rgb(255, 255, 255); opacity: 1; line-height: 1.2;\">mm<\/span> <!----> <!----><\/div> <div class=\"ntb-elements-wrapper remove-elements\"><!----><\/div> <div class=\"icon-style remove-elements\" style=\"margin-left: 0px; margin-right: 0px; width: auto;\"><i class=\"el-icon-rank\"><\/i> <i class=\"el-icon-copy-document\"><\/i> <i class=\"el-icon-delete\"><\/i><\/div><\/div><\/div><\/td><td id=\"td_id_64006357\" rowspan=\"1\" colspan=\"2\" class=\"td_class_64006357\" style=\"padding: 10px; max-width: 180px; min-width: 180px;\"><div id=\"td_id_64006357\"><\/div><\/td><td id=\"td_id_17640624\" rowspan=\"0\" colspan=\"0\" class=\"td_class_17640624\" style=\"padding: 10px; max-width: 170px; min-width: 170px; display: none;\"><div id=\"td_id_17640624\"><div class=\"single-item other-item\"><div class=\"ntb-datas-wrapper\" style=\"margin: 0px;\"><span class=\"hover-item\" style=\"padding: 0px; font-weight: normal; font-style: normal; text-decoration: none; font-size: 14px; display: block; text-align: center; color: rgb(255, 255, 255); opacity: 1; line-height: 1.2;\">(l\/h)<\/span> <!----> <!----><\/div> <div class=\"ntb-elements-wrapper remove-elements\"><!----><\/div> <div class=\"icon-style remove-elements\" style=\"margin-left: 0px; margin-right: 0px; width: auto;\"><i class=\"el-icon-rank\"><\/i> <i class=\"el-icon-copy-document\"><\/i> <i class=\"el-icon-delete\"><\/i><\/div><\/div><\/div><\/td><td id=\"td_id_85102598\" rowspan=\"1\" colspan=\"1\" class=\"td_class_85102598\" style=\"padding: 10px; max-width: 180px; min-width: 180px;\"><div id=\"td_id_85102598\"><\/div><\/td><td id=\"td_id_17099887\" rowspan=\"1\" colspan=\"1\" class=\"td_class_17099887\" style=\"padding: 10px; max-width: 180px; min-width: 180px;\"><div id=\"td_id_17099887\"><\/div><\/td><td id=\"td_id_38333640\" rowspan=\"1\" colspan=\"1\" class=\"td_class_38333640\" style=\"padding: 10px; max-width: 180px; min-width: 180px;\"><div id=\"td_id_38333640\"><\/div><\/td><\/tr><tr id=\"tr_id_1899394\" class=\"desktop-view tr_class_1899394 \" style=\"background-color: rgb(255, 255, 255);\"><!----> <td id=\"td_id_74290681\" rowspan=\"1\" colspan=\"1\" class=\"td_class_74290681\" style=\"padding: 10px; max-width: 180px; min-width: 180px;\"><div id=\"td_id_74290681\"><div class=\"single-item other-item\"><div class=\"ntb-datas-wrapper\" style=\"margin: 0px 0px 4px;\"><span class=\"hover-item\" style=\"padding: 0px; font-weight: normal; font-style: normal; text-decoration: none; font-size: 13px; display: block; text-align: center; color: rgb(0, 0, 1); opacity: 1; line-height: 1.2;\">16<\/span> <!----> <!----><\/div> <div class=\"ntb-elements-wrapper remove-elements\"><!----><\/div> <div class=\"icon-style remove-elements\" style=\"margin-left: 0px; margin-right: 0px; width: auto;\"><i class=\"el-icon-rank\"><\/i> <i class=\"el-icon-copy-document\"><\/i> <i class=\"el-icon-delete\"><\/i><\/div><\/div><\/div><\/td><td id=\"td_id_11608262\" rowspan=\"1\" colspan=\"2\" class=\"td_class_11608262\" style=\"padding: 10px; max-width: 180px; min-width: 180px;\"><div id=\"td_id_11608262\"><div class=\"single-item other-item\"><div class=\"ntb-datas-wrapper\" style=\"margin: 0px 0px 4px;\"><span class=\"hover-item\" style=\"padding: 0px; font-weight: normal; font-style: normal; text-decoration: none; font-size: 13px; display: block; text-align: center; color: rgb(0, 0, 1); opacity: 1; line-height: 1.2;\">C4<\/span> <!----> <!----><\/div> <div class=\"ntb-elements-wrapper remove-elements\"><!----><\/div> <div class=\"icon-style remove-elements\" style=\"margin-left: 0px; margin-right: 0px; width: auto;\"><i class=\"el-icon-rank\"><\/i> <i class=\"el-icon-copy-document\"><\/i> <i class=\"el-icon-delete\"><\/i><\/div><\/div><\/div><\/td><td id=\"td_id_84256286\" rowspan=\"0\" colspan=\"0\" class=\"td_class_84256286\" style=\"padding: 10px; max-width: 170px; min-width: 170px; display: none;\"><div id=\"td_id_84256286\"><div class=\"single-item other-item\"><div class=\"ntb-datas-wrapper\" style=\"margin: 0px 0px 4px;\"><span class=\"hover-item\" style=\"padding: 0px; font-weight: normal; font-style: normal; text-decoration: none; font-size: 13px; display: block; text-align: center; color: rgb(0, 0, 1); opacity: 1; line-height: 1.2;\">380<\/span> <!----> <!----><\/div> <div class=\"ntb-elements-wrapper remove-elements\"><!----><\/div> <div class=\"icon-style remove-elements\" style=\"margin-left: 0px; margin-right: 0px; width: auto;\"><i class=\"el-icon-rank\"><\/i> <i class=\"el-icon-copy-document\"><\/i> <i class=\"el-icon-delete\"><\/i><\/div><\/div><\/div><\/td><td id=\"td_id_70061404\" rowspan=\"1\" colspan=\"1\" class=\"td_class_70061404\" style=\"padding: 10px; max-width: 180px; min-width: 180px;\"><div id=\"td_id_70061404\"><div class=\"single-item other-item\"><div class=\"ntb-datas-wrapper\" style=\"margin: 0px 0px 4px;\"><span class=\"hover-item\" style=\"padding: 0px; font-weight: normal; font-style: normal; text-decoration: none; font-size: 13px; display: block; text-align: center; color: rgb(0, 0, 1); opacity: 1; line-height: 1.2;\">300<\/span> <!----> <!----><\/div> <div class=\"ntb-elements-wrapper remove-elements\"><!----><\/div> <div class=\"icon-style remove-elements\" style=\"margin-left: 0px; margin-right: 0px; width: auto;\"><i class=\"el-icon-rank\"><\/i> <i class=\"el-icon-copy-document\"><\/i> <i class=\"el-icon-delete\"><\/i><\/div><\/div><\/div><\/td><td id=\"td_id_84063641\" rowspan=\"1\" colspan=\"1\" class=\"td_class_84063641\" style=\"padding: 10px; max-width: 180px; min-width: 180px;\"><div id=\"td_id_84063641\"><div class=\"single-item other-item\"><div class=\"ntb-datas-wrapper\" style=\"margin: 0px 0px 4px;\"><span class=\"hover-item\" style=\"padding: 0px; font-weight: normal; font-style: normal; text-decoration: none; font-size: 13px; display: block; text-align: center; color: rgb(0, 0, 1); opacity: 1; line-height: 1.2;\">25<\/span> <!----> <!----><\/div> <div class=\"ntb-elements-wrapper remove-elements\"><!----><\/div> <div class=\"icon-style remove-elements\" style=\"margin-left: 0px; margin-right: 0px; width: auto;\"><i class=\"el-icon-rank\"><\/i> <i class=\"el-icon-copy-document\"><\/i> <i class=\"el-icon-delete\"><\/i><\/div><\/div><\/div><\/td><td id=\"td_id_99133976\" rowspan=\"1\" colspan=\"1\" class=\"td_class_99133976\" style=\"padding: 10px; max-width: 180px; min-width: 180px;\"><div id=\"td_id_99133976\"><div class=\"single-item other-item\"><div class=\"ntb-datas-wrapper\" style=\"margin: 0px 0px 4px;\"><span class=\"hover-item\" style=\"padding: 0px; font-weight: normal; font-style: normal; text-decoration: none; font-size: 13px; display: block; text-align: center; color: rgb(0, 0, 1); opacity: 1; line-height: 1.2;\">459535<\/span> <!----> <!----><\/div> <div class=\"ntb-elements-wrapper remove-elements\"><!----><\/div> <div class=\"icon-style remove-elements\" style=\"margin-left: 0px; margin-right: 0px; width: auto;\"><i class=\"el-icon-rank\"><\/i> <i class=\"el-icon-copy-document\"><\/i> <i class=\"el-icon-delete\"><\/i><\/div><\/div><\/div><\/td><\/tr><\/tbody><\/table><\/div>\n<\/p>\n","protected":false},"excerpt":{"rendered":"<h2><span style=\"font-size: medium;\"><strong>ACCESORIOS RIEGO POR GOTEO FITAPE<\/strong><\/span><\/h2>\n<p>FITAPE<br \/>\nLa conexi\u00f3n perfecta para tu cinta de riego.<\/p>\n<p>Las conexiones y accesorios de microirrigacion GESTIRIEGO est\u00e1n fabricados en pl\u00e1sticos t\u00e9cnicos de altas prestaciones que garantizan su correcto funcionamiento y durabilidad en las condiciones de trabajo de las instalaciones m\u00e1s exigentes. \u221a Pl\u00e1sticos t\u00e9cnicos de altas prestaciones \u221a Tecnolog\u00eda pensada para la seguridad \u221a Gran variedad de modelos \u221a Soluciones para todas las necesidades.<\/p>\n<p>ACCESORIO PARA CINTA DE RIEGO CON GOTERO DE PASTILLA<\/p>\n<p>Este tipo de accesorios est\u00e1n recomendados para Cindrip 6-8 mil.<\/p>\n<p><a class=\"btn-black\" href=\"https:\/\/www.gestiriego.com\/fichas-tecnicas\/9-accesorios-riego-por-goteo\/4-ficha_fitape.pdf\"_blank\" rel=\"noopener\">Ficha T\u00e9cnica<\/a><\/p>\n","protected":false},"featured_media":246240,"comment_status":"open","ping_status":"closed","template":"","meta":{"_et_pb_use_builder":"","_et_pb_old_content":"","_et_gb_content_width":""},"product_brand":[],"product_cat":[112,163],"product_tag":[],"class_list":{"0":"post-242911","1":"product","2":"type-product","3":"status-publish","4":"has-post-thumbnail","6":"product_cat-accesorios-riego-por-goteo","7":"product_cat-fitape-accesorios-de-cinta-de-riego","9":"first","10":"instock","11":"shipping-taxable","12":"product-type-simple"},"_links":{"self":[{"href":"https:\/\/www.gestiriego.com\/fr\/wp-json\/wp\/v2\/product\/242911","targetHints":{"allow":["GET"]}}],"collection":[{"href":"https:\/\/www.gestiriego.com\/fr\/wp-json\/wp\/v2\/product"}],"about":[{"href":"https:\/\/www.gestiriego.com\/fr\/wp-json\/wp\/v2\/types\/product"}],"replies":[{"embeddable":true,"href":"https:\/\/www.gestiriego.com\/fr\/wp-json\/wp\/v2\/comments?post=242911"}],"wp:featuredmedia":[{"embeddable":true,"href":"https:\/\/www.gestiriego.com\/fr\/wp-json\/wp\/v2\/media\/246240"}],"wp:attachment":[{"href":"https:\/\/www.gestiriego.com\/fr\/wp-json\/wp\/v2\/media?parent=242911"}],"wp:term":[{"taxonomy":"product_brand","embeddable":true,"href":"https:\/\/www.gestiriego.com\/fr\/wp-json\/wp\/v2\/product_brand?post=242911"},{"taxonomy":"product_cat","embeddable":true,"href":"https:\/\/www.gestiriego.com\/fr\/wp-json\/wp\/v2\/product_cat?post=242911"},{"taxonomy":"product_tag","embeddable":true,"href":"https:\/\/www.gestiriego.com\/fr\/wp-json\/wp\/v2\/product_tag?post=242911"}],"curies":[{"name":"wp","href":"https:\/\/api.w.org\/{rel}","templated":true}]}}