{"id":249916,"date":"2022-10-25T04:49:08","date_gmt":"2022-10-25T04:49:08","guid":{"rendered":"https:\/\/www.gestiriego.com\/cherry\/"},"modified":"2024-04-10T16:17:10","modified_gmt":"2024-04-10T16:17:10","slug":"cherry","status":"publish","type":"product","link":"https:\/\/www.gestiriego.com\/fr\/cherry\/","title":{"rendered":"CHERRY"},"content":{"rendered":"<p style=\"text-align: center;\"><div class=\"ntb_table_wrapper ninja_table_builder_instance_0\"\n     id='ninja_table_builder_250024'\n     data-ninja_table_builder_instance=\"ninja_table_builder_instance_0\"\n     style=\"\n     max-height:600px;\n     max-width: 1160px;\">\n     <table id=\"ntb_table\" role=\"table\" class=\"table ninja_tables_builder_class_250024 ntb_250024\" style=\"margin: 0px auto; table-layout: fixed; border-collapse: separate; border: 0px solid rgb(0, 0, 0); font-family: Arial; border-spacing: 0px 3px;\"> <tbody class=\"tbody\"><tr id=\"tr_id_1224164\" class=\"desktop-view tr_class_1224164 \" style=\"background: rgb(252, 72, 30);\"> <td id=\"td_id_09712766\" rowspan=\"1\" colspan=\"6\" class=\"td_class_09712766 table-data\" style=\"padding: 10px; max-width: 180px; min-width: 180px;\"><div id=\"td_id_09712766\"><div class=\"single-item other-item\"><div class=\"ntb-datas-wrapper\" style=\"margin: 0px;\"><span class=\"hover-item\" style=\"padding: 5px 0px; font-weight: bold; font-style: normal; text-decoration: none; font-size: 15px; display: block; text-align: center; color: rgb(255, 255, 255); opacity: 1; line-height: 1.2;\">CHERRY<\/span>  <\/div> <\/div><\/div><\/td><td id=\"td_id_00121224\" rowspan=\"0\" colspan=\"0\" class=\"td_class_00121224 table-data\" style=\"padding: 10px; max-width: 180px; min-width: 180px; display: none;\"><div id=\"td_id_00121224\"><div class=\"single-item other-item\"><div class=\"ntb-datas-wrapper\" style=\"margin: 0px;\"><span class=\"hover-item\" style=\"padding: 0px; font-weight: normal; font-style: normal; text-decoration: none; font-size: 12px; display: block; text-align: center; color: rgb(0, 0, 1); opacity: 0.4; line-height: 1.2;\">Add New<\/span>  <\/div> <\/div><\/div><\/td><td id=\"td_id_92661222\" rowspan=\"0\" colspan=\"0\" class=\"td_class_92661222 table-data\" style=\"padding: 10px; max-width: 150px; min-width: 150px; display: none;\"><div id=\"td_id_92661222\"><div class=\"single-item other-item\"><div class=\"ntb-datas-wrapper\" style=\"margin: 0px;\"><span class=\"hover-item\" style=\"padding: 0px; font-weight: normal; font-style: normal; text-decoration: none; font-size: 12px; display: block; text-align: center; color: rgb(0, 0, 1); opacity: 0.4; line-height: 1.2;\">Add New<\/span>  <\/div> <\/div><\/div><\/td><td id=\"td_id_61992627\" rowspan=\"0\" colspan=\"0\" class=\"td_class_61992627 table-data\" style=\"padding: 10px; max-width: 180px; min-width: 180px; display: none;\"><div id=\"td_id_61992627\"><div class=\"single-item other-item\"><div class=\"ntb-datas-wrapper\" style=\"margin: 0px;\"><span class=\"hover-item\" style=\"padding: 0px; font-weight: normal; font-style: normal; text-decoration: none; font-size: 12px; display: block; text-align: center; color: rgb(0, 0, 1); opacity: 0.4; line-height: 1.2;\">Add New<\/span>  <\/div> <\/div><\/div><\/td><td id=\"td_id_12191621\" rowspan=\"0\" colspan=\"0\" class=\"td_class_12191621 table-data\" style=\"padding: 10px; max-width: 180px; min-width: 180px; display: none;\"><div id=\"td_id_12191621\"><div class=\"single-item other-item\"><div class=\"ntb-datas-wrapper\" style=\"margin: 0px;\"><span class=\"hover-item\" style=\"padding: 0px; font-weight: normal; font-style: normal; text-decoration: none; font-size: 12px; display: block; text-align: center; color: rgb(0, 0, 1); opacity: 0.4; line-height: 1.2;\">Add New<\/span>  <\/div> <\/div><\/div><\/td><td id=\"td_id_61397269\" rowspan=\"0\" colspan=\"0\" class=\"td_class_61397269 table-data\" style=\"padding: 10px; max-width: 180px; min-width: 180px; display: none;\"><div id=\"td_id_61397269\"><div class=\"single-item other-item\"><div class=\"ntb-datas-wrapper\" style=\"margin: 0px;\"><span class=\"hover-item\" style=\"padding: 0px; font-weight: normal; font-style: normal; text-decoration: none; font-size: 12px; display: block; text-align: center; color: rgb(0, 0, 1); opacity: 0.4; line-height: 1.2;\">Add New<\/span>  <\/div> <\/div><\/div><\/td><\/tr><tr id=\"tr_id_3921746\" class=\"desktop-view tr_class_3921746 \" style=\"background: rgb(248, 201, 180);\"> <td id=\"td_id_38889019\" rowspan=\"1\" colspan=\"1\" class=\"td_class_38889019 table-data\" style=\"padding: 10px; max-width: 180px; min-width: 180px;\"><div id=\"td_id_38889019\"><div class=\"single-item other-item\"><div class=\"ntb-datas-wrapper\" style=\"margin: 0px;\"><span class=\"hover-item\" style=\"padding: 0px; font-weight: normal; font-style: normal; text-decoration: none; font-size: 14px; display: block; text-align: center; color: rgb(255, 0, 0); opacity: 1; line-height: 1.2;\">D\u00c9BIT<\/span>  <\/div> <\/div><\/div><\/td><td id=\"td_id_50226953\" rowspan=\"1\" colspan=\"2\" class=\"td_class_50226953 table-data\" style=\"padding: 10px; max-width: 180px; min-width: 180px;\"><div id=\"td_id_50226953\"><div class=\"single-item other-item\"><div class=\"ntb-datas-wrapper\" style=\"margin: 0px;\"><span class=\"hover-item\" style=\"padding: 0px; font-weight: normal; font-style: normal; text-decoration: none; font-size: 14px; display: block; text-align: center; color: rgb(255, 0, 0); opacity: 1; line-height: 1.2;\">BO\u00ceTE<\/span>  <\/div> <\/div><\/div><\/td><td id=\"td_id_18103169\" rowspan=\"0\" colspan=\"0\" class=\"td_class_18103169 table-data\" style=\"padding: 10px; max-width: 170px; min-width: 170px; display: none;\"><div id=\"td_id_18103169\"><div class=\"single-item other-item\"><div class=\"ntb-datas-wrapper\" style=\"margin: 0px;\"><span class=\"hover-item\" style=\"padding: 0px; font-weight: normal; font-style: normal; text-decoration: none; font-size: 14px; display: block; text-align: center; color: rgb(255, 0, 0); opacity: 1; line-height: 1.2;\">CAUDAL CIRCULANTE<\/span>  <\/div> <\/div><\/div><\/td><td id=\"td_id_11923743\" rowspan=\"1\" colspan=\"1\" class=\"td_class_11923743 table-data\" style=\"padding: 10px; max-width: 180px; min-width: 180px;\"><div id=\"td_id_11923743\"><div class=\"single-item other-item\"><div class=\"ntb-datas-wrapper\" style=\"margin: 0px;\"><span class=\"hover-item\" style=\"padding: 0px; font-weight: normal; font-style: normal; text-decoration: none; font-size: 14px; display: block; text-align: center; color: rgb(255, 0, 0); opacity: 1; line-height: 1.2;\">U. PAR BO\u00ceTE<\/span>  <\/div> <\/div><\/div><\/td><td id=\"td_id_17798536\" rowspan=\"1\" colspan=\"1\" class=\"td_class_17798536 table-data\" style=\"padding: 10px; max-width: 180px; min-width: 180px;\"><div id=\"td_id_17798536\"><div class=\"single-item other-item\"><div class=\"ntb-datas-wrapper\" style=\"margin: 0px;\"><span class=\"hover-item\" style=\"padding: 0px; font-weight: normal; font-style: normal; text-decoration: none; font-size: 14px; display: block; text-align: center; color: rgb(255, 0, 0); opacity: 1; line-height: 1.2;\">U. PAR SAC<\/span>  <\/div> <\/div><\/div><\/td><td id=\"td_id_17978086\" rowspan=\"1\" colspan=\"1\" class=\"td_class_17978086 table-data\" style=\"padding: 10px; max-width: 180px; min-width: 180px;\"><div id=\"td_id_17978086\"><div class=\"single-item other-item\"><div class=\"ntb-datas-wrapper\" style=\"margin: 0px;\"><span class=\"hover-item\" style=\"padding: 0px; font-weight: normal; font-style: normal; text-decoration: none; font-size: 14px; display: block; text-align: center; color: rgb(255, 0, 0); opacity: 1; line-height: 1.2;\">CODE<\/span>  <\/div> <\/div><\/div><\/td><\/tr><tr id=\"tr_id_2849256\" class=\"desktop-view tr_class_2849256 \" style=\"background: rgb(166, 165, 165);\"> <td id=\"td_id_50544400\" rowspan=\"1\" colspan=\"1\" class=\"td_class_50544400 table-data\" style=\"padding: 10px; max-width: 180px; min-width: 180px;\"><div id=\"td_id_50544400\"><div class=\"single-item other-item\"><div class=\"ntb-datas-wrapper\" style=\"margin: 0px;\"><span class=\"hover-item\" style=\"padding: 0px; font-weight: normal; font-style: normal; text-decoration: none; font-size: 14px; display: block; text-align: center; color: rgb(255, 255, 255); opacity: 1; line-height: 1.2;\">(l\/h)<\/span>  <\/div> <\/div><\/div><\/td><td id=\"td_id_64006357\" rowspan=\"1\" colspan=\"2\" class=\"td_class_64006357 table-data\" style=\"padding: 10px; max-width: 180px; min-width: 180px;\"><div id=\"td_id_64006357\"><\/div><\/td><td id=\"td_id_17640624\" rowspan=\"0\" colspan=\"0\" class=\"td_class_17640624 table-data\" style=\"padding: 10px; max-width: 170px; min-width: 170px; display: none;\"><div id=\"td_id_17640624\"><div class=\"single-item other-item\"><div class=\"ntb-datas-wrapper\" style=\"margin: 0px;\"><span class=\"hover-item\" style=\"padding: 0px; font-weight: normal; font-style: normal; text-decoration: none; font-size: 14px; display: block; text-align: center; color: rgb(255, 255, 255); opacity: 1; line-height: 1.2;\">(l\/h)<\/span>  <\/div> <\/div><\/div><\/td><td id=\"td_id_85102598\" rowspan=\"1\" colspan=\"1\" class=\"td_class_85102598 table-data\" style=\"padding: 10px; max-width: 180px; min-width: 180px;\"><div id=\"td_id_85102598\"><\/div><\/td><td id=\"td_id_17099887\" rowspan=\"1\" colspan=\"1\" class=\"td_class_17099887 table-data\" style=\"padding: 10px; max-width: 180px; min-width: 180px;\"><div id=\"td_id_17099887\"><\/div><\/td><td id=\"td_id_38333640\" rowspan=\"1\" colspan=\"1\" class=\"td_class_38333640 table-data\" style=\"padding: 10px; max-width: 180px; min-width: 180px;\"><div id=\"td_id_38333640\"><\/div><\/td><\/tr><tr id=\"tr_id_1444466\" class=\"desktop-view tr_class_1444466 \" style=\"background: rgb(255, 255, 255);\"> <td id=\"td_id_76471646\" rowspan=\"1\" colspan=\"1\" class=\"td_class_76471646 table-data\" style=\"padding: 10px; max-width: 180px; min-width: 180px;\"><div id=\"td_id_76471646\"><div class=\"single-item other-item\"><div class=\"ntb-datas-wrapper\" style=\"margin: 0px 0px 4px;\"><span class=\"hover-item\" style=\"padding: 0px; font-weight: normal; font-style: normal; text-decoration: none; font-size: 13px; display: block; text-align: center; color: rgb(0, 0, 1); opacity: 1; line-height: 1.2;\">0-60<\/span>  <\/div> <\/div><\/div><\/td><td id=\"td_id_44666667\" rowspan=\"1\" colspan=\"2\" class=\"td_class_44666667 table-data\" style=\"padding: 10px; max-width: 180px; min-width: 180px;\"><div id=\"td_id_44666667\"><div class=\"single-item other-item\"><div class=\"ntb-datas-wrapper\" style=\"margin: 0px 0px 4px;\"><span class=\"hover-item\" style=\"padding: 0px; font-weight: normal; font-style: normal; text-decoration: none; font-size: 13px; display: block; text-align: center; color: rgb(0, 0, 1); opacity: 1; line-height: 1.2;\">C6<\/span>  <\/div> <\/div><\/div><\/td><td id=\"td_id_07446440\" rowspan=\"0\" colspan=\"0\" class=\"td_class_07446440 table-data\" style=\"padding: 10px; max-width: 170px; min-width: 170px; display: none;\"><div id=\"td_id_07446440\"><div class=\"single-item other-item\"><div class=\"ntb-datas-wrapper\" style=\"margin: 0px 0px 4px;\"><span class=\"hover-item\" style=\"padding: 0px; font-weight: normal; font-style: normal; text-decoration: none; font-size: 13px; display: block; text-align: center; color: rgb(0, 0, 1); opacity: 1; line-height: 1.2;\">380<\/span>  <\/div> <\/div><\/div><\/td><td id=\"td_id_44667346\" rowspan=\"1\" colspan=\"1\" class=\"td_class_44667346 table-data\" style=\"padding: 10px; max-width: 180px; min-width: 180px;\"><div id=\"td_id_44667346\"><div class=\"single-item other-item\"><div class=\"ntb-datas-wrapper\" style=\"margin: 0px 0px 4px;\"><span class=\"hover-item\" style=\"padding: 0px; font-weight: normal; font-style: normal; text-decoration: none; font-size: 13px; display: block; text-align: center; color: rgb(0, 0, 1); opacity: 1; line-height: 1.2;\">5000<\/span>  <\/div> <\/div><\/div><\/td><td id=\"td_id_66663663\" rowspan=\"1\" colspan=\"1\" class=\"td_class_66663663 table-data\" style=\"padding: 10px; max-width: 180px; min-width: 180px;\"><div id=\"td_id_66663663\"><div class=\"single-item other-item\"><div class=\"ntb-datas-wrapper\" style=\"margin: 0px 0px 4px;\"><span class=\"hover-item\" style=\"padding: 0px; font-weight: normal; font-style: normal; text-decoration: none; font-size: 13px; display: block; text-align: center; color: rgb(0, 0, 1); opacity: 1; line-height: 1.2;\">100<\/span>  <\/div> <\/div><\/div><\/td><td id=\"td_id_76376643\" rowspan=\"1\" colspan=\"1\" class=\"td_class_76376643 table-data\" style=\"padding: 10px; max-width: 180px; min-width: 180px;\"><div id=\"td_id_76376643\"><div class=\"single-item other-item\"><div class=\"ntb-datas-wrapper\" style=\"margin: 0px 0px 4px;\"><span class=\"hover-item\" style=\"padding: 0px; font-weight: normal; font-style: normal; text-decoration: none; font-size: 13px; display: block; text-align: center; color: rgb(0, 0, 1); opacity: 1; line-height: 1.2;\">454808<\/span>  <\/div> <\/div><\/div><\/td><\/tr><\/tbody><\/table><\/div>\n<\/p>\n<div class='et-learn-more et-open clearfix'>\n\t\t\t\t\t<h3 class='heading-more open'>CARACT\u00c9RISTIQUES GOUTTEUR CHERRY<span class='et_learnmore_arrow'><span><\/span><\/span><\/h3>\n\t\t\t\t\t<div class='learn-more-content'>\u2022Parfait pour le jardin<\/p>\n<p>\u2022Peut \u00eatre d\u00e9mont\u00e9 pour nettoyer confortablement, sa r\u00e9gulation \u00e9tant progressive<\/p>\n<p>\u2022Il a un clic sonore pour contr\u00f4ler le d\u00e9bit<\/p>\n<p>\u2022Goutteur parfait pour les plantes ayant des besoins en eau variables et avec un d\u00e9bit r\u00e9glable de 0 \u00e0 60 litres par heure<\/p>\n<p>\u2022La r\u00e9gulation par pression de la t\u00eate permet de r\u00e9gler le d\u00e9bit d&rsquo;\u00e9gouttement et le diam\u00e8tre de l&rsquo;arrosage.<\/div>\n\t\t\t\t<\/div>\n<div class='et-learn-more clearfix'>\n\t\t\t\t\t<h3 class='heading-more'>SP\u00c9CIFICATIONS GOUTTEUR CHERRY<span class='et_learnmore_arrow'><span><\/span><\/span><\/h3>\n\t\t\t\t\t<div class='learn-more-content'>Disponible en arc \u00e0 360\u00b0 (8 jets), avec connexion de 4,5 mm en broche (possibilit\u00e9 d&rsquo;agrandissement).<\/div>\n\t\t\t\t<\/div>\n<div class='et-learn-more clearfix'>\n\t\t\t\t\t<h3 class='heading-more'>APPLICATIONS GOUTTEUR CHERRY<span class='et_learnmore_arrow'><span><\/span><\/span><\/h3>\n\t\t\t\t\t<div class='learn-more-content'>\u2022Jardinage urbain<\/p>\n<p>\u2022Arrosage r\u00e9sidentiel<\/div>\n\t\t\t\t<\/div>\n","protected":false},"excerpt":{"rendered":"<h2><span style=\"font-size: medium;\"><strong>GOUTTEURS EN LIGNE CHERRY<br \/>\n<\/strong><\/span><\/h2>\n<p>Goutteur r\u00e9glable de 0 \u00e0 60 litres<\/p>\n<p>Le goutteur en ligne, con\u00e7u par Gestiriego, sp\u00e9cialement pour une utilisation dans le jardinage, turbulent et \u00e0 d\u00e9bit r\u00e9glable.<\/p>\n<p>\u2022 Peut \u00eatre d\u00e9mont\u00e9 pour faciliter le nettoyage, sa r\u00e9gulation \u00e9tant progressive.<\/p>\n<p>\u2022 Goutteur pour plantes ayant des besoins en eau variables et avec un d\u00e9bit r\u00e9glable de 0 \u00e0 60 litres par heure.<\/p>\n<p>\u2022 La r\u00e9gulation par pression de la t\u00eate permet de r\u00e9guler le d\u00e9bit d&rsquo;\u00e9gouttement et le diam\u00e8tre de l&rsquo;arrosage.<\/p>\n<p>\u2022 Fabriqu\u00e9 avec un mat\u00e9riau r\u00e9sistant aux produits agrochimiques et aux effets des rayons UV.<\/p>\n<p>&nbsp;<\/p>\n<p><a class=\"btn-black\" href=\"https:\/\/www.gestiriego.com\/fichas-tecnicas\/11-goteros-pinchados\/1-ficha_cherry.pdf\" rel=\"noopener\">Fiche technique<\/a><\/p>\n","protected":false},"featured_media":249917,"comment_status":"open","ping_status":"closed","template":"","meta":{"_et_pb_use_builder":"","_et_pb_old_content":"","_et_gb_content_width":""},"product_brand":[],"product_cat":[316,299,315,309],"product_tag":[306],"class_list":{"0":"post-249916","1":"product","2":"type-product","3":"status-publish","4":"has-post-thumbnail","6":"product_cat-accessoires-dhydroponie","7":"product_cat-accessoires-dirrigation-goutte-a-goutte","8":"product_cat-goutteurs-en-ligne","9":"product_cat-hydroponie","10":"product_tag-produit-en-francais","12":"first","13":"instock","14":"shipping-taxable","15":"product-type-simple"},"_links":{"self":[{"href":"https:\/\/www.gestiriego.com\/fr\/wp-json\/wp\/v2\/product\/249916","targetHints":{"allow":["GET"]}}],"collection":[{"href":"https:\/\/www.gestiriego.com\/fr\/wp-json\/wp\/v2\/product"}],"about":[{"href":"https:\/\/www.gestiriego.com\/fr\/wp-json\/wp\/v2\/types\/product"}],"replies":[{"embeddable":true,"href":"https:\/\/www.gestiriego.com\/fr\/wp-json\/wp\/v2\/comments?post=249916"}],"wp:featuredmedia":[{"embeddable":true,"href":"https:\/\/www.gestiriego.com\/fr\/wp-json\/wp\/v2\/media\/249917"}],"wp:attachment":[{"href":"https:\/\/www.gestiriego.com\/fr\/wp-json\/wp\/v2\/media?parent=249916"}],"wp:term":[{"taxonomy":"product_brand","embeddable":true,"href":"https:\/\/www.gestiriego.com\/fr\/wp-json\/wp\/v2\/product_brand?post=249916"},{"taxonomy":"product_cat","embeddable":true,"href":"https:\/\/www.gestiriego.com\/fr\/wp-json\/wp\/v2\/product_cat?post=249916"},{"taxonomy":"product_tag","embeddable":true,"href":"https:\/\/www.gestiriego.com\/fr\/wp-json\/wp\/v2\/product_tag?post=249916"}],"curies":[{"name":"wp","href":"https:\/\/api.w.org\/{rel}","templated":true}]}}