{"id":249920,"date":"2022-10-04T09:08:50","date_gmt":"2022-10-04T09:08:50","guid":{"rendered":"https:\/\/www.gestiriego.com\/bombas-motor-piston-12-v\/"},"modified":"2024-04-21T10:05:13","modified_gmt":"2024-04-21T10:05:13","slug":"bombas-motor-piston-12-v","status":"publish","type":"product","link":"https:\/\/www.gestiriego.com\/fr\/bombas-motor-piston-12-v\/","title":{"rendered":"POMPE MOTEUR PISTON 12 V."},"content":{"rendered":"<p style=\"text-align: center;\"><div class=\"ntb_table_wrapper ninja_table_builder_instance_0\"\n     id='ninja_table_builder_252783'\n     data-ninja_table_builder_instance=\"ninja_table_builder_instance_0\"\n     style=\"\n     max-height:600px;\n     max-width: 1160px;\">\n     <table id=\"ntb_table\" role=\"table\" class=\"table ninja_tables_builder_class_252783 ntb_252783\" style=\"margin: 0px auto; table-layout: fixed; border-collapse: separate; border: 0px solid rgb(0, 0, 0); font-family: Arial; border-spacing: 0px 3px;\"> <tbody class=\"tbody\"><tr id=\"tr_id_1224164\" class=\"desktop-view tr_class_1224164 \" style=\"background: rgb(252, 72, 30);\"> <td id=\"td_id_92661222\" rowspan=\"0\" colspan=\"0\" class=\"td_class_92661222 table-data\" style=\"padding: 10px; max-width: 200px; min-width: 200px; display: none;\"><div id=\"td_id_92661222\"><div class=\"single-item other-item\"><div class=\"ntb-datas-wrapper\" style=\"margin: 0px;\"><span class=\"hover-item\" style=\"padding: 0px; font-weight: normal; font-style: normal; text-decoration: none; font-size: 12px; display: block; text-align: center; color: rgb(0, 0, 1); opacity: 0.4; line-height: 1.2;\">Add New<\/span>  <\/div> <\/div><\/div><\/td><td id=\"td_id_61992627\" rowspan=\"0\" colspan=\"0\" class=\"td_class_61992627 table-data\" style=\"padding: 10px; max-width: 200px; min-width: 200px; display: none;\"><div id=\"td_id_61992627\"><div class=\"single-item other-item\"><div class=\"ntb-datas-wrapper\" style=\"margin: 0px;\"><span class=\"hover-item\" style=\"padding: 0px; font-weight: normal; font-style: normal; text-decoration: none; font-size: 12px; display: block; text-align: center; color: rgb(0, 0, 1); opacity: 0.4; line-height: 1.2;\">Add New<\/span>  <\/div> <\/div><\/div><\/td><td id=\"td_id_12191621\" rowspan=\"0\" colspan=\"0\" class=\"td_class_12191621 table-data\" style=\"padding: 10px; max-width: 200px; min-width: 200px; display: none;\"><div id=\"td_id_12191621\"><div class=\"single-item other-item\"><div class=\"ntb-datas-wrapper\" style=\"margin: 0px;\"><span class=\"hover-item\" style=\"padding: 0px; font-weight: normal; font-style: normal; text-decoration: none; font-size: 12px; display: block; text-align: center; color: rgb(0, 0, 1); opacity: 0.4; line-height: 1.2;\">Add New<\/span>  <\/div> <\/div><\/div><\/td><td id=\"td_id_61397269\" rowspan=\"0\" colspan=\"0\" class=\"td_class_61397269 table-data\" style=\"padding: 10px; max-width: 200px; min-width: 200px; display: none;\"><div id=\"td_id_61397269\"><div class=\"single-item other-item\"><div class=\"ntb-datas-wrapper\" style=\"margin: 0px;\"><span class=\"hover-item\" style=\"padding: 0px; font-weight: normal; font-style: normal; text-decoration: none; font-size: 12px; display: block; text-align: center; color: rgb(0, 0, 1); opacity: 0.4; line-height: 1.2;\">Add New<\/span>  <\/div> <\/div><\/div><\/td><\/tr><tr id=\"tr_id_6459688\" class=\"desktop-view tr_class_6459688 \" style=\"background: rgb(252, 72, 30);\"> <td id=\"td_id_68616683\" rowspan=\"1\" colspan=\"4\" class=\"td_class_68616683 table-data\" style=\"padding: 10px; max-width: 200px; min-width: 200px;\"><div id=\"td_id_68616683\"><div class=\"single-item other-item\"><div class=\"ntb-datas-wrapper\" style=\"margin: 0px;\"><span class=\"hover-item\" style=\"padding: 5px 0px; font-weight: bold; font-style: normal; text-decoration: none; font-size: 16px; display: block; text-align: center; color: rgb(255, 255, 255); opacity: 1; line-height: 1.2;\">POMPES MOTEUR \u00c0 PISTON 12 V<\/span>  <\/div> <\/div><\/div><\/td><td id=\"td_id_16466698\" rowspan=\"0\" colspan=\"0\" class=\"td_class_16466698 table-data\" style=\"padding: 10px; max-width: 200px; min-width: 200px; display: none;\"><div id=\"td_id_16466698\"><div class=\"single-item other-item\"><div class=\"ntb-datas-wrapper\" style=\"margin: 0px;\"><span class=\"hover-item\" style=\"padding: 0px; font-weight: normal; font-style: normal; text-decoration: none; font-size: 12px; display: block; text-align: center; color: rgb(0, 0, 1); opacity: 0.4; line-height: 1.2;\">Add New<\/span>  <\/div> <\/div><\/div><\/td><td id=\"td_id_64664491\" rowspan=\"0\" colspan=\"0\" class=\"td_class_64664491 table-data\" style=\"padding: 10px; max-width: 200px; min-width: 200px; display: none;\"><div id=\"td_id_64664491\"><div class=\"single-item other-item\"><div class=\"ntb-datas-wrapper\" style=\"margin: 0px;\"><span class=\"hover-item\" style=\"padding: 0px; font-weight: normal; font-style: normal; text-decoration: none; font-size: 12px; display: block; text-align: center; color: rgb(0, 0, 1); opacity: 0.4; line-height: 1.2;\">Add New<\/span>  <\/div> <\/div><\/div><\/td><td id=\"td_id_58114666\" rowspan=\"0\" colspan=\"0\" class=\"td_class_58114666 table-data\" style=\"padding: 10px; max-width: 200px; min-width: 200px; display: none;\"><div id=\"td_id_58114666\"><div class=\"single-item other-item\"><div class=\"ntb-datas-wrapper\" style=\"margin: 0px;\"><span class=\"hover-item\" style=\"padding: 5px 0px; font-weight: bold; font-style: normal; text-decoration: none; font-size: 15px; display: block; text-align: center; color: rgb(255, 255, 255); opacity: 1; line-height: 1.2;\">BOMBAS DOSIFICADORAS DE PIST\u00d3N CABEZAL INOXIDABLE<\/span>  <\/div> <\/div><\/div><\/td><\/tr><tr id=\"tr_id_3921746\" class=\"desktop-view tr_class_3921746 \" style=\"background: rgb(248, 201, 180);\"> <td id=\"td_id_18103169\" rowspan=\"1\" colspan=\"1\" class=\"td_class_18103169 table-data\" style=\"padding: 10px; max-width: 200px; min-width: 200px;\"><div id=\"td_id_18103169\"><div class=\"single-item other-item\"><div class=\"ntb-datas-wrapper\" style=\"margin: 0px;\"><span class=\"hover-item\" style=\"padding: 0px; font-weight: normal; font-style: normal; text-decoration: none; font-size: 14px; display: block; text-align: center; color: rgb(255, 0, 0); opacity: 1; line-height: 1.2;\">D\u00c9BIT MAXIMAL<\/span>  <\/div> <\/div><\/div><\/td><td id=\"td_id_11923743\" rowspan=\"1\" colspan=\"1\" class=\"td_class_11923743 table-data\" style=\"padding: 10px; max-width: 200px; min-width: 200px;\"><div id=\"td_id_11923743\"><div class=\"single-item other-item\"><div class=\"ntb-datas-wrapper\" style=\"margin: 0px;\"><span class=\"hover-item\" style=\"padding: 0px; font-weight: normal; font-style: normal; text-decoration: none; font-size: 14px; display: block; text-align: center; color: rgb(255, 0, 0); opacity: 1; line-height: 1.2;\">MAT\u00c9RIEL<\/span>  <\/div> <\/div><\/div><\/td><td id=\"td_id_17798536\" rowspan=\"1\" colspan=\"1\" class=\"td_class_17798536 table-data\" style=\"padding: 10px; max-width: 200px; min-width: 200px;\"><div id=\"td_id_17798536\"><div class=\"single-item other-item\"><div class=\"ntb-datas-wrapper\" style=\"margin: 0px;\"><span class=\"hover-item\" style=\"padding: 0px; font-weight: normal; font-style: normal; text-decoration: none; font-size: 14px; display: block; text-align: center; color: rgb(255, 0, 0); opacity: 1; line-height: 1.2;\">PRESSION MAXIMALE<\/span>  <\/div> <\/div><\/div><\/td><td id=\"td_id_17978086\" rowspan=\"1\" colspan=\"1\" class=\"td_class_17978086 table-data\" style=\"padding: 10px; max-width: 200px; min-width: 200px;\"><div id=\"td_id_17978086\"><div class=\"single-item other-item\"><div class=\"ntb-datas-wrapper\" style=\"margin: 0px;\"><span class=\"hover-item\" style=\"padding: 0px; font-weight: normal; font-style: normal; text-decoration: none; font-size: 14px; display: block; text-align: center; color: rgb(255, 0, 0); opacity: 1; line-height: 1.2;\">CODE<\/span>  <\/div> <\/div><\/div><\/td><\/tr><tr id=\"tr_id_2849256\" class=\"desktop-view tr_class_2849256 \" style=\"background: rgb(166, 165, 165);\"> <td id=\"td_id_17640624\" rowspan=\"1\" colspan=\"1\" class=\"td_class_17640624 table-data\" style=\"padding: 10px; max-width: 200px; min-width: 200px;\"><div id=\"td_id_17640624\"><div class=\"single-item other-item\"><div class=\"ntb-datas-wrapper\" style=\"margin: 0px;\"><span class=\"hover-item\" style=\"padding: 0px; font-weight: normal; font-style: normal; text-decoration: none; font-size: 14px; display: block; text-align: center; color: rgb(255, 255, 255); opacity: 1; line-height: 1.2;\">(l\/h)<\/span>  <\/div> <\/div><\/div><\/td><td id=\"td_id_85102598\" rowspan=\"1\" colspan=\"1\" class=\"td_class_85102598 table-data\" style=\"padding: 10px; max-width: 200px; min-width: 200px;\"><div id=\"td_id_85102598\"><\/div><\/td><td id=\"td_id_17099887\" rowspan=\"1\" colspan=\"1\" class=\"td_class_17099887 table-data\" style=\"padding: 10px; max-width: 200px; min-width: 200px;\"><div id=\"td_id_17099887\"><div class=\"single-item other-item\"><div class=\"ntb-datas-wrapper\" style=\"margin: 0px;\"><span class=\"hover-item\" style=\"padding: 0px; font-weight: normal; font-style: normal; text-decoration: none; font-size: 14px; display: block; text-align: center; color: rgb(255, 255, 255); opacity: 1; line-height: 1.2;\">(bar)<\/span>  <\/div> <\/div><\/div><\/td><td id=\"td_id_38333640\" rowspan=\"1\" colspan=\"1\" class=\"td_class_38333640 table-data\" style=\"padding: 10px; max-width: 200px; min-width: 200px;\"><div id=\"td_id_38333640\"><\/div><\/td><\/tr><tr id=\"tr_id_1899394\" class=\"desktop-view tr_class_1899394 \" style=\"background: rgb(255, 255, 255);\"> <td id=\"td_id_84256286\" rowspan=\"1\" colspan=\"1\" class=\"td_class_84256286 table-data\" style=\"padding: 10px; max-width: 200px; min-width: 200px;\"><div id=\"td_id_84256286\"><div class=\"single-item other-item\"><div class=\"ntb-datas-wrapper\" style=\"margin: 0px 0px 4px;\"><span class=\"hover-item\" style=\"padding: 0px; font-weight: normal; font-style: normal; text-decoration: none; font-size: 13px; display: block; text-align: center; color: rgb(0, 0, 1); opacity: 1; line-height: 1.2;\">190<\/span>  <\/div> <\/div><\/div><\/td><td id=\"td_id_70061404\" rowspan=\"1\" colspan=\"1\" class=\"td_class_70061404 table-data\" style=\"padding: 10px; max-width: 200px; min-width: 200px;\"><div id=\"td_id_70061404\"><div class=\"single-item other-item\"><div class=\"ntb-datas-wrapper\" style=\"margin: 0px 0px 4px;\"><span class=\"hover-item\" style=\"padding: 0px; font-weight: normal; font-style: normal; text-decoration: none; font-size: 13px; display: block; text-align: center; color: rgb(0, 0, 1); opacity: 1; line-height: 1.2;\">INOX<\/span>  <\/div> <\/div><div class=\"single-item other-item\"><div class=\"ntb-datas-wrapper\" style=\"margin: 0px 0px 4px;\"><span class=\"hover-item\" style=\"padding: 0px; font-weight: normal; font-style: normal; text-decoration: none; font-size: 13px; display: block; text-align: center; color: rgb(0, 0, 1); opacity: 1; line-height: 1.2;\">PVC<\/span>  <\/div> <\/div><\/div><\/td><td id=\"td_id_84063641\" rowspan=\"1\" colspan=\"1\" class=\"td_class_84063641 table-data\" style=\"padding: 10px; max-width: 200px; min-width: 200px;\"><div id=\"td_id_84063641\"><div class=\"single-item other-item\"><div class=\"ntb-datas-wrapper\" style=\"margin: 0px 0px 4px;\"><span class=\"hover-item\" style=\"padding: 0px; font-weight: normal; font-style: normal; text-decoration: none; font-size: 13px; display: block; text-align: center; color: rgb(0, 0, 1); opacity: 1; line-height: 1.2;\">10<\/span>  <\/div> <\/div><div class=\"single-item other-item\"><div class=\"ntb-datas-wrapper\" style=\"margin: 0px 0px 4px;\"><span class=\"hover-item\" style=\"padding: 0px; font-weight: normal; font-style: normal; text-decoration: none; font-size: 13px; display: block; text-align: center; color: rgb(0, 0, 1); opacity: 1; line-height: 1.2;\">10<\/span>  <\/div> <\/div><\/div><\/td><td id=\"td_id_99133976\" rowspan=\"1\" colspan=\"1\" class=\"td_class_99133976 table-data\" style=\"padding: 10px; max-width: 200px; min-width: 200px;\"><div id=\"td_id_99133976\"><div class=\"single-item other-item\"><div class=\"ntb-datas-wrapper\" style=\"margin: 0px 0px 4px;\"><span class=\"hover-item\" style=\"padding: 0px; font-weight: normal; font-style: normal; text-decoration: none; font-size: 13px; display: block; text-align: center; color: rgb(0, 0, 1); opacity: 1; line-height: 1.2;\">461713<\/span>  <\/div> <\/div><div class=\"single-item other-item\"><div class=\"ntb-datas-wrapper\" style=\"margin: 0px 0px 4px;\"><span class=\"hover-item\" style=\"padding: 0px; font-weight: normal; font-style: normal; text-decoration: none; font-size: 13px; display: block; text-align: center; color: rgb(0, 0, 1); opacity: 1; line-height: 1.2;\">457417<\/span>  <\/div> <\/div><\/div><\/td><\/tr><tr id=\"tr_id_0821808\" class=\"desktop-view tr_class_0821808 \" style=\"background: rgb(228, 228, 228);\"> <td id=\"td_id_28434804\" rowspan=\"1\" colspan=\"1\" class=\"td_class_28434804 table-data\" style=\"padding: 10px; max-width: 200px; min-width: 200px;\"><div id=\"td_id_28434804\"><div class=\"single-item other-item\"><div class=\"ntb-datas-wrapper\" style=\"margin: 0px 0px 4px;\"><span class=\"hover-item\" style=\"padding: 0px; font-weight: normal; font-style: normal; text-decoration: none; font-size: 13px; display: block; text-align: center; color: rgb(0, 0, 1); opacity: 1; line-height: 1.2;\">350<\/span>  <\/div> <\/div><\/div><\/td><td id=\"td_id_66661068\" rowspan=\"1\" colspan=\"1\" class=\"td_class_66661068 table-data\" style=\"padding: 10px; max-width: 200px; min-width: 200px;\"><div id=\"td_id_66661068\"><div class=\"single-item other-item\"><div class=\"ntb-datas-wrapper\" style=\"margin: 0px 0px 4px;\"><span class=\"hover-item\" style=\"padding: 0px; font-weight: normal; font-style: normal; text-decoration: none; font-size: 13px; display: block; text-align: center; color: rgb(0, 0, 1); opacity: 1; line-height: 1.2;\">INOX<\/span>  <\/div> <\/div><div class=\"single-item other-item\"><div class=\"ntb-datas-wrapper\" style=\"margin: 0px 0px 4px;\"><span class=\"hover-item\" style=\"padding: 0px; font-weight: normal; font-style: normal; text-decoration: none; font-size: 13px; display: block; text-align: center; color: rgb(0, 0, 1); opacity: 1; line-height: 1.2;\">PVC<\/span>  <\/div> <\/div><\/div><\/td><td id=\"td_id_66320406\" rowspan=\"1\" colspan=\"1\" class=\"td_class_66320406 table-data\" style=\"padding: 10px; max-width: 200px; min-width: 200px;\"><div id=\"td_id_66320406\"><div class=\"single-item other-item\"><div class=\"ntb-datas-wrapper\" style=\"margin: 0px 0px 4px;\"><span class=\"hover-item\" style=\"padding: 0px; font-weight: normal; font-style: normal; text-decoration: none; font-size: 13px; display: block; text-align: center; color: rgb(0, 0, 1); opacity: 1; line-height: 1.2;\">6<\/span>  <\/div> <\/div><div class=\"single-item other-item\"><div class=\"ntb-datas-wrapper\" style=\"margin: 0px 0px 4px;\"><span class=\"hover-item\" style=\"padding: 0px; font-weight: normal; font-style: normal; text-decoration: none; font-size: 13px; display: block; text-align: center; color: rgb(0, 0, 1); opacity: 1; line-height: 1.2;\">6<\/span>  <\/div> <\/div><\/div><\/td><td id=\"td_id_60861611\" rowspan=\"1\" colspan=\"1\" class=\"td_class_60861611 table-data\" style=\"padding: 10px; max-width: 200px; min-width: 200px;\"><div id=\"td_id_60861611\"><div class=\"single-item other-item\"><div class=\"ntb-datas-wrapper\" style=\"margin: 0px 0px 4px;\"><span class=\"hover-item\" style=\"padding: 0px; font-weight: normal; font-style: normal; text-decoration: none; font-size: 13px; display: block; text-align: center; color: rgb(0, 0, 1); opacity: 1; line-height: 1.2;\">457424<\/span>  <\/div> <\/div><div class=\"single-item other-item\"><div class=\"ntb-datas-wrapper\" style=\"margin: 0px 0px 4px;\"><span class=\"hover-item\" style=\"padding: 0px; font-weight: normal; font-style: normal; text-decoration: none; font-size: 13px; display: block; text-align: center; color: rgb(0, 0, 1); opacity: 1; line-height: 1.2;\">457425<\/span>  <\/div> <\/div><\/div><\/td><\/tr><\/tbody><\/table><\/div>\n<\/p>\n","protected":false},"excerpt":{"rendered":"<h2><span style=\"font-size: medium;\"><strong>POMPES DOSEUSES<\/strong><\/span><\/h2>\n<p>La pompe de dosage \u00e0 piston de la s\u00e9rie PS1 offre une flexibilit\u00e9 de choix combinant diff\u00e9rentes options de puissance de moteur et de t\u00eate de pompe, ce qui garantit une solution pour presque toutes les \u00e9ventualit\u00e9s ou applications.<span class=\"Apple-converted-space\"> <\/span><\/p>\n<p>Les performances de la s\u00e9rie PS1 atteignent des d\u00e9bits compris entre 190 et 350 l\/h \u00e0 des pressions allant jusqu&rsquo;\u00e0 10 bars. Chaque mod\u00e8le peut \u00eatre configur\u00e9 avec des vitesses de course diff\u00e9rentes.<\/p>\n<p>R\u00e9glable en diff\u00e9rents d\u00e9bits.<\/p>\n","protected":false},"featured_media":249921,"comment_status":"open","ping_status":"closed","template":"","meta":{"_et_pb_use_builder":"","_et_pb_old_content":"","_et_gb_content_width":""},"product_brand":[],"product_cat":[317,318],"product_tag":[],"class_list":{"0":"post-249920","1":"product","2":"type-product","3":"status-publish","4":"has-post-thumbnail","6":"product_cat-fertigation-fr","7":"product_cat-bombas-dosificadoras-fr","9":"first","10":"instock","11":"shipping-taxable","12":"product-type-simple"},"_links":{"self":[{"href":"https:\/\/www.gestiriego.com\/fr\/wp-json\/wp\/v2\/product\/249920","targetHints":{"allow":["GET"]}}],"collection":[{"href":"https:\/\/www.gestiriego.com\/fr\/wp-json\/wp\/v2\/product"}],"about":[{"href":"https:\/\/www.gestiriego.com\/fr\/wp-json\/wp\/v2\/types\/product"}],"replies":[{"embeddable":true,"href":"https:\/\/www.gestiriego.com\/fr\/wp-json\/wp\/v2\/comments?post=249920"}],"wp:featuredmedia":[{"embeddable":true,"href":"https:\/\/www.gestiriego.com\/fr\/wp-json\/wp\/v2\/media\/249921"}],"wp:attachment":[{"href":"https:\/\/www.gestiriego.com\/fr\/wp-json\/wp\/v2\/media?parent=249920"}],"wp:term":[{"taxonomy":"product_brand","embeddable":true,"href":"https:\/\/www.gestiriego.com\/fr\/wp-json\/wp\/v2\/product_brand?post=249920"},{"taxonomy":"product_cat","embeddable":true,"href":"https:\/\/www.gestiriego.com\/fr\/wp-json\/wp\/v2\/product_cat?post=249920"},{"taxonomy":"product_tag","embeddable":true,"href":"https:\/\/www.gestiriego.com\/fr\/wp-json\/wp\/v2\/product_tag?post=249920"}],"curies":[{"name":"wp","href":"https:\/\/api.w.org\/{rel}","templated":true}]}}