{"id":249922,"date":"2022-10-01T06:34:44","date_gmt":"2022-10-01T06:34:44","guid":{"rendered":"https:\/\/www.gestiriego.com\/filtro-oron-vertical-de-malla-automatico-autolimpiante\/"},"modified":"2024-04-20T08:16:59","modified_gmt":"2024-04-20T08:16:59","slug":"filtre-oron-vertical-a-tamis-automatique-autonettoyant","status":"publish","type":"product","link":"https:\/\/www.gestiriego.com\/fr\/filtre-oron-vertical-a-tamis-automatique-autonettoyant\/","title":{"rendered":"FILTRE OR\u00d3N VERTICAL \u00c0 TAMIS AUTOMATIQUE AUTONETTOYANT"},"content":{"rendered":"<div class=\"ntb_table_wrapper ninja_table_builder_instance_0\"\n     id='ninja_table_builder_252782'\n     data-ninja_table_builder_instance=\"ninja_table_builder_instance_0\"\n     style=\"\n     max-height:600px;\n     max-width: 1160px;\">\n     <table id=\"ntb_table\" role=\"table\" class=\"table ninja_tables_builder_class_252782 ntb_252782\" style=\"margin: 0px auto; table-layout: fixed; border-collapse: separate; border: 0px solid rgb(0, 0, 0); font-family: Arial; border-spacing: 0px 3px;\"> <tbody class=\"tbody\"><tr id=\"tr_id_1224164\" class=\"desktop-view tr_class_1224164 \" style=\"background: rgb(252, 72, 30);\"> <td id=\"td_id_09712766\" rowspan=\"1\" colspan=\"6\" class=\"td_class_09712766 table-data\" style=\"padding: 10px; max-width: 150px; min-width: 150px;\"><div id=\"td_id_09712766\"><div class=\"single-item other-item\"><div class=\"ntb-datas-wrapper\" style=\"margin: 0px;\"><span class=\"hover-item\" style=\"padding: 5px 0px; font-weight: bold; font-style: normal; text-decoration: none; font-size: 15px; display: block; text-align: center; color: rgb(255, 255, 255); opacity: 1; line-height: 1.2;\">FILTRE OR\u00d3N VERTICAL \u00c0 TAMIS AUTOMATIQUE AUTONETTOYANT<\/span>  <\/div> <\/div><\/div><\/td><td id=\"td_id_00121224\" rowspan=\"0\" colspan=\"0\" class=\"td_class_00121224 table-data\" style=\"padding: 10px; max-width: 150px; min-width: 150px; display: none;\"><div id=\"td_id_00121224\"><div class=\"single-item other-item\"><div class=\"ntb-datas-wrapper\" style=\"margin: 0px;\"><span class=\"hover-item\" style=\"padding: 0px; font-weight: normal; font-style: normal; text-decoration: none; font-size: 12px; display: block; text-align: center; color: rgb(0, 0, 1); opacity: 0.4; line-height: 1.2;\">Add New<\/span>  <\/div> <\/div><\/div><\/td><td id=\"td_id_92661222\" rowspan=\"0\" colspan=\"0\" class=\"td_class_92661222 table-data\" style=\"padding: 10px; max-width: 150px; min-width: 150px; display: none;\"><div id=\"td_id_92661222\"><div class=\"single-item other-item\"><div class=\"ntb-datas-wrapper\" style=\"margin: 0px;\"><span class=\"hover-item\" style=\"padding: 0px; font-weight: normal; font-style: normal; text-decoration: none; font-size: 12px; display: block; text-align: center; color: rgb(0, 0, 1); opacity: 0.4; line-height: 1.2;\">Add New<\/span>  <\/div> <\/div><\/div><\/td><td id=\"td_id_61992627\" rowspan=\"0\" colspan=\"0\" class=\"td_class_61992627 table-data\" style=\"padding: 10px; max-width: 150px; min-width: 150px; display: none;\"><div id=\"td_id_61992627\"><div class=\"single-item other-item\"><div class=\"ntb-datas-wrapper\" style=\"margin: 0px;\"><span class=\"hover-item\" style=\"padding: 0px; font-weight: normal; font-style: normal; text-decoration: none; font-size: 12px; display: block; text-align: center; color: rgb(0, 0, 1); opacity: 0.4; line-height: 1.2;\">Add New<\/span>  <\/div> <\/div><\/div><\/td><td id=\"td_id_12191621\" rowspan=\"0\" colspan=\"0\" class=\"td_class_12191621 table-data\" style=\"padding: 10px; max-width: 150px; min-width: 150px; display: none;\"><div id=\"td_id_12191621\"><div class=\"single-item other-item\"><div class=\"ntb-datas-wrapper\" style=\"margin: 0px;\"><span class=\"hover-item\" style=\"padding: 0px; font-weight: normal; font-style: normal; text-decoration: none; font-size: 12px; display: block; text-align: center; color: rgb(0, 0, 1); opacity: 0.4; line-height: 1.2;\">Add New<\/span>  <\/div> <\/div><\/div><\/td><td id=\"td_id_61397269\" rowspan=\"0\" colspan=\"0\" class=\"td_class_61397269 table-data\" style=\"padding: 10px; max-width: 150px; min-width: 150px; display: none;\"><div id=\"td_id_61397269\"><div class=\"single-item other-item\"><div class=\"ntb-datas-wrapper\" style=\"margin: 0px;\"><span class=\"hover-item\" style=\"padding: 0px; font-weight: normal; font-style: normal; text-decoration: none; font-size: 12px; display: block; text-align: center; color: rgb(0, 0, 1); opacity: 0.4; line-height: 1.2;\">Add New<\/span>  <\/div> <\/div><\/div><\/td><\/tr><tr id=\"tr_id_3921746\" class=\"desktop-view tr_class_3921746 \" style=\"background: rgb(248, 201, 180);\"> <td id=\"td_id_38889019\" rowspan=\"1\" colspan=\"1\" class=\"td_class_38889019 table-data\" style=\"padding: 10px; max-width: 150px; min-width: 150px;\"><div id=\"td_id_38889019\"><div class=\"single-item other-item\"><div class=\"ntb-datas-wrapper\" style=\"margin: 0px;\"><span class=\"hover-item\" style=\"padding: 0px; font-weight: normal; font-style: normal; text-decoration: none; font-size: 14px; display: block; text-align: center; color: rgb(255, 0, 0); opacity: 1; line-height: 1.2;\">MOD\u00c8LE<\/span>  <\/div> <\/div><\/div><\/td><td id=\"td_id_50226953\" rowspan=\"1\" colspan=\"1\" class=\"td_class_50226953 table-data\" style=\"padding: 10px; max-width: 150px; min-width: 150px;\"><div id=\"td_id_50226953\"><div class=\"single-item other-item\"><div class=\"ntb-datas-wrapper\" style=\"margin: 0px;\"><span class=\"hover-item\" style=\"padding: 0px; font-weight: normal; font-style: normal; text-decoration: none; font-size: 14px; display: block; text-align: center; color: rgb(255, 0, 0); opacity: 1; line-height: 1.2;\">RACCORD<\/span>  <\/div> <\/div><\/div><\/td><td id=\"td_id_18103169\" rowspan=\"1\" colspan=\"1\" class=\"td_class_18103169 table-data\" style=\"padding: 10px; max-width: 170px; min-width: 170px;\"><div id=\"td_id_18103169\"><div class=\"single-item other-item\"><div class=\"ntb-datas-wrapper\" style=\"margin: 0px;\"><span class=\"hover-item\" style=\"padding: 0px; font-weight: normal; font-style: normal; text-decoration: none; font-size: 14px; display: block; text-align: center; color: rgb(255, 0, 0); opacity: 1; line-height: 1.2;\">PRESSION MAX.<\/span>  <\/div> <\/div><\/div><\/td><td id=\"td_id_11923743\" rowspan=\"1\" colspan=\"1\" class=\"td_class_11923743 table-data\" style=\"padding: 10px; max-width: 150px; min-width: 150px;\"><div id=\"td_id_11923743\"><div class=\"single-item other-item\"><div class=\"ntb-datas-wrapper\" style=\"margin: 0px;\"><span class=\"hover-item\" style=\"padding: 0px; font-weight: normal; font-style: normal; text-decoration: none; font-size: 14px; display: block; text-align: center; color: rgb(255, 0, 0); opacity: 1; line-height: 1.2;\">D\u00c9BIT MAX.<\/span>  <\/div> <\/div><\/div><\/td><td id=\"td_id_17798536\" rowspan=\"1\" colspan=\"1\" class=\"td_class_17798536 table-data\" style=\"padding: 10px; max-width: 150px; min-width: 150px;\"><div id=\"td_id_17798536\"><div class=\"single-item other-item\"><div class=\"ntb-datas-wrapper\" style=\"margin: 0px;\"><span class=\"hover-item\" style=\"padding: 0px; font-weight: normal; font-style: normal; text-decoration: none; font-size: 14px; display: block; text-align: center; color: rgb(255, 0, 0); opacity: 1; line-height: 1.2;\">SURFACE FILTRANTE<\/span>  <\/div> <\/div><\/div><\/td><td id=\"td_id_17978086\" rowspan=\"1\" colspan=\"1\" class=\"td_class_17978086 table-data\" style=\"padding: 10px; max-width: 150px; min-width: 150px;\"><div id=\"td_id_17978086\"><div class=\"single-item other-item\"><div class=\"ntb-datas-wrapper\" style=\"margin: 0px;\"><span class=\"hover-item\" style=\"padding: 0px; font-weight: normal; font-style: normal; text-decoration: none; font-size: 14px; display: block; text-align: center; color: rgb(255, 0, 0); opacity: 1; line-height: 1.2;\">CODE<\/span>  <\/div> <\/div><\/div><\/td><\/tr><tr id=\"tr_id_2849256\" class=\"desktop-view tr_class_2849256 \" style=\"background: rgb(166, 165, 165);\"> <td id=\"td_id_50544400\" rowspan=\"1\" colspan=\"1\" class=\"td_class_50544400 table-data\" style=\"padding: 10px; max-width: 150px; min-width: 150px;\"><div id=\"td_id_50544400\"><\/div><\/td><td id=\"td_id_64006357\" rowspan=\"1\" colspan=\"1\" class=\"td_class_64006357 table-data\" style=\"padding: 10px; max-width: 150px; min-width: 150px;\"><div id=\"td_id_64006357\"><div class=\"single-item other-item\"><div class=\"ntb-datas-wrapper\" style=\"margin: 0px;\"><span class=\"hover-item\" style=\"padding: 0px; font-weight: normal; font-style: normal; text-decoration: none; font-size: 14px; display: block; text-align: center; color: rgb(255, 255, 255); opacity: 1; line-height: 1.2;\">(\u201c)<\/span>  <\/div> <\/div><\/div><\/td><td id=\"td_id_17640624\" rowspan=\"1\" colspan=\"1\" class=\"td_class_17640624 table-data\" style=\"padding: 10px; max-width: 170px; min-width: 170px;\"><div id=\"td_id_17640624\"><div class=\"single-item other-item\"><div class=\"ntb-datas-wrapper\" style=\"margin: 0px;\"><span class=\"hover-item\" style=\"padding: 0px; font-weight: normal; font-style: normal; text-decoration: none; font-size: 14px; display: block; text-align: center; color: rgb(255, 255, 255); opacity: 1; line-height: 1.2;\">(bar)<\/span>  <\/div> <\/div><\/div><\/td><td id=\"td_id_85102598\" rowspan=\"1\" colspan=\"1\" class=\"td_class_85102598 table-data\" style=\"padding: 10px; max-width: 150px; min-width: 150px;\"><div id=\"td_id_85102598\"><div class=\"single-item other-item\"><div class=\"ntb-datas-wrapper\" style=\"margin: 0px;\"><span class=\"hover-item\" style=\"padding: 0px; font-weight: normal; font-style: normal; text-decoration: none; font-size: 14px; display: block; text-align: center; color: rgb(255, 255, 255); opacity: 1; line-height: 1.2;\">(m\u00b3\/h)<\/span>  <\/div> <\/div><\/div><\/td><td id=\"td_id_17099887\" rowspan=\"1\" colspan=\"1\" class=\"td_class_17099887 table-data\" style=\"padding: 10px; max-width: 150px; min-width: 150px;\"><div id=\"td_id_17099887\"><div class=\"single-item other-item\"><div class=\"ntb-datas-wrapper\" style=\"margin: 0px;\"><span class=\"hover-item\" style=\"padding: 0px; font-weight: normal; font-style: normal; text-decoration: none; font-size: 14px; display: block; text-align: center; color: rgb(255, 255, 255); opacity: 1; line-height: 1.2;\">Maille Fine (cm\u00b2)<\/span>  <\/div> <\/div><\/div><\/td><td id=\"td_id_38333640\" rowspan=\"1\" colspan=\"1\" class=\"td_class_38333640 table-data\" style=\"padding: 10px; max-width: 150px; min-width: 150px;\"><div id=\"td_id_38333640\"><div class=\"single-item other-item\"><div class=\"ntb-datas-wrapper\" style=\"margin: 0px;\"><span class=\"hover-item\" style=\"padding: 0px; font-weight: normal; font-style: normal; text-decoration: none; font-size: 14px; display: block; text-align: center; color: rgb(255, 255, 255); opacity: 1; line-height: 1.2;\">Filtre<\/span>  <\/div> <\/div><\/div><\/td><\/tr><tr id=\"tr_id_1899394\" class=\"desktop-view tr_class_1899394 \" style=\"background: rgb(255, 255, 255);\"> <td id=\"td_id_74290681\" rowspan=\"1\" colspan=\"1\" class=\"td_class_74290681 table-data\" style=\"padding: 10px; max-width: 150px; min-width: 150px;\"><div id=\"td_id_74290681\"><div class=\"single-item other-item\"><div class=\"ntb-datas-wrapper\" style=\"margin: 0px 0px 4px;\"><span class=\"hover-item\" style=\"padding: 0px; font-weight: normal; font-style: normal; text-decoration: none; font-size: 13px; display: block; text-align: center; color: rgb(0, 0, 1); opacity: 1; line-height: 1.2;\">ORV3\u201d<\/span>  <\/div> <\/div><\/div><\/td><td id=\"td_id_11608262\" rowspan=\"1\" colspan=\"1\" class=\"td_class_11608262 table-data\" style=\"padding: 10px; max-width: 150px; min-width: 150px;\"><div id=\"td_id_11608262\"><div class=\"single-item other-item\"><div class=\"ntb-datas-wrapper\" style=\"margin: 0px 0px 4px;\"><span class=\"hover-item\" style=\"padding: 0px; font-weight: normal; font-style: normal; text-decoration: none; font-size: 13px; display: block; text-align: center; color: rgb(0, 0, 1); opacity: 1; line-height: 1.2;\">3\" ROSCA<\/span>  <\/div> <\/div><\/div><\/td><td id=\"td_id_84256286\" rowspan=\"1\" colspan=\"1\" class=\"td_class_84256286 table-data\" style=\"padding: 10px; max-width: 170px; min-width: 170px;\"><div id=\"td_id_84256286\"><div class=\"single-item other-item\"><div class=\"ntb-datas-wrapper\" style=\"margin: 0px 0px 4px;\"><span class=\"hover-item\" style=\"padding: 0px; font-weight: normal; font-style: normal; text-decoration: none; font-size: 13px; display: block; text-align: center; color: rgb(0, 0, 1); opacity: 1; line-height: 1.2;\">10<\/span>  <\/div> <\/div><\/div><\/td><td id=\"td_id_70061404\" rowspan=\"1\" colspan=\"1\" class=\"td_class_70061404 table-data\" style=\"padding: 10px; max-width: 150px; min-width: 150px;\"><div id=\"td_id_70061404\"><div class=\"single-item other-item\"><div class=\"ntb-datas-wrapper\" style=\"margin: 0px 0px 4px;\"><span class=\"hover-item\" style=\"padding: 0px; font-weight: normal; font-style: normal; text-decoration: none; font-size: 13px; display: block; text-align: center; color: rgb(0, 0, 1); opacity: 1; line-height: 1.2;\">35<\/span>  <\/div> <\/div><\/div><\/td><td id=\"td_id_84063641\" rowspan=\"1\" colspan=\"1\" class=\"td_class_84063641 table-data\" style=\"padding: 10px; max-width: 150px; min-width: 150px;\"><div id=\"td_id_84063641\"><div class=\"single-item other-item\"><div class=\"ntb-datas-wrapper\" style=\"margin: 0px 0px 4px;\"><span class=\"hover-item\" style=\"padding: 0px; font-weight: normal; font-style: normal; text-decoration: none; font-size: 13px; display: block; text-align: center; color: rgb(0, 0, 1); opacity: 1; line-height: 1.2;\">1200<\/span>  <\/div> <\/div><\/div><\/td><td id=\"td_id_99133976\" rowspan=\"1\" colspan=\"1\" class=\"td_class_99133976 table-data\" style=\"padding: 10px; max-width: 150px; min-width: 150px;\"><div id=\"td_id_99133976\"><div class=\"single-item other-item\"><div class=\"ntb-datas-wrapper\" style=\"margin: 0px 0px 4px;\"><span class=\"hover-item\" style=\"padding: 0px; font-weight: normal; font-style: normal; text-decoration: none; font-size: 13px; display: block; text-align: center; color: rgb(0, 0, 1); opacity: 1; line-height: 1.2;\">461746<\/span>  <\/div> <\/div><\/div><\/td><\/tr><tr id=\"tr_id_0821808\" class=\"desktop-view tr_class_0821808 \" style=\"background: rgb(213, 213, 212);\"> <td id=\"td_id_00661013\" rowspan=\"1\" colspan=\"1\" class=\"td_class_00661013 table-data\" style=\"padding: 10px; max-width: 150px; min-width: 150px;\"><div id=\"td_id_00661013\"><div class=\"single-item other-item\"><div class=\"ntb-datas-wrapper\" style=\"margin: 0px 0px 4px;\"><span class=\"hover-item\" style=\"padding: 0px; font-weight: normal; font-style: normal; text-decoration: none; font-size: 13px; display: block; text-align: center; color: rgb(0, 0, 1); opacity: 1; line-height: 1.2;\">ORV4\u201d<\/span>  <\/div> <\/div><\/div><\/td><td id=\"td_id_83448640\" rowspan=\"1\" colspan=\"1\" class=\"td_class_83448640 table-data\" style=\"padding: 10px; max-width: 150px; min-width: 150px;\"><div id=\"td_id_83448640\"><div class=\"single-item other-item\"><div class=\"ntb-datas-wrapper\" style=\"margin: 0px 0px 4px;\"><span class=\"hover-item\" style=\"padding: 0px; font-weight: normal; font-style: normal; text-decoration: none; font-size: 13px; display: block; text-align: center; color: rgb(0, 0, 1); opacity: 1; line-height: 1.2;\">4\" BRIDA<\/span>  <\/div> <\/div><\/div><\/td><td id=\"td_id_28434804\" rowspan=\"1\" colspan=\"1\" class=\"td_class_28434804 table-data\" style=\"padding: 10px; max-width: 170px; min-width: 170px;\"><div id=\"td_id_28434804\"><div class=\"single-item other-item\"><div class=\"ntb-datas-wrapper\" style=\"margin: 0px 0px 4px;\"><span class=\"hover-item\" style=\"padding: 0px; font-weight: normal; font-style: normal; text-decoration: none; font-size: 13px; display: block; text-align: center; color: rgb(0, 0, 1); opacity: 1; line-height: 1.2;\">10<\/span>  <\/div> <\/div><\/div><\/td><td id=\"td_id_66661068\" rowspan=\"1\" colspan=\"1\" class=\"td_class_66661068 table-data\" style=\"padding: 10px; max-width: 150px; min-width: 150px;\"><div id=\"td_id_66661068\"><div class=\"single-item other-item\"><div class=\"ntb-datas-wrapper\" style=\"margin: 0px 0px 4px;\"><span class=\"hover-item\" style=\"padding: 0px; font-weight: normal; font-style: normal; text-decoration: none; font-size: 13px; display: block; text-align: center; color: rgb(0, 0, 1); opacity: 1; line-height: 1.2;\">70<\/span>  <\/div> <\/div><\/div><\/td><td id=\"td_id_66320406\" rowspan=\"1\" colspan=\"1\" class=\"td_class_66320406 table-data\" style=\"padding: 10px; max-width: 150px; min-width: 150px;\"><div id=\"td_id_66320406\"><div class=\"single-item other-item\"><div class=\"ntb-datas-wrapper\" style=\"margin: 0px 0px 4px;\"><span class=\"hover-item\" style=\"padding: 0px; font-weight: normal; font-style: normal; text-decoration: none; font-size: 13px; display: block; text-align: center; color: rgb(0, 0, 1); opacity: 1; line-height: 1.2;\">1800<\/span>  <\/div> <\/div><\/div><\/td><td id=\"td_id_60861611\" rowspan=\"1\" colspan=\"1\" class=\"td_class_60861611 table-data\" style=\"padding: 10px; max-width: 150px; min-width: 150px;\"><div id=\"td_id_60861611\"><div class=\"single-item other-item\"><div class=\"ntb-datas-wrapper\" style=\"margin: 0px 0px 4px;\"><span class=\"hover-item\" style=\"padding: 0px; font-weight: normal; font-style: normal; text-decoration: none; font-size: 13px; display: block; text-align: center; color: rgb(0, 0, 1); opacity: 1; line-height: 1.2;\">461747<\/span>  <\/div> <\/div><\/div><\/td><\/tr><\/tbody><\/table><\/div>\n\n<div class=\"page\" title=\"Page 3\">\n<div class=\"layoutArea\">\n<div class=\"column\">\n<div class=\"page\" title=\"Page 3\">\n<div class=\"layoutArea\">\n<div class=\"column\">\n<div class='et-learn-more et-open clearfix'>\n\t\t\t\t\t<h3 class='heading-more open'>DESCRIPCI\u00d3N FILTROS OR\u00d3N<span class='et_learnmore_arrow'><span><\/span><\/span><\/h3>\n\t\t\t\t\t<div class='learn-more-content'>Le filtre ORV est un appareil de filtrage \u00e9quip\u00e9 d&rsquo;un syst\u00e8me de nettoyage automatique, \u00e0 travers lequel l&rsquo;\u00e9l\u00e9ment filtrant ou tamis s&rsquo;auto-nettoie avec un syst\u00e8me hydraulique de buses d&rsquo;aspiration. ORV est sp\u00e9cialement con\u00e7u pour r\u00e9pondre aux besoins des installations les plus exigeantes.<\/p>\n<p>Appareil id\u00e9al pour les installations \u00e0 d\u00e9bit moyen n\u00e9cessitant une filtration professionnelle. Les filtres peuvent fonctionner seuls ou en batterie (si les d\u00e9bits sont tr\u00e8s \u00e9lev\u00e9s ou si l&rsquo;eau contient une grande charge de salet\u00e9 et que la surface de filtrage doit \u00eatre augment\u00e9e). Le filtre est enti\u00e8rement \u00e9quip\u00e9, il suffit d&rsquo;installer les connexions d&rsquo;entr\u00e9e, de sortie et de vidange, ainsi que l&rsquo;assemblage d&rsquo;autres \u00e9l\u00e9ments fournis selon les sp\u00e9cifications.<\/div>\n\t\t\t\t<\/div>\n<div class='et-learn-more clearfix'>\n\t\t\t\t\t<h3 class='heading-more'>FASE DE FILTRADO FILTROS OR\u00d3N<span class='et_learnmore_arrow'><span><\/span><\/span><\/h3>\n\t\t\t\t\t<div class='learn-more-content'>L&rsquo;eau sale p\u00e9n\u00e8tre par l&rsquo;entr\u00e9e situ\u00e9e en bas, en passant par le filtre \u00e0 tamis.<\/p>\n<p>La salet\u00e9 avec une taille sup\u00e9rieure \u00e0 celle \u00e9tablie par le degr\u00e9 de filtration est retenue sur la surface int\u00e9rieure du tamis.<\/p>\n<p>L&rsquo;eau filtr\u00e9e sort par la sortie du filtre dans des conditions optimales pour son utilisation, en \u00e9vitant d&rsquo;endommager l&rsquo;installation<\/p>\n<p>*Pression de fonctionnement maximale\u00b0: 10 bars<\/div>\n\t\t\t\t<\/div>\n<div class='et-learn-more clearfix'>\n\t\t\t\t\t<h3 class='heading-more'>FASE DE LIMPIEZA SIMULT\u00c1NEA DE MANERA AUTOM\u00c1TICA FILTROS OR\u00d3N<span class='et_learnmore_arrow'><span><\/span><\/span><\/h3>\n\t\t\t\t\t<div class='learn-more-content'>Au fur et \u00e0 mesure que la salet\u00e9 s&rsquo;accumule sur les parois du tamis, un diff\u00e9rentiel de pression est g\u00e9n\u00e9r\u00e9 entre le d\u00e9bit d&rsquo;eau propre et sale.<\/p>\n<p>\u00c0 partir d&rsquo;une diff\u00e9rence de pression stipul\u00e9e dans le programmateur (diff\u00e9rentiel recommand\u00e9\u00b0: 0,5 bar), le cycle de nettoyage du filtre commence automatiquement, consistant en l&rsquo;activation d&rsquo;un ensemble de buses reli\u00e9es \u00e0 un collecteur (groupe de lavage) qui aspirent la salet\u00e9 adh\u00e9rant au tamis\u00b0\u2013 en effectuant un balayage \u2013 en l&rsquo;expulsant vers l&rsquo;ext\u00e9rieur.<\/p>\n<p>Dans le processus de nettoyage, un mouvement h\u00e9lico\u00efdal du groupe de lavage se produit, provoqu\u00e9 par la combinaison de mouvements de rotation et de translation, ce qui entra\u00eene un balayage du tamis. Une fois le cycle de nettoyage termin\u00e9 et le diff\u00e9rentiel de pression r\u00e9cup\u00e9r\u00e9, le filtre reste en position initiale en attendant d&rsquo;effectuer un autre cycle.<\/p>\n<p>*Important\u00b0: pression minimale pour le nettoyage\u00b0: 2 bars<\/div>\n\t\t\t\t<\/div>\n<p>&nbsp;<\/p>\n<\/div>\n<\/div>\n<\/div>\n<\/div>\n<\/div>\n<\/div>\n","protected":false},"excerpt":{"rendered":"<h2><span style=\"font-size: medium;\"><strong>FILTRES D&rsquo;IRRIGATION OR\u00d3N<\/strong><\/span><\/h2>\n<p>Les filtres OR\u00d3N, gr\u00e2ce \u00e0 leur \u00e9quipement de nettoyage automatique avec syst\u00e8me hydraulique de buses d&rsquo;aspiration, ne n\u00e9cessitent pas d&rsquo;interrompre la phase de filtrage pour le nettoyage, ce qui \u00e9vite les pertes de pression dans l&rsquo;installation pendant le processus de lavage.<\/p>\n<p>Des appareils plus simples qui gagnent en efficacit\u00e9, sp\u00e9cialement con\u00e7us pour r\u00e9pondre aux besoins des installations les plus exigeantes.<\/p>\n<p>&nbsp;<\/p>\n<p><a class=\"btn-black\" href=\"https:\/\/www.gestiriego.com\/fichas-tecnicas\/1-filtros-de-riego\/4-ficha_oronvertical.pdf\" target=\"_blank\" rel=\"noopener\">Fiche technique<\/a><\/p>\n","protected":false},"featured_media":253258,"comment_status":"open","ping_status":"closed","template":"","meta":{"_et_pb_use_builder":"","_et_pb_old_content":"","_et_gb_content_width":""},"product_brand":[],"product_cat":[321,319,320],"product_tag":[],"class_list":{"0":"post-249922","1":"product","2":"type-product","3":"status-publish","4":"has-post-thumbnail","6":"product_cat-filtre-oron","7":"product_cat-filtres-dirrigation","8":"product_cat-filtres-dirrigation-automatiques","10":"first","11":"instock","12":"shipping-taxable","13":"product-type-simple"},"_links":{"self":[{"href":"https:\/\/www.gestiriego.com\/fr\/wp-json\/wp\/v2\/product\/249922","targetHints":{"allow":["GET"]}}],"collection":[{"href":"https:\/\/www.gestiriego.com\/fr\/wp-json\/wp\/v2\/product"}],"about":[{"href":"https:\/\/www.gestiriego.com\/fr\/wp-json\/wp\/v2\/types\/product"}],"replies":[{"embeddable":true,"href":"https:\/\/www.gestiriego.com\/fr\/wp-json\/wp\/v2\/comments?post=249922"}],"wp:featuredmedia":[{"embeddable":true,"href":"https:\/\/www.gestiriego.com\/fr\/wp-json\/wp\/v2\/media\/253258"}],"wp:attachment":[{"href":"https:\/\/www.gestiriego.com\/fr\/wp-json\/wp\/v2\/media?parent=249922"}],"wp:term":[{"taxonomy":"product_brand","embeddable":true,"href":"https:\/\/www.gestiriego.com\/fr\/wp-json\/wp\/v2\/product_brand?post=249922"},{"taxonomy":"product_cat","embeddable":true,"href":"https:\/\/www.gestiriego.com\/fr\/wp-json\/wp\/v2\/product_cat?post=249922"},{"taxonomy":"product_tag","embeddable":true,"href":"https:\/\/www.gestiriego.com\/fr\/wp-json\/wp\/v2\/product_tag?post=249922"}],"curies":[{"name":"wp","href":"https:\/\/api.w.org\/{rel}","templated":true}]}}