{"id":249926,"date":"2022-10-25T04:33:15","date_gmt":"2022-10-25T04:33:15","guid":{"rendered":"https:\/\/www.gestiriego.com\/joint-a-deux-levres-pour-pvc\/"},"modified":"2024-04-10T16:24:55","modified_gmt":"2024-04-10T16:24:55","slug":"joint-a-deux-levres-pour-pvc","status":"publish","type":"product","link":"https:\/\/www.gestiriego.com\/fr\/joint-a-deux-levres-pour-pvc\/","title":{"rendered":"JOINT \u00c0 DEUX L\u00c8VRES POUR PVC"},"content":{"rendered":"<p style=\"text-align: center;\"><div class=\"ntb_table_wrapper ninja_table_builder_instance_0\"\n     id='ninja_table_builder_250027'\n     data-ninja_table_builder_instance=\"ninja_table_builder_instance_0\"\n     style=\"\n     max-height:600px;\n     max-width: 1160px;\">\n     <table id=\"ntb_table\" role=\"table\" class=\"table ninja_tables_builder_class_250027 ntb_250027\" style=\"margin: 0px auto; table-layout: fixed; border-collapse: separate; border: 0px solid rgb(0, 0, 0); font-family: Arial; border-spacing: 0px 3px;\"> <tbody class=\"tbody\"><tr id=\"tr_id_1224164\" class=\"desktop-view tr_class_1224164 \" style=\"background: rgb(252, 72, 30);\"> <td id=\"td_id_09712766\" rowspan=\"1\" colspan=\"6\" class=\"td_class_09712766 table-data\" style=\"padding: 10px; max-width: 180px; min-width: 180px;\"><div id=\"td_id_09712766\"><div class=\"single-item other-item\"><div class=\"ntb-datas-wrapper\" style=\"margin: 0px;\"><span class=\"hover-item\" style=\"padding: 5px 0px; font-weight: bold; font-style: normal; text-decoration: none; font-size: 15px; display: block; text-align: center; color: rgb(255, 255, 255); opacity: 1; line-height: 1.2;\">JOINT \u00c0 DEUX L\u00c8VRES POUR PVC<\/span>  <\/div> <\/div><\/div><\/td><td id=\"td_id_00121224\" rowspan=\"0\" colspan=\"0\" class=\"td_class_00121224 table-data\" style=\"padding: 10px; max-width: 180px; min-width: 180px; display: none;\"><div id=\"td_id_00121224\"><div class=\"single-item other-item\"><div class=\"ntb-datas-wrapper\" style=\"margin: 0px;\"><span class=\"hover-item\" style=\"padding: 0px; font-weight: normal; font-style: normal; text-decoration: none; font-size: 12px; display: block; text-align: center; color: rgb(0, 0, 1); opacity: 0.4; line-height: 1.2;\">Add New<\/span>  <\/div> <\/div><\/div><\/td><td id=\"td_id_92661222\" rowspan=\"0\" colspan=\"0\" class=\"td_class_92661222 table-data\" style=\"padding: 10px; max-width: 150px; min-width: 150px; display: none;\"><div id=\"td_id_92661222\"><div class=\"single-item other-item\"><div class=\"ntb-datas-wrapper\" style=\"margin: 0px;\"><span class=\"hover-item\" style=\"padding: 0px; font-weight: normal; font-style: normal; text-decoration: none; font-size: 12px; display: block; text-align: center; color: rgb(0, 0, 1); opacity: 0.4; line-height: 1.2;\">Add New<\/span>  <\/div> <\/div><\/div><\/td><td id=\"td_id_61992627\" rowspan=\"0\" colspan=\"0\" class=\"td_class_61992627 table-data\" style=\"padding: 10px; max-width: 180px; min-width: 180px; display: none;\"><div id=\"td_id_61992627\"><div class=\"single-item other-item\"><div class=\"ntb-datas-wrapper\" style=\"margin: 0px;\"><span class=\"hover-item\" style=\"padding: 0px; font-weight: normal; font-style: normal; text-decoration: none; font-size: 12px; display: block; text-align: center; color: rgb(0, 0, 1); opacity: 0.4; line-height: 1.2;\">Add New<\/span>  <\/div> <\/div><\/div><\/td><td id=\"td_id_12191621\" rowspan=\"0\" colspan=\"0\" class=\"td_class_12191621 table-data\" style=\"padding: 10px; max-width: 180px; min-width: 180px; display: none;\"><div id=\"td_id_12191621\"><div class=\"single-item other-item\"><div class=\"ntb-datas-wrapper\" style=\"margin: 0px;\"><span class=\"hover-item\" style=\"padding: 0px; font-weight: normal; font-style: normal; text-decoration: none; font-size: 12px; display: block; text-align: center; color: rgb(0, 0, 1); opacity: 0.4; line-height: 1.2;\">Add New<\/span>  <\/div> <\/div><\/div><\/td><td id=\"td_id_61397269\" rowspan=\"0\" colspan=\"0\" class=\"td_class_61397269 table-data\" style=\"padding: 10px; max-width: 180px; min-width: 180px; display: none;\"><div id=\"td_id_61397269\"><div class=\"single-item other-item\"><div class=\"ntb-datas-wrapper\" style=\"margin: 0px;\"><span class=\"hover-item\" style=\"padding: 0px; font-weight: normal; font-style: normal; text-decoration: none; font-size: 12px; display: block; text-align: center; color: rgb(0, 0, 1); opacity: 0.4; line-height: 1.2;\">Add New<\/span>  <\/div> <\/div><\/div><\/td><\/tr><tr id=\"tr_id_3921746\" class=\"desktop-view tr_class_3921746 \" style=\"background: rgb(248, 201, 180);\"> <td id=\"td_id_38889019\" rowspan=\"1\" colspan=\"1\" class=\"td_class_38889019 table-data\" style=\"padding: 10px; max-width: 180px; min-width: 180px;\"><div id=\"td_id_38889019\"><div class=\"single-item other-item\"><div class=\"ntb-datas-wrapper\" style=\"margin: 0px;\"><span class=\"hover-item\" style=\"padding: 0px; font-weight: normal; font-style: normal; text-decoration: none; font-size: 14px; display: block; text-align: center; color: rgb(255, 0, 0); opacity: 1; line-height: 1.2;\">MESURES<\/span>  <\/div> <\/div><\/div><\/td><td id=\"td_id_50226953\" rowspan=\"1\" colspan=\"2\" class=\"td_class_50226953 table-data\" style=\"padding: 10px; max-width: 180px; min-width: 180px;\"><div id=\"td_id_50226953\"><div class=\"single-item other-item\"><div class=\"ntb-datas-wrapper\" style=\"margin: 0px;\"><span class=\"hover-item\" style=\"padding: 0px; font-weight: normal; font-style: normal; text-decoration: none; font-size: 14px; display: block; text-align: center; color: rgb(255, 0, 0); opacity: 1; line-height: 1.2;\">BO\u00ceTE<\/span>  <\/div> <\/div><\/div><\/td><td id=\"td_id_18103169\" rowspan=\"0\" colspan=\"0\" class=\"td_class_18103169 table-data\" style=\"padding: 10px; max-width: 170px; min-width: 170px; display: none;\"><div id=\"td_id_18103169\"><div class=\"single-item other-item\"><div class=\"ntb-datas-wrapper\" style=\"margin: 0px;\"><span class=\"hover-item\" style=\"padding: 0px; font-weight: normal; font-style: normal; text-decoration: none; font-size: 14px; display: block; text-align: center; color: rgb(255, 0, 0); opacity: 1; line-height: 1.2;\">CAUDAL CIRCULANTE<\/span>  <\/div> <\/div><\/div><\/td><td id=\"td_id_11923743\" rowspan=\"1\" colspan=\"1\" class=\"td_class_11923743 table-data\" style=\"padding: 10px; max-width: 180px; min-width: 180px;\"><div id=\"td_id_11923743\"><div class=\"single-item other-item\"><div class=\"ntb-datas-wrapper\" style=\"margin: 0px;\"><span class=\"hover-item\" style=\"padding: 0px; font-weight: normal; font-style: normal; text-decoration: none; font-size: 14px; display: block; text-align: center; color: rgb(255, 0, 0); opacity: 1; line-height: 1.2;\">U. PAR BO\u00ceTE<\/span>  <\/div> <\/div><\/div><\/td><td id=\"td_id_17798536\" rowspan=\"1\" colspan=\"1\" class=\"td_class_17798536 table-data\" style=\"padding: 10px; max-width: 180px; min-width: 180px;\"><div id=\"td_id_17798536\"><div class=\"single-item other-item\"><div class=\"ntb-datas-wrapper\" style=\"margin: 0px;\"><span class=\"hover-item\" style=\"padding: 0px; font-weight: normal; font-style: normal; text-decoration: none; font-size: 14px; display: block; text-align: center; color: rgb(255, 0, 0); opacity: 1; line-height: 1.2;\">U. PAR SAC<\/span>  <\/div> <\/div><\/div><\/td><td id=\"td_id_17978086\" rowspan=\"1\" colspan=\"1\" class=\"td_class_17978086 table-data\" style=\"padding: 10px; max-width: 180px; min-width: 180px;\"><div id=\"td_id_17978086\"><div class=\"single-item other-item\"><div class=\"ntb-datas-wrapper\" style=\"margin: 0px;\"><span class=\"hover-item\" style=\"padding: 0px; font-weight: normal; font-style: normal; text-decoration: none; font-size: 14px; display: block; text-align: center; color: rgb(255, 0, 0); opacity: 1; line-height: 1.2;\">CODE<\/span>  <\/div> <\/div><\/div><\/td><\/tr><tr id=\"tr_id_2849256\" class=\"desktop-view tr_class_2849256 \" style=\"background: rgb(166, 165, 165);\"> <td id=\"td_id_50544400\" rowspan=\"1\" colspan=\"1\" class=\"td_class_50544400 table-data\" style=\"padding: 10px; max-width: 180px; min-width: 180px;\"><div id=\"td_id_50544400\"><div class=\"single-item other-item\"><div class=\"ntb-datas-wrapper\" style=\"margin: 0px;\"><span class=\"hover-item\" style=\"padding: 0px; font-weight: normal; font-style: normal; text-decoration: none; font-size: 14px; display: block; text-align: center; color: rgb(255, 255, 255); opacity: 1; line-height: 1.2;\">(mm)<\/span>  <\/div> <\/div><\/div><\/td><td id=\"td_id_64006357\" rowspan=\"1\" colspan=\"2\" class=\"td_class_64006357 table-data\" style=\"padding: 10px; max-width: 180px; min-width: 180px;\"><div id=\"td_id_64006357\"><\/div><\/td><td id=\"td_id_17640624\" rowspan=\"0\" colspan=\"0\" class=\"td_class_17640624 table-data\" style=\"padding: 10px; max-width: 170px; min-width: 170px; display: none;\"><div id=\"td_id_17640624\"><div class=\"single-item other-item\"><div class=\"ntb-datas-wrapper\" style=\"margin: 0px;\"><span class=\"hover-item\" style=\"padding: 0px; font-weight: normal; font-style: normal; text-decoration: none; font-size: 14px; display: block; text-align: center; color: rgb(255, 255, 255); opacity: 1; line-height: 1.2;\">(l\/h)<\/span>  <\/div> <\/div><\/div><\/td><td id=\"td_id_85102598\" rowspan=\"1\" colspan=\"1\" class=\"td_class_85102598 table-data\" style=\"padding: 10px; max-width: 180px; min-width: 180px;\"><div id=\"td_id_85102598\"><\/div><\/td><td id=\"td_id_17099887\" rowspan=\"1\" colspan=\"1\" class=\"td_class_17099887 table-data\" style=\"padding: 10px; max-width: 180px; min-width: 180px;\"><div id=\"td_id_17099887\"><\/div><\/td><td id=\"td_id_38333640\" rowspan=\"1\" colspan=\"1\" class=\"td_class_38333640 table-data\" style=\"padding: 10px; max-width: 180px; min-width: 180px;\"><div id=\"td_id_38333640\"><\/div><\/td><\/tr><tr id=\"tr_id_1444466\" class=\"desktop-view tr_class_1444466 \" style=\"background: rgb(255, 255, 255);\"> <td id=\"td_id_76471646\" rowspan=\"1\" colspan=\"1\" class=\"td_class_76471646 table-data\" style=\"padding: 10px; max-width: 180px; min-width: 180px;\"><div id=\"td_id_76471646\"><div class=\"single-item other-item\"><div class=\"ntb-datas-wrapper\" style=\"margin: 0px 0px 4px;\"><span class=\"hover-item\" style=\"padding: 0px; font-weight: normal; font-style: normal; text-decoration: none; font-size: 13px; display: block; text-align: center; color: rgb(0, 0, 1); opacity: 1; line-height: 1.2;\">16<\/span>  <\/div> <\/div><\/div><\/td><td id=\"td_id_44666667\" rowspan=\"1\" colspan=\"2\" class=\"td_class_44666667 table-data\" style=\"padding: 10px; max-width: 180px; min-width: 180px;\"><div id=\"td_id_44666667\"><div class=\"single-item other-item\"><div class=\"ntb-datas-wrapper\" style=\"margin: 0px 0px 4px;\"><span class=\"hover-item\" style=\"padding: 0px; font-weight: normal; font-style: normal; text-decoration: none; font-size: 13px; display: block; text-align: center; color: rgb(0, 0, 1); opacity: 1; line-height: 1.2;\">C4<\/span>  <\/div> <\/div><\/div><\/td><td id=\"td_id_07446440\" rowspan=\"0\" colspan=\"0\" class=\"td_class_07446440 table-data\" style=\"padding: 10px; max-width: 170px; min-width: 170px; display: none;\"><div id=\"td_id_07446440\"><div class=\"single-item other-item\"><div class=\"ntb-datas-wrapper\" style=\"margin: 0px 0px 4px;\"><span class=\"hover-item\" style=\"padding: 0px; font-weight: normal; font-style: normal; text-decoration: none; font-size: 13px; display: block; text-align: center; color: rgb(0, 0, 1); opacity: 1; line-height: 1.2;\">380<\/span>  <\/div> <\/div><\/div><\/td><td id=\"td_id_44667346\" rowspan=\"1\" colspan=\"1\" class=\"td_class_44667346 table-data\" style=\"padding: 10px; max-width: 180px; min-width: 180px;\"><div id=\"td_id_44667346\"><div class=\"single-item other-item\"><div class=\"ntb-datas-wrapper\" style=\"margin: 0px 0px 4px;\"><span class=\"hover-item\" style=\"padding: 0px; font-weight: normal; font-style: normal; text-decoration: none; font-size: 13px; display: block; text-align: center; color: rgb(0, 0, 1); opacity: 1; line-height: 1.2;\">1500<\/span>  <\/div> <\/div><\/div><\/td><td id=\"td_id_66663663\" rowspan=\"1\" colspan=\"1\" class=\"td_class_66663663 table-data\" style=\"padding: 10px; max-width: 180px; min-width: 180px;\"><div id=\"td_id_66663663\"><div class=\"single-item other-item\"><div class=\"ntb-datas-wrapper\" style=\"margin: 0px 0px 4px;\"><span class=\"hover-item\" style=\"padding: 0px; font-weight: normal; font-style: normal; text-decoration: none; font-size: 13px; display: block; text-align: center; color: rgb(0, 0, 1); opacity: 1; line-height: 1.2;\">250<\/span>  <\/div> <\/div><\/div><\/td><td id=\"td_id_76376643\" rowspan=\"1\" colspan=\"1\" class=\"td_class_76376643 table-data\" style=\"padding: 10px; max-width: 180px; min-width: 180px;\"><div id=\"td_id_76376643\"><div class=\"single-item other-item\"><div class=\"ntb-datas-wrapper\" style=\"margin: 0px 0px 4px;\"><span class=\"hover-item\" style=\"padding: 0px; font-weight: normal; font-style: normal; text-decoration: none; font-size: 13px; display: block; text-align: center; color: rgb(0, 0, 1); opacity: 1; line-height: 1.2;\">454809<\/span>  <\/div> <\/div><\/div><\/td><\/tr><tr id=\"tr_id_1661661\" class=\"desktop-view tr_class_1661661 \" style=\"background: rgb(213, 213, 212);\"> <td id=\"td_id_16657711\" rowspan=\"1\" colspan=\"1\" class=\"td_class_16657711 table-data\" style=\"padding: 10px; max-width: 180px; min-width: 180px;\"><div id=\"td_id_16657711\"><div class=\"single-item other-item\"><div class=\"ntb-datas-wrapper\" style=\"margin: 0px 0px 4px;\"><span class=\"hover-item\" style=\"padding: 0px; font-weight: normal; font-style: normal; text-decoration: none; font-size: 13px; display: block; text-align: center; color: rgb(0, 0, 1); opacity: 1; line-height: 1.2;\">Foret conique de 16mm<\/span>  <\/div> <\/div><\/div><\/td><td id=\"td_id_15716467\" rowspan=\"1\" colspan=\"2\" class=\"td_class_15716467 table-data\" style=\"padding: 10px; max-width: 180px; min-width: 180px;\"><div id=\"td_id_15716467\"><div class=\"single-item other-item\"><div class=\"ntb-datas-wrapper\" style=\"margin: 0px 0px 4px;\"><span class=\"hover-item\" style=\"padding: 0px; font-weight: normal; font-style: normal; text-decoration: none; font-size: 13px; display: block; text-align: center; color: rgb(0, 0, 1); opacity: 1; line-height: 1.2;\">-<\/span>  <\/div> <\/div><\/div><\/td><td id=\"td_id_26711161\" rowspan=\"0\" colspan=\"0\" class=\"td_class_26711161 table-data\" style=\"padding: 10px; max-width: 170px; min-width: 170px; display: none;\"><div id=\"td_id_26711161\"><div class=\"single-item other-item\"><div class=\"ntb-datas-wrapper\" style=\"margin: 0px 0px 4px;\"><span class=\"hover-item\" style=\"padding: 0px; font-weight: normal; font-style: normal; text-decoration: none; font-size: 13px; display: block; text-align: center; color: rgb(0, 0, 1); opacity: 1; line-height: 1.2;\">380<\/span>  <\/div> <\/div><\/div><\/td><td id=\"td_id_14652265\" rowspan=\"1\" colspan=\"1\" class=\"td_class_14652265 table-data\" style=\"padding: 10px; max-width: 180px; min-width: 180px;\"><div id=\"td_id_14652265\"><div class=\"single-item other-item\"><div class=\"ntb-datas-wrapper\" style=\"margin: 0px 0px 4px;\"><span class=\"hover-item\" style=\"padding: 0px; font-weight: normal; font-style: normal; text-decoration: none; font-size: 13px; display: block; text-align: center; color: rgb(0, 0, 1); opacity: 1; line-height: 1.2;\">1<\/span>  <\/div> <\/div><\/div><\/td><td id=\"td_id_16465526\" rowspan=\"1\" colspan=\"1\" class=\"td_class_16465526 table-data\" style=\"padding: 10px; max-width: 180px; min-width: 180px;\"><div id=\"td_id_16465526\"><div class=\"single-item other-item\"><div class=\"ntb-datas-wrapper\" style=\"margin: 0px 0px 4px;\"><span class=\"hover-item\" style=\"padding: 0px; font-weight: normal; font-style: normal; text-decoration: none; font-size: 13px; display: block; text-align: center; color: rgb(0, 0, 1); opacity: 1; line-height: 1.2;\">-<\/span>  <\/div> <\/div><\/div><\/td><td id=\"td_id_14656711\" rowspan=\"1\" colspan=\"1\" class=\"td_class_14656711 table-data\" style=\"padding: 10px; max-width: 180px; min-width: 180px;\"><div id=\"td_id_14656711\"><div class=\"single-item other-item\"><div class=\"ntb-datas-wrapper\" style=\"margin: 0px 0px 4px;\"><span class=\"hover-item\" style=\"padding: 0px; font-weight: normal; font-style: normal; text-decoration: none; font-size: 13px; display: block; text-align: center; color: rgb(0, 0, 1); opacity: 1; line-height: 1.2;\">459606<\/span>  <\/div> <\/div><\/div><\/td><\/tr><\/tbody><\/table><\/div>\n<\/p>\n","protected":false},"excerpt":{"rendered":"<h2><span style=\"font-size: medium;\"><strong>ACCESSOIRES DE BASE MICRO-IRRIGATION JOINTS<\/strong><\/span><\/h2>\n<p>GAMME ACCESSOIRES POUR PVC Les joints \u00e0 une ou deux l\u00e8vres sont utilis\u00e9s pour le raccordement de tuyaux en PE dans des tuyaux en PVC, afin de nous assurer une connexion \u00e9tanche.<\/p>\n<p> \u00c0 l&rsquo;aide du foret conique, le tuyau en PVC est perc\u00e9 et le joint \u00e0 une l\u00e8vre\/ deux l\u00e8vres est ins\u00e9r\u00e9, la prise y est incorpor\u00e9e et, enfin, le tuyau en PE y est raccord\u00e9.<\/p>\n<p>Compatible avec jonction gaine, jonction de s\u00e9curit\u00e9 orange, jonction cannel\u00e9e de s\u00e9curit\u00e9, jonction cannel\u00e9e et vanne cannel\u00e9e GTR avec jonction.<\/p>\n<p>&nbsp;<\/p>\n<p><a class=\"btn-black\" href=\"https:\/\/www.gestiriego.com\/fichas-tecnicas\/9-accesorios-riego-por-goteo\/5-ficha_juntas.pdf\" rel=\"noopener\">Fiche technique<\/a><\/p>\n","protected":false},"featured_media":249927,"comment_status":"open","ping_status":"closed","template":"","meta":{"_et_pb_use_builder":"","_et_pb_old_content":"","_et_gb_content_width":""},"product_brand":[],"product_cat":[299,322],"product_tag":[306],"class_list":{"0":"post-249926","1":"product","2":"type-product","3":"status-publish","4":"has-post-thumbnail","6":"product_cat-accessoires-dirrigation-goutte-a-goutte","7":"product_cat-connecteurs","8":"product_tag-produit-en-francais","10":"first","11":"instock","12":"shipping-taxable","13":"product-type-simple"},"_links":{"self":[{"href":"https:\/\/www.gestiriego.com\/fr\/wp-json\/wp\/v2\/product\/249926","targetHints":{"allow":["GET"]}}],"collection":[{"href":"https:\/\/www.gestiriego.com\/fr\/wp-json\/wp\/v2\/product"}],"about":[{"href":"https:\/\/www.gestiriego.com\/fr\/wp-json\/wp\/v2\/types\/product"}],"replies":[{"embeddable":true,"href":"https:\/\/www.gestiriego.com\/fr\/wp-json\/wp\/v2\/comments?post=249926"}],"wp:featuredmedia":[{"embeddable":true,"href":"https:\/\/www.gestiriego.com\/fr\/wp-json\/wp\/v2\/media\/249927"}],"wp:attachment":[{"href":"https:\/\/www.gestiriego.com\/fr\/wp-json\/wp\/v2\/media?parent=249926"}],"wp:term":[{"taxonomy":"product_brand","embeddable":true,"href":"https:\/\/www.gestiriego.com\/fr\/wp-json\/wp\/v2\/product_brand?post=249926"},{"taxonomy":"product_cat","embeddable":true,"href":"https:\/\/www.gestiriego.com\/fr\/wp-json\/wp\/v2\/product_cat?post=249926"},{"taxonomy":"product_tag","embeddable":true,"href":"https:\/\/www.gestiriego.com\/fr\/wp-json\/wp\/v2\/product_tag?post=249926"}],"curies":[{"name":"wp","href":"https:\/\/api.w.org\/{rel}","templated":true}]}}