{"id":250313,"date":"2022-10-17T10:41:42","date_gmt":"2022-10-17T10:41:42","guid":{"rendered":"https:\/\/www.gestiriego.com\/ventouses-vp-double-effet\/"},"modified":"2025-04-30T11:13:04","modified_gmt":"2025-04-30T11:13:04","slug":"ventouses-vp-double-effet","status":"publish","type":"product","link":"https:\/\/www.gestiriego.com\/fr\/ventouses-vp-double-effet\/","title":{"rendered":"VENTOUSES VP DOUBLE EFFET"},"content":{"rendered":"<p style=\"text-align: center;\"><div class=\"ntb_table_wrapper ninja_table_builder_instance_0\"\n     id='ninja_table_builder_240397'\n     data-ninja_table_builder_instance=\"ninja_table_builder_instance_0\"\n     style=\"\n     max-height:600px;\n     max-width: 1160px;\">\n    <!----> <table id=\"ntb_table\" role=\"table\" class=\"table ninja_tables_builder_class_240397\" style=\"margin: 0px auto; table-layout: fixed; border-collapse: separate; border: 0px solid rgb(0, 0, 0); font-family: Arial; border-spacing: 0px 3px;\"><!----> <tbody class=\"tbody\"><tr id=\"tr_id_1224164\" class=\"desktop-view tr_class_1224164 \" style=\"background-color: rgb(252, 72, 30);\"><!----> <td id=\"td_id_09712766\" rowspan=\"1\" colspan=\"5\" class=\"td_class_09712766\" style=\"padding: 10px; max-width: 150px; min-width: 150px;\"><div id=\"td_id_09712766\"><div class=\"single-item other-item\" draggable=\"false\"><div class=\"ntb-datas-wrapper\" style=\"margin: 0px;\"><span class=\"hover-item\" style=\"padding: 5px 0px; font-weight: bold; font-style: normal; text-decoration: none; font-size: 15px; display: block; text-align: center; color: rgb(255, 255, 255); opacity: 1; line-height: 1.2;\">VENTOSAS VP DOBLE EFECTO<\/span> <!----> <!----><\/div> <div class=\"ntb-elements-wrapper remove-elements\" style=\"\"><!----><\/div> <div class=\"icon-style remove-elements\" style=\"margin-left: 0px; margin-right: 0px; width: auto;\"><i class=\"el-icon-rank\"><\/i> <i class=\"el-icon-copy-document\"><\/i> <i class=\"el-icon-delete\"><\/i><\/div><\/div><\/div><\/td><td id=\"td_id_00121224\" rowspan=\"0\" colspan=\"0\" class=\"td_class_00121224\" style=\"padding: 10px; max-width: 150px; min-width: 150px; display: none;\"><div id=\"td_id_00121224\"><div class=\"single-item other-item\"><div class=\"ntb-datas-wrapper\" style=\"margin: 0px;\"><span class=\"hover-item\" style=\"padding: 0px; font-weight: normal; font-style: normal; text-decoration: none; font-size: 12px; display: block; text-align: center; color: rgb(0, 0, 1); opacity: 0.4; line-height: 1.2;\">Add New<\/span> <!----> <!----><\/div> <div class=\"ntb-elements-wrapper remove-elements\"><!----><\/div> <div class=\"icon-style remove-elements\" style=\"margin-left: 0px; margin-right: 0px; width: auto;\"><i class=\"el-icon-rank\"><\/i> <i class=\"el-icon-copy-document\"><\/i> <i class=\"el-icon-delete\"><\/i><\/div><\/div><\/div><\/td><td id=\"td_id_92661222\" rowspan=\"0\" colspan=\"0\" class=\"td_class_92661222\" style=\"padding: 10px; max-width: 150px; min-width: 150px; display: none;\"><div id=\"td_id_92661222\"><div class=\"single-item other-item\"><div class=\"ntb-datas-wrapper\" style=\"margin: 0px;\"><span class=\"hover-item\" style=\"padding: 0px; font-weight: normal; font-style: normal; text-decoration: none; font-size: 12px; display: block; text-align: center; color: rgb(0, 0, 1); opacity: 0.4; line-height: 1.2;\">Add New<\/span> <!----> <!----><\/div> <div class=\"ntb-elements-wrapper remove-elements\"><!----><\/div> <div class=\"icon-style remove-elements\" style=\"margin-left: 0px; margin-right: 0px; width: auto;\"><i class=\"el-icon-rank\"><\/i> <i class=\"el-icon-copy-document\"><\/i> <i class=\"el-icon-delete\"><\/i><\/div><\/div><\/div><\/td><td id=\"td_id_61992627\" rowspan=\"0\" colspan=\"0\" class=\"td_class_61992627\" style=\"padding: 10px; max-width: 150px; min-width: 150px; display: none;\"><div id=\"td_id_61992627\"><div class=\"single-item other-item\"><div class=\"ntb-datas-wrapper\" style=\"margin: 0px;\"><span class=\"hover-item\" style=\"padding: 0px; font-weight: normal; font-style: normal; text-decoration: none; font-size: 12px; display: block; text-align: center; color: rgb(0, 0, 1); opacity: 0.4; line-height: 1.2;\">Add New<\/span> <!----> <!----><\/div> <div class=\"ntb-elements-wrapper remove-elements\"><!----><\/div> <div class=\"icon-style remove-elements\" style=\"margin-left: 0px; margin-right: 0px; width: auto;\"><i class=\"el-icon-rank\"><\/i> <i class=\"el-icon-copy-document\"><\/i> <i class=\"el-icon-delete\"><\/i><\/div><\/div><\/div><\/td><td id=\"td_id_12191621\" rowspan=\"0\" colspan=\"0\" class=\"td_class_12191621\" style=\"padding: 10px; max-width: 150px; min-width: 150px; display: none;\"><div id=\"td_id_12191621\"><div class=\"single-item other-item\"><div class=\"ntb-datas-wrapper\" style=\"margin: 0px;\"><span class=\"hover-item\" style=\"padding: 0px; font-weight: normal; font-style: normal; text-decoration: none; font-size: 12px; display: block; text-align: center; color: rgb(0, 0, 1); opacity: 0.4; line-height: 1.2;\">Add New<\/span> <!----> <!----><\/div> <div class=\"ntb-elements-wrapper remove-elements\"><!----><\/div> <div class=\"icon-style remove-elements\" style=\"margin-left: 0px; margin-right: 0px; width: auto;\"><i class=\"el-icon-rank\"><\/i> <i class=\"el-icon-copy-document\"><\/i> <i class=\"el-icon-delete\"><\/i><\/div><\/div><\/div><\/td><\/tr><tr id=\"tr_id_3921746\" class=\"desktop-view tr_class_3921746 \" style=\"background-color: rgb(248, 201, 180);\"><!----> <td id=\"td_id_38889019\" rowspan=\"1\" colspan=\"1\" class=\"td_class_38889019\" style=\"padding: 10px; max-width: 150px; min-width: 150px;\"><div id=\"td_id_38889019\"><div class=\"single-item other-item\"><div class=\"ntb-datas-wrapper\" style=\"margin: 0px;\"><span class=\"hover-item\" style=\"padding: 0px; font-weight: normal; font-style: normal; text-decoration: none; font-size: 14px; display: block; text-align: center; color: rgb(255, 0, 0); opacity: 1; line-height: 1.2;\">TIPO<\/span> <!----> <!----><\/div> <div class=\"ntb-elements-wrapper remove-elements\"><!----><\/div> <div class=\"icon-style remove-elements\" style=\"margin-left: 0px; margin-right: 0px; width: auto;\"><i class=\"el-icon-rank\"><\/i> <i class=\"el-icon-copy-document\"><\/i> <i class=\"el-icon-delete\"><\/i><\/div><\/div><\/div><\/td><td id=\"td_id_50226953\" rowspan=\"1\" colspan=\"1\" class=\"td_class_50226953\" style=\"padding: 10px; max-width: 150px; min-width: 150px;\"><div id=\"td_id_50226953\"><div class=\"single-item other-item\"><div class=\"ntb-datas-wrapper\" style=\"margin: 0px;\"><span class=\"hover-item\" style=\"padding: 0px; font-weight: normal; font-style: normal; text-decoration: none; font-size: 14px; display: block; text-align: center; color: rgb(255, 0, 0); opacity: 1; line-height: 1.2;\">MEDIDA<\/span> <!----> <!----><\/div> <div class=\"ntb-elements-wrapper remove-elements\"><!----><\/div> <div class=\"icon-style remove-elements\" style=\"margin-left: 0px; margin-right: 0px; width: auto;\"><i class=\"el-icon-rank\"><\/i> <i class=\"el-icon-copy-document\"><\/i> <i class=\"el-icon-delete\"><\/i><\/div><\/div><\/div><\/td><td id=\"td_id_18103169\" rowspan=\"1\" colspan=\"1\" class=\"td_class_18103169\" style=\"padding: 10px; max-width: 170px; min-width: 170px;\"><div id=\"td_id_18103169\"><div class=\"single-item other-item\"><div class=\"ntb-datas-wrapper\" style=\"margin: 0px;\"><span class=\"hover-item\" style=\"padding: 0px; font-weight: normal; font-style: normal; text-decoration: none; font-size: 14px; display: block; text-align: center; color: rgb(255, 0, 0); opacity: 1; line-height: 1.2;\">UDS. CAJA<\/span> <!----> <!----><\/div> <div class=\"ntb-elements-wrapper remove-elements\"><!----><\/div> <div class=\"icon-style remove-elements\" style=\"margin-left: 0px; margin-right: 0px; width: auto;\"><i class=\"el-icon-rank\"><\/i> <i class=\"el-icon-copy-document\"><\/i> <i class=\"el-icon-delete\"><\/i><\/div><\/div><\/div><\/td><td id=\"td_id_11923743\" rowspan=\"1\" colspan=\"1\" class=\"td_class_11923743\" style=\"padding: 10px; max-width: 150px; min-width: 150px;\"><div id=\"td_id_11923743\"><div class=\"single-item other-item\"><div class=\"ntb-datas-wrapper\" style=\"margin: 0px;\"><span class=\"hover-item\" style=\"padding: 0px; font-weight: normal; font-style: normal; text-decoration: none; font-size: 14px; display: block; text-align: center; color: rgb(255, 0, 0); opacity: 1; line-height: 1.2;\">CAJA<\/span> <!----> <!----><\/div> <div class=\"ntb-elements-wrapper remove-elements\"><!----><\/div> <div class=\"icon-style remove-elements\" style=\"margin-left: 0px; margin-right: 0px; width: auto;\"><i class=\"el-icon-rank\"><\/i> <i class=\"el-icon-copy-document\"><\/i> <i class=\"el-icon-delete\"><\/i><\/div><\/div><\/div><\/td><td id=\"td_id_17798536\" rowspan=\"1\" colspan=\"1\" class=\"td_class_17798536\" style=\"padding: 10px; max-width: 150px; min-width: 150px;\"><div id=\"td_id_17798536\"><div class=\"single-item other-item\"><div class=\"ntb-datas-wrapper\" style=\"margin: 0px;\"><span class=\"hover-item\" style=\"padding: 0px; font-weight: normal; font-style: normal; text-decoration: none; font-size: 14px; display: block; text-align: center; color: rgb(255, 0, 0); opacity: 1; line-height: 1.2;\">C\u00d3DIGO<\/span> <!----> <!----><\/div> <div class=\"ntb-elements-wrapper remove-elements\"><!----><\/div> <div class=\"icon-style remove-elements\" style=\"margin-left: 0px; margin-right: 0px; width: auto;\"><i class=\"el-icon-rank\"><\/i> <i class=\"el-icon-copy-document\"><\/i> <i class=\"el-icon-delete\"><\/i><\/div><\/div><\/div><\/td><\/tr><tr id=\"tr_id_2849256\" class=\"desktop-view tr_class_2849256 \" style=\"background-color: rgb(166, 165, 165);\"><!----> <td id=\"td_id_50544400\" rowspan=\"1\" colspan=\"1\" class=\"td_class_50544400\" style=\"padding: 10px; max-width: 150px; min-width: 150px;\"><div id=\"td_id_50544400\"><\/div><\/td><td id=\"td_id_64006357\" rowspan=\"1\" colspan=\"1\" class=\"td_class_64006357\" style=\"padding: 10px; max-width: 150px; min-width: 150px;\"><div id=\"td_id_64006357\"><div class=\"single-item other-item\"><div class=\"ntb-datas-wrapper\" style=\"margin: 0px;\"><span class=\"hover-item\" style=\"padding: 0px; font-weight: normal; font-style: normal; text-decoration: none; font-size: 14px; display: block; text-align: center; color: rgb(255, 255, 255); opacity: 1; line-height: 1.2;\">(\u201c)<\/span> <!----> <!----><\/div> <div class=\"ntb-elements-wrapper remove-elements\"><!----><\/div> <div class=\"icon-style remove-elements\" style=\"margin-left: 0px; margin-right: 0px; width: auto;\"><i class=\"el-icon-rank\"><\/i> <i class=\"el-icon-copy-document\"><\/i> <i class=\"el-icon-delete\"><\/i><\/div><\/div><\/div><\/td><td id=\"td_id_17640624\" rowspan=\"1\" colspan=\"1\" class=\"td_class_17640624\" style=\"padding: 10px; max-width: 170px; min-width: 170px;\"><div id=\"td_id_17640624\"><\/div><\/td><td id=\"td_id_85102598\" rowspan=\"1\" colspan=\"1\" class=\"td_class_85102598\" style=\"padding: 10px; max-width: 150px; min-width: 150px;\"><div id=\"td_id_85102598\"><\/div><\/td><td id=\"td_id_17099887\" rowspan=\"1\" colspan=\"1\" class=\"td_class_17099887\" style=\"padding: 10px; max-width: 150px; min-width: 150px;\"><div id=\"td_id_17099887\"><\/div><\/td><\/tr><tr id=\"tr_id_7411161\" class=\"desktop-view tr_class_7411161 \" style=\"background-color: rgb(255, 255, 255);\"><!----> <td id=\"td_id_25232615\" rowspan=\"1\" colspan=\"1\" class=\"td_class_25232615\" style=\"padding: 10px; max-width: 150px; min-width: 150px;\"><div id=\"td_id_25232615\"><div class=\"single-item other-item\" draggable=\"false\"><div class=\"ntb-datas-wrapper\" style=\"margin: 0px;\"><span class=\"hover-item\" style=\"padding: 0px; font-weight: normal; font-style: normal; text-decoration: none; font-size: 14px; display: block; text-align: center; color: rgb(0, 0, 0); opacity: 1; line-height: 1.2;\">Doble efecto \/ VP-1<\/span> <!----> <!----><\/div> <div class=\"ntb-elements-wrapper remove-elements\" style=\"\"><!----><\/div> <div class=\"icon-style remove-elements\" style=\"margin-left: 0px; margin-right: 0px; width: auto;\"><i class=\"el-icon-rank\"><\/i> <i class=\"el-icon-copy-document\"><\/i> <i class=\"el-icon-delete\"><\/i><\/div><\/div><\/div><\/td><td id=\"td_id_56421338\" rowspan=\"1\" colspan=\"1\" class=\"td_class_56421338\" style=\"padding: 10px; max-width: 150px; min-width: 150px;\"><div id=\"td_id_56421338\"><div class=\"single-item other-item\"><div class=\"ntb-datas-wrapper\" style=\"margin: 0px;\"><span class=\"hover-item\" style=\"padding: 0px; font-weight: normal; font-style: normal; text-decoration: none; font-size: 14px; display: block; text-align: center; color: rgb(0, 0, 0); opacity: 1; line-height: 1.2;\">1<\/span> <!----> <!----><\/div> <div class=\"ntb-elements-wrapper remove-elements\"><!----><\/div> <div class=\"icon-style remove-elements\" style=\"margin-left: 0px; margin-right: 0px; width: auto;\"><i class=\"el-icon-rank\"><\/i> <i class=\"el-icon-copy-document\"><\/i> <i class=\"el-icon-delete\"><\/i><\/div><\/div><\/div><\/td><td id=\"td_id_13332231\" rowspan=\"1\" colspan=\"1\" class=\"td_class_13332231\" style=\"padding: 10px; max-width: 170px; min-width: 170px;\"><div id=\"td_id_13332231\"><div class=\"single-item other-item\"><div class=\"ntb-datas-wrapper\" style=\"margin: 0px;\"><span class=\"hover-item\" style=\"padding: 0px; font-weight: normal; font-style: normal; text-decoration: none; font-size: 14px; display: block; text-align: center; color: rgb(0, 0, 0); opacity: 1; line-height: 1.2;\">20<\/span> <!----> <!----><\/div> <div class=\"ntb-elements-wrapper remove-elements\"><!----><\/div> <div class=\"icon-style remove-elements\" style=\"margin-left: 0px; margin-right: 0px; width: auto;\"><i class=\"el-icon-rank\"><\/i> <i class=\"el-icon-copy-document\"><\/i> <i class=\"el-icon-delete\"><\/i><\/div><\/div><\/div><\/td><td id=\"td_id_88362415\" rowspan=\"1\" colspan=\"1\" class=\"td_class_88362415\" style=\"padding: 10px; max-width: 150px; min-width: 150px;\"><div id=\"td_id_88362415\"><div class=\"single-item other-item\"><div class=\"ntb-datas-wrapper\" style=\"margin: 0px;\"><span class=\"hover-item\" style=\"padding: 0px; font-weight: normal; font-style: normal; text-decoration: none; font-size: 14px; display: block; text-align: center; color: rgb(0, 0, 0); opacity: 1; line-height: 1.2;\">V1<\/span> <!----> <!----><\/div> <div class=\"ntb-elements-wrapper remove-elements\"><!----><\/div> <div class=\"icon-style remove-elements\" style=\"margin-left: 0px; margin-right: 0px; width: auto;\"><i class=\"el-icon-rank\"><\/i> <i class=\"el-icon-copy-document\"><\/i> <i class=\"el-icon-delete\"><\/i><\/div><\/div><\/div><\/td><td id=\"td_id_85555825\" rowspan=\"1\" colspan=\"1\" class=\"td_class_85555825\" style=\"padding: 10px; max-width: 150px; min-width: 150px;\"><div id=\"td_id_85555825\"><div class=\"single-item other-item\" draggable=\"false\"><div class=\"ntb-datas-wrapper\" style=\"margin: 0px;\"><span class=\"hover-item\" style=\"padding: 0px; font-weight: normal; font-style: normal; text-decoration: none; font-size: 14px; display: block; text-align: center; color: rgb(0, 0, 0); opacity: 1; line-height: 1.2;\">450530<\/span> <!----> <!----><\/div> <div class=\"ntb-elements-wrapper remove-elements\" style=\"\"><!----><\/div> <div class=\"icon-style remove-elements\" style=\"margin-left: 0px; margin-right: 0px; width: auto;\"><i class=\"el-icon-rank\"><\/i> <i class=\"el-icon-copy-document\"><\/i> <i class=\"el-icon-delete\"><\/i><\/div><\/div><\/div><\/td><\/tr><tr id=\"tr_id_6393316\" class=\"desktop-view tr_class_6393316 \" style=\"background-color: rgb(213, 213, 212);\"><!----> <td id=\"td_id_91669156\" rowspan=\"1\" colspan=\"1\" class=\"td_class_91669156\" style=\"padding: 10px; max-width: 150px; min-width: 150px;\"><div id=\"td_id_91669156\"><div class=\"single-item other-item\" draggable=\"false\"><div class=\"ntb-datas-wrapper\" style=\"margin: 0px;\"><span class=\"hover-item\" style=\"padding: 0px; font-weight: normal; font-style: normal; text-decoration: none; font-size: 14px; display: block; text-align: center; color: rgb(0, 0, 0); opacity: 1; line-height: 1.2;\">Doble efecto \/ VP-2<\/span> <!----> <!----><\/div> <div class=\"ntb-elements-wrapper remove-elements\" style=\"\"><!----><\/div> <div class=\"icon-style remove-elements\" style=\"margin-left: 0px; margin-right: 0px; width: auto;\"><i class=\"el-icon-rank\"><\/i> <i class=\"el-icon-copy-document\"><\/i> <i class=\"el-icon-delete\"><\/i><\/div><\/div><\/div><\/td><td id=\"td_id_55959331\" rowspan=\"1\" colspan=\"1\" class=\"td_class_55959331\" style=\"padding: 10px; max-width: 150px; min-width: 150px;\"><div id=\"td_id_55959331\"><div class=\"single-item other-item\"><div class=\"ntb-datas-wrapper\" style=\"margin: 0px;\"><span class=\"hover-item\" style=\"padding: 0px; font-weight: normal; font-style: normal; text-decoration: none; font-size: 14px; display: block; text-align: center; color: rgb(0, 0, 0); opacity: 1; line-height: 1.2;\">2<\/span> <!----> <!----><\/div> <div class=\"ntb-elements-wrapper remove-elements\"><!----><\/div> <div class=\"icon-style remove-elements\" style=\"margin-left: 0px; margin-right: 0px; width: auto;\"><i class=\"el-icon-rank\"><\/i> <i class=\"el-icon-copy-document\"><\/i> <i class=\"el-icon-delete\"><\/i><\/div><\/div><\/div><\/td><td id=\"td_id_56161155\" rowspan=\"1\" colspan=\"1\" class=\"td_class_56161155\" style=\"padding: 10px; max-width: 170px; min-width: 170px;\"><div id=\"td_id_56161155\"><div class=\"single-item other-item\" draggable=\"false\"><div class=\"ntb-datas-wrapper\" style=\"margin: 0px;\"><span class=\"hover-item\" style=\"padding: 0px; font-weight: normal; font-style: normal; text-decoration: none; font-size: 14px; display: block; text-align: center; color: rgb(0, 0, 0); opacity: 1; line-height: 1.2;\">12<\/span> <!----> <!----><\/div> <div class=\"ntb-elements-wrapper remove-elements\" style=\"\"><!----><\/div> <div class=\"icon-style remove-elements\" style=\"margin-left: 0px; margin-right: 0px; width: auto;\"><i class=\"el-icon-rank\"><\/i> <i class=\"el-icon-copy-document\"><\/i> <i class=\"el-icon-delete\"><\/i><\/div><\/div><\/div><\/td><td id=\"td_id_51131391\" rowspan=\"1\" colspan=\"1\" class=\"td_class_51131391\" style=\"padding: 10px; max-width: 150px; min-width: 150px;\"><div id=\"td_id_51131391\"><div class=\"single-item other-item\"><div class=\"ntb-datas-wrapper\" style=\"margin: 0px;\"><span class=\"hover-item\" style=\"padding: 0px; font-weight: normal; font-style: normal; text-decoration: none; font-size: 14px; display: block; text-align: center; color: rgb(0, 0, 0); opacity: 1; line-height: 1.2;\">V2<\/span> <!----> <!----><\/div> <div class=\"ntb-elements-wrapper remove-elements\"><!----><\/div> <div class=\"icon-style remove-elements\" style=\"margin-left: 0px; margin-right: 0px; width: auto;\"><i class=\"el-icon-rank\"><\/i> <i class=\"el-icon-copy-document\"><\/i> <i class=\"el-icon-delete\"><\/i><\/div><\/div><\/div><\/td><td id=\"td_id_56658555\" rowspan=\"1\" colspan=\"1\" class=\"td_class_56658555\" style=\"padding: 10px; max-width: 150px; min-width: 150px;\"><div id=\"td_id_56658555\"><div class=\"single-item other-item\" draggable=\"false\"><div class=\"ntb-datas-wrapper\" style=\"margin: 0px;\"><span class=\"hover-item\" style=\"padding: 0px; font-weight: normal; font-style: normal; text-decoration: none; font-size: 14px; display: block; text-align: center; color: rgb(0, 0, 0); opacity: 1; line-height: 1.2;\">450531<\/span> <!----> <!----><\/div> <div class=\"ntb-elements-wrapper remove-elements\" style=\"\"><!----><\/div> <div class=\"icon-style remove-elements\" style=\"margin-left: 0px; margin-right: 0px; width: auto;\"><i class=\"el-icon-rank\"><\/i> <i class=\"el-icon-copy-document\"><\/i> <i class=\"el-icon-delete\"><\/i><\/div><\/div><\/div><\/td><\/tr><\/tbody><\/table><\/div>\n<\/p>\n<div class='et-learn-more et-open clearfix'>\n\t\t\t\t\t<h3 class='heading-more open'>CARACTER\u00cdSTICAS\/BENEFICIOS VENTOSAS DOBLE EFECTO VP<span class='et_learnmore_arrow'><span><\/span><\/span><\/h3>\n\t\t\t\t\t<div class='learn-more-content'>\u221a AVEC LES VENTOUSES VP, VOTRE INSTALLATION EST S\u00c9CURIS\u00c9E. Elles vous prot\u00e8gent des probl\u00e8mes caus\u00e9s par l&rsquo;existence de l&rsquo;air. Avec les ventouses VP, les ruptures dues \u00e0 l&rsquo;accumulation d&rsquo;air sont \u00e9vit\u00e9es, ce qui permet \u00e0 l&rsquo;air de sortir des tuyaux \u00e0 la m\u00eame vitesse que celle \u00e0 laquelle l&rsquo;eau entre lors de la mise en service de l&rsquo;installation. Elles \u00e9liminent parfaitement tout type de sacs ou de bulles d&rsquo;air qui se produisent dans les points \u00e9lev\u00e9s et r\u00e9duisent la section de passage. Elles permettent \u00e0 l&rsquo;air de p\u00e9n\u00e9trer \u00e0 nouveau dans les tuyaux principaux et secondaires, emp\u00eachant la formation de vide, ce qui \u00e9limine l&rsquo;aspiration de boue ou de salet\u00e9 par les distributeurs et emp\u00eache l&rsquo;effondrement et l&rsquo;\u00e9crasement des tuyaux.<\/p>\n<p>\u221a FERMETURE WAVE SYSTEM. Fermeture exclusive \u00ab\u00b0Wave System\u00b0\u00bb brevet\u00e9e par GESTIRIEGO. Cela garantit le fonctionnement efficace de la ventouse, permettant l&rsquo;expulsion de d\u00e9bits d&rsquo;air \u00e9lev\u00e9s lorsque l&rsquo;installation est en charge et assurant une fermeture \u00e0 basse pression.<\/p>\n<p>\u221a UNE SEULE VENTOUSE G\u00c8RE LES 3 PHASES DE FONCTIONNEMENT DE VOTRE INSTALLATION AVEC UNE TAILLE TR\u00c8S R\u00c9DUITE. Remplissage de l&rsquo;installation\u00b0: l&rsquo;air est extrait efficacement, car le flotteur reste \u00e9loign\u00e9 de l&rsquo;orifice de sortie de l&rsquo;air cin\u00e9tique. Lorsque l&rsquo;eau atteint la ventouse VP, la pouss\u00e9e du flotteur soul\u00e8ve l&rsquo;obturateur, \u00e9tranglant ainsi le tube en silicone et fermant les orifices de sortie d&rsquo;air cin\u00e9tique et automatique. Dans cette situation, l&rsquo;\u00e9tanch\u00e9it\u00e9 de la ventouse est totale \u00e0 partir d&rsquo;une pression de 0,2 atm. Vidange de l&rsquo;installation\u00b0: lorsque l&rsquo;installation est vide, le flotteur descend \u00e0 c\u00f4t\u00e9 de l&rsquo;obturateur, provoquant l&rsquo;ouverture de l&rsquo;orifice cin\u00e9tique de la ventouse et permettant l&rsquo;aspiration d&rsquo;air de l&rsquo;ext\u00e9rieur, \u00e9vitant ainsi l&rsquo;\u00e9crasement des tuyaux. Fonctionnement en charge\u00b0: lorsque les poches d&rsquo;air atteignent la ventouse, le flotteur descend, d\u00e9ployant le tube en silicone, tandis que l&rsquo;obturateur reste, fermant l&rsquo;orifice de sortie de l&rsquo;air cin\u00e9tique, permettant la sortie automatique de l&rsquo;air \u00e0 travers le tube en silicone.<\/p>\n<p>\u221a MAT\u00c9RIAUX R\u00c9SISTANTS. Haute r\u00e9sistance \u00e0 la pression et aux agents chimiques dissous dans l&rsquo;eau d&rsquo;irrigation. Le joint et le tube sont en silicone, beaucoup plus r\u00e9sistant \u00e0 ces produits que des mat\u00e9riaux tels que l&rsquo;EPDM ou le NBR. De cette fa\u00e7on, il est possible de garantir le fonctionnement de la ventouse pendant une p\u00e9riode plus longue que celle des autres produits similaires existants sur le march\u00e9.<\/div>\n\t\t\t\t<\/div>\n<div class='et-learn-more clearfix'>\n\t\t\t\t\t<h3 class='heading-more'>APLICACIONES VENTOSAS DOBLE EFECTO VP<span class='et_learnmore_arrow'><span><\/span><\/span><\/h3>\n\t\t\t\t\t<div class='learn-more-content'>\u2022\u00c9l\u00e9ment indispensable dans toutes les conduites d&rsquo;eau sous pression.<\/p>\n<p>\u2022Convient aux applications agricoles, car ses mat\u00e9riaux sont tr\u00e8s r\u00e9sistants aux produits chimiques utilis\u00e9s.<\/p>\n<p>\u2022Installations d&rsquo;irrigation souterraine.<\/p>\n<p>\u2022Installations industrielles\u00b0: traitement de l&rsquo;eau, osmose, pompage, etc.<\/div>\n\t\t\t\t<\/div>\n<p>&nbsp;<\/p>\n","protected":false},"excerpt":{"rendered":"<h2><span style=\"font-size: medium;\"><strong>VENTOUSES D&rsquo;IRRIGATION VP DOUBLE EFFET<\/strong><\/span><\/h2>\n<p>Les ventouses VP prot\u00e8gent votre installation de l&rsquo;air dangereux qui se trouve \u00e0 l&rsquo;int\u00e9rieur. Elles ont les m\u00eames performances incroyables que les ventouses GTR\u00b0; la seule diff\u00e9rence est la taille, \u00e9tant plus petites et plus compactes.<\/p>\n<p>La gamme de ventouses GESTIRIEGO poss\u00e8de ses propres brevets, revendiquant des avantages exclusifs par rapport \u00e0 ses concurrentes.<\/p>\n<p>Brevet GESTIRIEGO P200502308 &#8211; Vanne \u00e0 triple fonction pour installations hydrauliques -, gr\u00e2ce \u00e0 laquelle on obtient une plus grande vitesse d&rsquo;extraction de l&rsquo;air r\u00e9siduel, gr\u00e2ce au syst\u00e8me de deux bou\u00e9es qui agissent de mani\u00e8re combin\u00e9e, garantissant \u00e9galement une fermeture herm\u00e9tique \u00e0 basse pression.<\/p>\n<p>&nbsp;<\/p>\n<p><a class=\"btn-black\" href=\"https:\/\/www.gestiriego.com\/wp-content\/uploads\/2025\/04\/ficha_ventosasVP_fr-ACTUALIZADO.pdf\" rel=\"noopener\">Fiche technique<\/a><\/p>\n","protected":false},"featured_media":250314,"comment_status":"open","ping_status":"closed","template":"","meta":{"_et_pb_use_builder":"","_et_pb_old_content":"","_et_gb_content_width":""},"product_brand":[],"product_cat":[356,357],"product_tag":[],"class_list":{"0":"post-250313","1":"product","2":"type-product","3":"status-publish","4":"has-post-thumbnail","6":"product_cat-ventouses-dirrigation","7":"product_cat-ventouses-vp1","9":"first","10":"instock","11":"shipping-taxable","12":"product-type-simple"},"_links":{"self":[{"href":"https:\/\/www.gestiriego.com\/fr\/wp-json\/wp\/v2\/product\/250313","targetHints":{"allow":["GET"]}}],"collection":[{"href":"https:\/\/www.gestiriego.com\/fr\/wp-json\/wp\/v2\/product"}],"about":[{"href":"https:\/\/www.gestiriego.com\/fr\/wp-json\/wp\/v2\/types\/product"}],"replies":[{"embeddable":true,"href":"https:\/\/www.gestiriego.com\/fr\/wp-json\/wp\/v2\/comments?post=250313"}],"wp:featuredmedia":[{"embeddable":true,"href":"https:\/\/www.gestiriego.com\/fr\/wp-json\/wp\/v2\/media\/250314"}],"wp:attachment":[{"href":"https:\/\/www.gestiriego.com\/fr\/wp-json\/wp\/v2\/media?parent=250313"}],"wp:term":[{"taxonomy":"product_brand","embeddable":true,"href":"https:\/\/www.gestiriego.com\/fr\/wp-json\/wp\/v2\/product_brand?post=250313"},{"taxonomy":"product_cat","embeddable":true,"href":"https:\/\/www.gestiriego.com\/fr\/wp-json\/wp\/v2\/product_cat?post=250313"},{"taxonomy":"product_tag","embeddable":true,"href":"https:\/\/www.gestiriego.com\/fr\/wp-json\/wp\/v2\/product_tag?post=250313"}],"curies":[{"name":"wp","href":"https:\/\/api.w.org\/{rel}","templated":true}]}}