{"id":250338,"date":"2022-10-17T10:34:53","date_gmt":"2022-10-17T10:34:53","guid":{"rendered":"https:\/\/www.gestiriego.com\/ventouses-gtr-triple-effet-usage-alimentaire\/"},"modified":"2024-04-13T18:20:46","modified_gmt":"2024-04-13T18:20:46","slug":"ventouses-gtr-triple-effet-usage-alimentaire","status":"publish","type":"product","link":"https:\/\/www.gestiriego.com\/fr\/ventouses-gtr-triple-effet-usage-alimentaire\/","title":{"rendered":"VENTOUSES GTR TRIPLE EFFET USAGE ALIMENTAIRE"},"content":{"rendered":"<p style=\"text-align: center;\"><div class=\"ntb_table_wrapper ninja_table_builder_instance_0\"\n     id='ninja_table_builder_250495'\n     data-ninja_table_builder_instance=\"ninja_table_builder_instance_0\"\n     style=\"\n     max-height:600px;\n     max-width: 1160px;\">\n     <table id=\"ntb_table\" role=\"table\" class=\"table ninja_tables_builder_class_250495 ntb_250495\" style=\"margin: 0px auto; table-layout: fixed; border-collapse: separate; border: 0px solid rgb(0, 0, 0); font-family: Arial; border-spacing: 0px 3px;\"> <tbody class=\"tbody\"><tr id=\"tr_id_1224164\" class=\"desktop-view tr_class_1224164 \" style=\"background: rgb(252, 72, 30);\"> <td id=\"td_id_09712766\" rowspan=\"1\" colspan=\"5\" class=\"td_class_09712766 table-data\" style=\"padding: 10px; max-width: 150px; min-width: 150px;\"><div id=\"td_id_09712766\"><div class=\"single-item other-item\"><div class=\"ntb-datas-wrapper\" style=\"margin: 0px;\"><span class=\"hover-item\" style=\"padding: 5px 0px; font-weight: bold; font-style: normal; text-decoration: none; font-size: 15px; display: block; text-align: center; color: rgb(255, 255, 255); opacity: 1; line-height: 1.2;\">VENTOUSES GTR TRIPLE EFFET USAGE ALIMENTAIRE<\/span>  <\/div> <\/div><\/div><\/td><td id=\"td_id_00121224\" rowspan=\"0\" colspan=\"0\" class=\"td_class_00121224 table-data\" style=\"padding: 10px; max-width: 150px; min-width: 150px; display: none;\"><div id=\"td_id_00121224\"><div class=\"single-item other-item\"><div class=\"ntb-datas-wrapper\" style=\"margin: 0px;\"><span class=\"hover-item\" style=\"padding: 0px; font-weight: normal; font-style: normal; text-decoration: none; font-size: 12px; display: block; text-align: center; color: rgb(0, 0, 1); opacity: 0.4; line-height: 1.2;\">Add New<\/span>  <\/div> <\/div><\/div><\/td><td id=\"td_id_92661222\" rowspan=\"0\" colspan=\"0\" class=\"td_class_92661222 table-data\" style=\"padding: 10px; max-width: 150px; min-width: 150px; display: none;\"><div id=\"td_id_92661222\"><div class=\"single-item other-item\"><div class=\"ntb-datas-wrapper\" style=\"margin: 0px;\"><span class=\"hover-item\" style=\"padding: 0px; font-weight: normal; font-style: normal; text-decoration: none; font-size: 12px; display: block; text-align: center; color: rgb(0, 0, 1); opacity: 0.4; line-height: 1.2;\">Add New<\/span>  <\/div> <\/div><\/div><\/td><td id=\"td_id_61992627\" rowspan=\"0\" colspan=\"0\" class=\"td_class_61992627 table-data\" style=\"padding: 10px; max-width: 150px; min-width: 150px; display: none;\"><div id=\"td_id_61992627\"><div class=\"single-item other-item\"><div class=\"ntb-datas-wrapper\" style=\"margin: 0px;\"><span class=\"hover-item\" style=\"padding: 0px; font-weight: normal; font-style: normal; text-decoration: none; font-size: 12px; display: block; text-align: center; color: rgb(0, 0, 1); opacity: 0.4; line-height: 1.2;\">Add New<\/span>  <\/div> <\/div><\/div><\/td><td id=\"td_id_12191621\" rowspan=\"0\" colspan=\"0\" class=\"td_class_12191621 table-data\" style=\"padding: 10px; max-width: 150px; min-width: 150px; display: none;\"><div id=\"td_id_12191621\"><div class=\"single-item other-item\"><div class=\"ntb-datas-wrapper\" style=\"margin: 0px;\"><span class=\"hover-item\" style=\"padding: 0px; font-weight: normal; font-style: normal; text-decoration: none; font-size: 12px; display: block; text-align: center; color: rgb(0, 0, 1); opacity: 0.4; line-height: 1.2;\">Add New<\/span>  <\/div> <\/div><\/div><\/td><\/tr><tr id=\"tr_id_3921746\" class=\"desktop-view tr_class_3921746 \" style=\"background: rgb(248, 201, 180);\"> <td id=\"td_id_38889019\" rowspan=\"1\" colspan=\"1\" class=\"td_class_38889019 table-data\" style=\"padding: 10px; max-width: 150px; min-width: 150px;\"><div id=\"td_id_38889019\"><div class=\"single-item other-item\"><div class=\"ntb-datas-wrapper\" style=\"margin: 0px;\"><span class=\"hover-item\" style=\"padding: 0px; font-weight: normal; font-style: normal; text-decoration: none; font-size: 14px; display: block; text-align: center; color: rgb(255, 0, 0); opacity: 1; line-height: 1.2;\">TYPE<\/span>  <\/div> <\/div><\/div><\/td><td id=\"td_id_50226953\" rowspan=\"1\" colspan=\"1\" class=\"td_class_50226953 table-data\" style=\"padding: 10px; max-width: 150px; min-width: 150px;\"><div id=\"td_id_50226953\"><div class=\"single-item other-item\"><div class=\"ntb-datas-wrapper\" style=\"margin: 0px;\"><span class=\"hover-item\" style=\"padding: 0px; font-weight: normal; font-style: normal; text-decoration: none; font-size: 14px; display: block; text-align: center; color: rgb(255, 0, 0); opacity: 1; line-height: 1.2;\">DIMENSIONS<\/span>  <\/div> <\/div><\/div><\/td><td id=\"td_id_18103169\" rowspan=\"1\" colspan=\"1\" class=\"td_class_18103169 table-data\" style=\"padding: 10px; max-width: 170px; min-width: 170px;\"><div id=\"td_id_18103169\"><div class=\"single-item other-item\"><div class=\"ntb-datas-wrapper\" style=\"margin: 0px;\"><span class=\"hover-item\" style=\"padding: 0px; font-weight: normal; font-style: normal; text-decoration: none; font-size: 14px; display: block; text-align: center; color: rgb(255, 0, 0); opacity: 1; line-height: 1.2;\">U. BO\u00ceTE<\/span>  <\/div> <\/div><\/div><\/td><td id=\"td_id_11923743\" rowspan=\"1\" colspan=\"1\" class=\"td_class_11923743 table-data\" style=\"padding: 10px; max-width: 150px; min-width: 150px;\"><div id=\"td_id_11923743\"><div class=\"single-item other-item\"><div class=\"ntb-datas-wrapper\" style=\"margin: 0px;\"><span class=\"hover-item\" style=\"padding: 0px; font-weight: normal; font-style: normal; text-decoration: none; font-size: 14px; display: block; text-align: center; color: rgb(255, 0, 0); opacity: 1; line-height: 1.2;\">BO\u00ceTE<\/span>  <\/div> <\/div><\/div><\/td><td id=\"td_id_17798536\" rowspan=\"1\" colspan=\"1\" class=\"td_class_17798536 table-data\" style=\"padding: 10px; max-width: 150px; min-width: 150px;\"><div id=\"td_id_17798536\"><div class=\"single-item other-item\"><div class=\"ntb-datas-wrapper\" style=\"margin: 0px;\"><span class=\"hover-item\" style=\"padding: 0px; font-weight: normal; font-style: normal; text-decoration: none; font-size: 14px; display: block; text-align: center; color: rgb(255, 0, 0); opacity: 1; line-height: 1.2;\">CODE<\/span>  <\/div> <\/div><\/div><\/td><\/tr><tr id=\"tr_id_2849256\" class=\"desktop-view tr_class_2849256 \" style=\"background: rgb(166, 165, 165);\"> <td id=\"td_id_50544400\" rowspan=\"1\" colspan=\"1\" class=\"td_class_50544400 table-data\" style=\"padding: 10px; max-width: 150px; min-width: 150px;\"><div id=\"td_id_50544400\"><\/div><\/td><td id=\"td_id_64006357\" rowspan=\"1\" colspan=\"1\" class=\"td_class_64006357 table-data\" style=\"padding: 10px; max-width: 150px; min-width: 150px;\"><div id=\"td_id_64006357\"><div class=\"single-item other-item\"><div class=\"ntb-datas-wrapper\" style=\"margin: 0px;\"><span class=\"hover-item\" style=\"padding: 0px; font-weight: normal; font-style: normal; text-decoration: none; font-size: 14px; display: block; text-align: center; color: rgb(255, 255, 255); opacity: 1; line-height: 1.2;\">(\u201c)<\/span>  <\/div> <\/div><\/div><\/td><td id=\"td_id_17640624\" rowspan=\"1\" colspan=\"1\" class=\"td_class_17640624 table-data\" style=\"padding: 10px; max-width: 170px; min-width: 170px;\"><div id=\"td_id_17640624\"><\/div><\/td><td id=\"td_id_85102598\" rowspan=\"1\" colspan=\"1\" class=\"td_class_85102598 table-data\" style=\"padding: 10px; max-width: 150px; min-width: 150px;\"><div id=\"td_id_85102598\"><\/div><\/td><td id=\"td_id_17099887\" rowspan=\"1\" colspan=\"1\" class=\"td_class_17099887 table-data\" style=\"padding: 10px; max-width: 150px; min-width: 150px;\"><div id=\"td_id_17099887\"><\/div><\/td><\/tr><tr id=\"tr_id_7411161\" class=\"desktop-view tr_class_7411161 \" style=\"background: rgb(255, 255, 255);\"> <td id=\"td_id_25232615\" rowspan=\"1\" colspan=\"1\" class=\"td_class_25232615 table-data\" style=\"padding: 10px; max-width: 150px; min-width: 150px;\"><div id=\"td_id_25232615\"><div class=\"single-item other-item\"><div class=\"ntb-datas-wrapper\" style=\"margin: 0px;\"><span class=\"hover-item\" style=\"padding: 0px; font-weight: normal; font-style: normal; text-decoration: none; font-size: 14px; display: block; text-align: center; color: rgb(0, 0, 0); opacity: 1; line-height: 1.2;\">Triple effet \/ GTR-1T<\/span>  <\/div> <\/div><\/div><\/td><td id=\"td_id_56421338\" rowspan=\"1\" colspan=\"1\" class=\"td_class_56421338 table-data\" style=\"padding: 10px; max-width: 150px; min-width: 150px;\"><div id=\"td_id_56421338\"><div class=\"single-item other-item\"><div class=\"ntb-datas-wrapper\" style=\"margin: 0px;\"><span class=\"hover-item\" style=\"padding: 0px; font-weight: normal; font-style: normal; text-decoration: none; font-size: 14px; display: block; text-align: center; color: rgb(0, 0, 0); opacity: 1; line-height: 1.2;\">1<\/span>  <\/div> <\/div><\/div><\/td><td id=\"td_id_13332231\" rowspan=\"1\" colspan=\"1\" class=\"td_class_13332231 table-data\" style=\"padding: 10px; max-width: 170px; min-width: 170px;\"><div id=\"td_id_13332231\"><div class=\"single-item other-item\"><div class=\"ntb-datas-wrapper\" style=\"margin: 0px;\"><span class=\"hover-item\" style=\"padding: 0px; font-weight: normal; font-style: normal; text-decoration: none; font-size: 14px; display: block; text-align: center; color: rgb(0, 0, 0); opacity: 1; line-height: 1.2;\">20<\/span>  <\/div> <\/div><\/div><\/td><td id=\"td_id_88362415\" rowspan=\"1\" colspan=\"1\" class=\"td_class_88362415 table-data\" style=\"padding: 10px; max-width: 150px; min-width: 150px;\"><div id=\"td_id_88362415\"><div class=\"single-item other-item\"><div class=\"ntb-datas-wrapper\" style=\"margin: 0px;\"><span class=\"hover-item\" style=\"padding: 0px; font-weight: normal; font-style: normal; text-decoration: none; font-size: 14px; display: block; text-align: center; color: rgb(0, 0, 0); opacity: 1; line-height: 1.2;\">G1<\/span>  <\/div> <\/div><\/div><\/td><td id=\"td_id_85555825\" rowspan=\"1\" colspan=\"1\" class=\"td_class_85555825 table-data\" style=\"padding: 10px; max-width: 150px; min-width: 150px;\"><div id=\"td_id_85555825\"><div class=\"single-item other-item\"><div class=\"ntb-datas-wrapper\" style=\"margin: 0px;\"><span class=\"hover-item\" style=\"padding: 0px; font-weight: normal; font-style: normal; text-decoration: none; font-size: 14px; display: block; text-align: center; color: rgb(0, 0, 0); opacity: 1; line-height: 1.2;\">450516<\/span>  <\/div> <\/div><\/div><\/td><\/tr><tr id=\"tr_id_6393316\" class=\"desktop-view tr_class_6393316 \" style=\"background: rgb(213, 213, 212);\"> <td id=\"td_id_91669156\" rowspan=\"1\" colspan=\"1\" class=\"td_class_91669156 table-data\" style=\"padding: 10px; max-width: 150px; min-width: 150px;\"><div id=\"td_id_91669156\"><div class=\"single-item other-item\"><div class=\"ntb-datas-wrapper\" style=\"margin: 0px;\"><span class=\"hover-item\" style=\"padding: 0px; font-weight: normal; font-style: normal; text-decoration: none; font-size: 14px; display: block; text-align: center; color: rgb(0, 0, 0); opacity: 1; line-height: 1.2;\">Triple effet \/ GTR-2T<\/span>  <\/div> <\/div><\/div><\/td><td id=\"td_id_55959331\" rowspan=\"1\" colspan=\"1\" class=\"td_class_55959331 table-data\" style=\"padding: 10px; max-width: 150px; min-width: 150px;\"><div id=\"td_id_55959331\"><div class=\"single-item other-item\"><div class=\"ntb-datas-wrapper\" style=\"margin: 0px;\"><span class=\"hover-item\" style=\"padding: 0px; font-weight: normal; font-style: normal; text-decoration: none; font-size: 14px; display: block; text-align: center; color: rgb(0, 0, 0); opacity: 1; line-height: 1.2;\">2<\/span>  <\/div> <\/div><\/div><\/td><td id=\"td_id_56161155\" rowspan=\"1\" colspan=\"1\" class=\"td_class_56161155 table-data\" style=\"padding: 10px; max-width: 170px; min-width: 170px;\"><div id=\"td_id_56161155\"><div class=\"single-item other-item\"><div class=\"ntb-datas-wrapper\" style=\"margin: 0px;\"><span class=\"hover-item\" style=\"padding: 0px; font-weight: normal; font-style: normal; text-decoration: none; font-size: 14px; display: block; text-align: center; color: rgb(0, 0, 0); opacity: 1; line-height: 1.2;\">10<\/span>  <\/div> <\/div><\/div><\/td><td id=\"td_id_51131391\" rowspan=\"1\" colspan=\"1\" class=\"td_class_51131391 table-data\" style=\"padding: 10px; max-width: 150px; min-width: 150px;\"><div id=\"td_id_51131391\"><div class=\"single-item other-item\"><div class=\"ntb-datas-wrapper\" style=\"margin: 0px;\"><span class=\"hover-item\" style=\"padding: 0px; font-weight: normal; font-style: normal; text-decoration: none; font-size: 14px; display: block; text-align: center; color: rgb(0, 0, 0); opacity: 1; line-height: 1.2;\">G2<\/span>  <\/div> <\/div><\/div><\/td><td id=\"td_id_56658555\" rowspan=\"1\" colspan=\"1\" class=\"td_class_56658555 table-data\" style=\"padding: 10px; max-width: 150px; min-width: 150px;\"><div id=\"td_id_56658555\"><div class=\"single-item other-item\"><div class=\"ntb-datas-wrapper\" style=\"margin: 0px;\"><span class=\"hover-item\" style=\"padding: 0px; font-weight: normal; font-style: normal; text-decoration: none; font-size: 14px; display: block; text-align: center; color: rgb(0, 0, 0); opacity: 1; line-height: 1.2;\">450529<\/span>  <\/div> <\/div><\/div><\/td><\/tr><\/tbody><\/table><\/div>\n<\/p>\n<div class='et-learn-more et-open clearfix'>\n\t\t\t\t\t<h3 class='heading-more open'>CARACT\u00c9RISTIQUES\/AVANTAGES VENTOUSES TRIPLE EFFET GTR<span class='et_learnmore_arrow'><span><\/span><\/span><\/h3>\n\t\t\t\t\t<div class='learn-more-content'>\u221a GTR PROT\u00c8GE VOTRE INSTALLATION DE TOUS LES PROBL\u00c8MES POSSIBLES. Elles \u00e9vitent les ruptures dues \u00e0 l&rsquo;accumulation d&rsquo;air, le faisant sortir des tuyaux \u00e0 la m\u00eame vitesse que l&rsquo;eau. Elles \u00e9liminent parfaitement tout type de sacs ou de bulles d&rsquo;air qui se produisent dans les points \u00e9lev\u00e9s et r\u00e9duisent la section de passage. Elles \u00e9liminent parfaitement tout type de sacs ou de bulles d&rsquo;air qui se produisent dans les points \u00e9lev\u00e9s et r\u00e9duisent la section de passage. Elles \u00e9vitent les dommages dus \u00e0 la corrosion, les erreurs de lecture sur les compteurs d&rsquo;eau, les pertes d&rsquo;\u00e9nergie\u2026 Elles permettent \u00e0 l&rsquo;air de p\u00e9n\u00e9trer \u00e0 nouveau dans les tuyaux principaux et secondaires, emp\u00eachant la formation de vide, ce qui \u00e9limine l&rsquo;aspiration de boue ou de salet\u00e9 par les distributeurs et emp\u00eache l&rsquo;effondrement et l&rsquo;\u00e9crasement des tuyaux.<\/p>\n<p>\u221a FERMETURE WAVE SYSTEM BREVET\u00c9E. Gr\u00e2ce \u00e0 la fermeture particuli\u00e8re \u00ab\u00b0WAVE SYSTEM\u00b0\u00bb, le fonctionnement efficace de la ventouse est garanti, permettant l&rsquo;expulsion de d\u00e9bits d&rsquo;air \u00e9lev\u00e9s lorsque l&rsquo;installation est en charge et la s\u00e9curit\u00e9 d&rsquo;une fermeture \u00e0 basse pression.<\/p>\n<p>\u221a UNE SEULE VENTOUSE G\u00c8RE LES 3 PHASES DE FONCTIONNEMENT DE VOTRE INSTALLATION. Remplissage de l&rsquo;installation, vidange de l&rsquo;installation et installation de charge.<\/p>\n<p>\u221a MAT\u00c9RIAUX R\u00c9SISTANTS. Haute r\u00e9sistance \u00e0 la pression et aux agents chimiques dissous dans l&rsquo;eau d&rsquo;irrigation. Le joint et le tube sont en silicone, beaucoup plus r\u00e9sistant \u00e0 ces produits que des mat\u00e9riaux tels que l&rsquo;EPDM ou le NBR. De cette fa\u00e7on, il est possible de garantir le fonctionnement de la ventouse pendant une p\u00e9riode beaucoup plus longue que celle des autres produits similaires sur le march\u00e9. Les ventouses trifonctionnelles GTR1T et GTR2T sont certifi\u00e9es PN16<\/div>\n\t\t\t\t<\/div>\n<div class='et-learn-more clearfix'>\n\t\t\t\t\t<h3 class='heading-more'>APPLICATIONS VENTOUSES TRIPLE EFFET GTR<span class='et_learnmore_arrow'><span><\/span><\/span><\/h3>\n\t\t\t\t\t<div class='learn-more-content'>\u2022\u00c9l\u00e9ment indispensable dans toutes les conduites d&rsquo;eau sous pression.<\/p>\n<p>\u2022\u00c9l\u00e9ment indispensable dans toutes les conduites d&rsquo;eau sous pression.<\/p>\n<p>\u2022Installations d&rsquo;irrigation souterraine.<\/p>\n<p>\u2022Installations industrielles\u00b0: traitement de l&rsquo;eau, osmose, pompage, chambres d&rsquo;ozone, etc.<\/p>\n<p>\u2022Conduites d&rsquo;eau potable.<\/div>\n\t\t\t\t<\/div>\n<p>&nbsp;<\/p>\n","protected":false},"excerpt":{"rendered":"<h2><span style=\"font-size: medium;\"><strong>VENTOUSES TRIPLE EFFET GTR USAGE ALIMENTAIRE<\/strong><\/span><\/h2>\n<p>Les ventouses GTR sont les poumons qui maintiennent une installation en parfait \u00e9tat, en g\u00e9rant l&rsquo;air qui se trouve \u00e0 l&rsquo;int\u00e9rieur. C&rsquo;est pourquoi, chez GESTIRIEGO, nous avons mis tout en \u0153uvre dans leur fabrication et leur conception pour obtenir les ventouses les plus efficaces du march\u00e9.<\/p>\n<p>La gamme de ventouses GESTIRIEGO poss\u00e8de ses propres brevets, revendiquant des avantages exclusifs par rapport \u00e0 ses concurrentes.<\/p>\n<p>Brevet GESTIRIEGO P200502308. Vanne \u00e0 triple fonction pour installations hydrauliques, gr\u00e2ce \u00e0 laquelle on obtient une plus grande vitesse d&rsquo;extraction de l&rsquo;air r\u00e9siduel, gr\u00e2ce au syst\u00e8me de deux bou\u00e9es qui agissent de mani\u00e8re combin\u00e9e, garantissant \u00e9galement une fermeture herm\u00e9tique \u00e0 basse pression.<\/p>\n<p>&nbsp;<\/p>\n<p><a class=\"btn-black\" href=\"https:\/\/www.gestiriego.com\/fichas-tecnicas\/otros-idiomas\/ficha_ventosasgtr_fr.pdf\" rel=\"noopener\">Fiche technique<\/a><\/p>\n","protected":false},"featured_media":250339,"comment_status":"open","ping_status":"closed","template":"","meta":{"_et_pb_use_builder":"","_et_pb_old_content":"","_et_gb_content_width":""},"product_brand":[],"product_cat":[356,358],"product_tag":[306],"class_list":{"0":"post-250338","1":"product","2":"type-product","3":"status-publish","4":"has-post-thumbnail","6":"product_cat-ventouses-dirrigation","7":"product_cat-ventouses-gtr","8":"product_tag-produit-en-francais","10":"first","11":"instock","12":"shipping-taxable","13":"product-type-simple"},"_links":{"self":[{"href":"https:\/\/www.gestiriego.com\/fr\/wp-json\/wp\/v2\/product\/250338","targetHints":{"allow":["GET"]}}],"collection":[{"href":"https:\/\/www.gestiriego.com\/fr\/wp-json\/wp\/v2\/product"}],"about":[{"href":"https:\/\/www.gestiriego.com\/fr\/wp-json\/wp\/v2\/types\/product"}],"replies":[{"embeddable":true,"href":"https:\/\/www.gestiriego.com\/fr\/wp-json\/wp\/v2\/comments?post=250338"}],"wp:featuredmedia":[{"embeddable":true,"href":"https:\/\/www.gestiriego.com\/fr\/wp-json\/wp\/v2\/media\/250339"}],"wp:attachment":[{"href":"https:\/\/www.gestiriego.com\/fr\/wp-json\/wp\/v2\/media?parent=250338"}],"wp:term":[{"taxonomy":"product_brand","embeddable":true,"href":"https:\/\/www.gestiriego.com\/fr\/wp-json\/wp\/v2\/product_brand?post=250338"},{"taxonomy":"product_cat","embeddable":true,"href":"https:\/\/www.gestiriego.com\/fr\/wp-json\/wp\/v2\/product_cat?post=250338"},{"taxonomy":"product_tag","embeddable":true,"href":"https:\/\/www.gestiriego.com\/fr\/wp-json\/wp\/v2\/product_tag?post=250338"}],"curies":[{"name":"wp","href":"https:\/\/api.w.org\/{rel}","templated":true}]}}