{"id":250413,"date":"2022-10-17T08:26:18","date_gmt":"2022-10-17T08:26:18","guid":{"rendered":"https:\/\/www.gestiriego.com\/programmeur-de-jardin-9001\/"},"modified":"2024-04-12T15:44:51","modified_gmt":"2024-04-12T15:44:51","slug":"programmeur-de-jardin-9001","status":"publish","type":"product","link":"https:\/\/www.gestiriego.com\/fr\/programmeur-de-jardin-9001\/","title":{"rendered":"PROGRAMMEUR DE JARDIN 9001"},"content":{"rendered":"<p style=\"text-align: center;\"><div class=\"ntb_table_wrapper ninja_table_builder_instance_0\"\n     id='ninja_table_builder_250603'\n     data-ninja_table_builder_instance=\"ninja_table_builder_instance_0\"\n     style=\"\n     max-height:600px;\n     max-width: 1160px;\">\n     <table id=\"ntb_table\" role=\"table\" class=\"table ninja_tables_builder_class_250603 ntb_250603\" style=\"margin: 0px auto; table-layout: fixed; border-collapse: separate; border: 0px solid rgb(0, 0, 0); font-family: Arial; border-spacing: 0px 3px;\"> <tbody class=\"tbody\"><tr id=\"tr_id_1224164\" class=\"desktop-view tr_class_1224164 \" style=\"background: rgb(252, 72, 30);\"> <td id=\"td_id_92661222\" rowspan=\"0\" colspan=\"0\" class=\"td_class_92661222 table-data\" style=\"padding: 10px; max-width: 275px; min-width: 275px; display: none;\"><div id=\"td_id_92661222\"><div class=\"single-item other-item\"><div class=\"ntb-datas-wrapper\" style=\"margin: 0px;\"><span class=\"hover-item\" style=\"padding: 0px; font-weight: normal; font-style: normal; text-decoration: none; font-size: 12px; display: block; text-align: center; color: rgb(0, 0, 1); opacity: 0.4; line-height: 1.2;\">Add New<\/span>  <\/div> <\/div><\/div><\/td><td id=\"td_id_61992627\" rowspan=\"0\" colspan=\"0\" class=\"td_class_61992627 table-data\" style=\"padding: 10px; max-width: 275px; min-width: 275px; display: none;\"><div id=\"td_id_61992627\"><div class=\"single-item other-item\"><div class=\"ntb-datas-wrapper\" style=\"margin: 0px;\"><span class=\"hover-item\" style=\"padding: 0px; font-weight: normal; font-style: normal; text-decoration: none; font-size: 12px; display: block; text-align: center; color: rgb(0, 0, 1); opacity: 0.4; line-height: 1.2;\">Add New<\/span>  <\/div> <\/div><\/div><\/td><td id=\"td_id_12191621\" rowspan=\"0\" colspan=\"0\" class=\"td_class_12191621 table-data\" style=\"padding: 10px; max-width: 200px; min-width: 200px; display: none;\"><div id=\"td_id_12191621\"><div class=\"single-item other-item\"><div class=\"ntb-datas-wrapper\" style=\"margin: 0px;\"><span class=\"hover-item\" style=\"padding: 0px; font-weight: normal; font-style: normal; text-decoration: none; font-size: 12px; display: block; text-align: center; color: rgb(0, 0, 1); opacity: 0.4; line-height: 1.2;\">Add New<\/span>  <\/div> <\/div><\/div><\/td><td id=\"td_id_61397269\" rowspan=\"0\" colspan=\"0\" class=\"td_class_61397269 table-data\" style=\"padding: 10px; max-width: 275px; min-width: 275px; display: none;\"><div id=\"td_id_61397269\"><div class=\"single-item other-item\"><div class=\"ntb-datas-wrapper\" style=\"margin: 0px;\"><span class=\"hover-item\" style=\"padding: 0px; font-weight: normal; font-style: normal; text-decoration: none; font-size: 12px; display: block; text-align: center; color: rgb(0, 0, 1); opacity: 0.4; line-height: 1.2;\">Add New<\/span>  <\/div> <\/div><\/div><\/td><\/tr><tr id=\"tr_id_6459688\" class=\"desktop-view tr_class_6459688 \" style=\"background: rgb(252, 72, 30);\"> <td id=\"td_id_68616683\" rowspan=\"1\" colspan=\"4\" class=\"td_class_68616683 table-data\" style=\"padding: 10px; max-width: 275px; min-width: 275px;\"><div id=\"td_id_68616683\"><div class=\"single-item other-item\"><div class=\"ntb-datas-wrapper\" style=\"margin: 0px;\"><span class=\"hover-item\" style=\"padding: 5px 0px; font-weight: bold; font-style: normal; text-decoration: none; font-size: 16px; display: block; text-align: center; color: rgb(255, 255, 255); opacity: 1; line-height: 1.2;\">PROGRAMMEUR DE JARDIN 9001<\/span>  <\/div> <\/div><\/div><\/td><td id=\"td_id_16466698\" rowspan=\"0\" colspan=\"0\" class=\"td_class_16466698 table-data\" style=\"padding: 10px; max-width: 275px; min-width: 275px; display: none;\"><div id=\"td_id_16466698\"><div class=\"single-item other-item\"><div class=\"ntb-datas-wrapper\" style=\"margin: 0px;\"><span class=\"hover-item\" style=\"padding: 0px; font-weight: normal; font-style: normal; text-decoration: none; font-size: 12px; display: block; text-align: center; color: rgb(0, 0, 1); opacity: 0.4; line-height: 1.2;\">Add New<\/span>  <\/div> <\/div><\/div><\/td><td id=\"td_id_64664491\" rowspan=\"0\" colspan=\"0\" class=\"td_class_64664491 table-data\" style=\"padding: 10px; max-width: 200px; min-width: 200px; display: none;\"><div id=\"td_id_64664491\"><div class=\"single-item other-item\"><div class=\"ntb-datas-wrapper\" style=\"margin: 0px;\"><span class=\"hover-item\" style=\"padding: 0px; font-weight: normal; font-style: normal; text-decoration: none; font-size: 12px; display: block; text-align: center; color: rgb(0, 0, 1); opacity: 0.4; line-height: 1.2;\">Add New<\/span>  <\/div> <\/div><\/div><\/td><td id=\"td_id_58114666\" rowspan=\"0\" colspan=\"0\" class=\"td_class_58114666 table-data\" style=\"padding: 10px; max-width: 275px; min-width: 275px; display: none;\"><div id=\"td_id_58114666\"><div class=\"single-item other-item\"><div class=\"ntb-datas-wrapper\" style=\"margin: 0px;\"><span class=\"hover-item\" style=\"padding: 5px 0px; font-weight: bold; font-style: normal; text-decoration: none; font-size: 15px; display: block; text-align: center; color: rgb(255, 255, 255); opacity: 1; line-height: 1.2;\">BOMBAS DOSIFICADORAS DE PIST\u00d3N CABEZAL INOXIDABLE<\/span>  <\/div> <\/div><\/div><\/td><\/tr><tr id=\"tr_id_3921746\" class=\"desktop-view tr_class_3921746 \" style=\"background: rgb(248, 201, 180);\"> <td id=\"td_id_18103169\" rowspan=\"1\" colspan=\"1\" class=\"td_class_18103169 table-data\" style=\"padding: 10px; max-width: 275px; min-width: 275px;\"><div id=\"td_id_18103169\"><div class=\"single-item other-item\"><div class=\"ntb-datas-wrapper\" style=\"margin: 0px;\"><span class=\"hover-item\" style=\"padding: 0px; font-weight: normal; font-style: normal; text-decoration: none; font-size: 14px; display: block; text-align: center; color: rgb(255, 0, 0); opacity: 1; line-height: 1.2;\">CAPACIT\u00c9<\/span>  <\/div> <\/div><\/div><\/td><td id=\"td_id_11923743\" rowspan=\"1\" colspan=\"2\" class=\"td_class_11923743 table-data\" style=\"padding: 10px; max-width: 275px; min-width: 275px;\"><div id=\"td_id_11923743\"><div class=\"single-item other-item\"><div class=\"ntb-datas-wrapper\" style=\"margin: 0px;\"><span class=\"hover-item\" style=\"padding: 0px; font-weight: normal; font-style: normal; text-decoration: none; font-size: 14px; display: block; text-align: center; color: rgb(255, 0, 0); opacity: 1; line-height: 1.2;\">UNIT\u00c9S<\/span>  <\/div> <\/div><\/div><\/td><td id=\"td_id_17798536\" rowspan=\"0\" colspan=\"0\" class=\"td_class_17798536 table-data\" style=\"padding: 10px; max-width: 200px; min-width: 200px; display: none;\"><div id=\"td_id_17798536\"><div class=\"single-item other-item\"><div class=\"ntb-datas-wrapper\" style=\"margin: 0px;\"><span class=\"hover-item\" style=\"padding: 0px; font-weight: normal; font-style: normal; text-decoration: none; font-size: 14px; display: block; text-align: center; color: rgb(255, 0, 0); opacity: 1; line-height: 1.2;\">UNIDADES<\/span>  <\/div> <\/div><\/div><\/td><td id=\"td_id_17978086\" rowspan=\"1\" colspan=\"1\" class=\"td_class_17978086 table-data\" style=\"padding: 10px; max-width: 275px; min-width: 275px;\"><div id=\"td_id_17978086\"><div class=\"single-item item-active other-item\"><div class=\"ntb-datas-wrapper\" style=\"margin: 0px;\"><span class=\"hover-item\" style=\"padding: 0px; font-weight: normal; font-style: normal; text-decoration: none; font-size: 14px; display: block; text-align: center; color: rgb(255, 0, 0); opacity: 1; line-height: 1.2;\">CODE<\/span>  <\/div> <\/div><\/div><\/td><\/tr><tr id=\"tr_id_2849256\" class=\"desktop-view tr_class_2849256 \" style=\"background: rgb(166, 165, 165);\"> <td id=\"td_id_17640624\" rowspan=\"1\" colspan=\"1\" class=\"td_class_17640624 table-data\" style=\"padding: 10px; max-width: 275px; min-width: 275px;\"><div id=\"td_id_17640624\"><\/div><\/td><td id=\"td_id_85102598\" rowspan=\"1\" colspan=\"2\" class=\"td_class_85102598 table-data\" style=\"padding: 10px; max-width: 275px; min-width: 275px;\"><div id=\"td_id_85102598\"><\/div><\/td><td id=\"td_id_17099887\" rowspan=\"0\" colspan=\"0\" class=\"td_class_17099887 table-data\" style=\"padding: 10px; max-width: 200px; min-width: 200px; display: none;\"><div id=\"td_id_17099887\"><div class=\"single-item other-item\"><div class=\"ntb-datas-wrapper\" style=\"margin: 0px;\"><span class=\"hover-item\" style=\"padding: 0px; font-weight: normal; font-style: normal; text-decoration: none; font-size: 14px; display: block; text-align: center; color: rgb(255, 255, 255); opacity: 1; line-height: 1.2;\">(l\/h)<\/span>  <\/div> <\/div><\/div><\/td><td id=\"td_id_38333640\" rowspan=\"1\" colspan=\"1\" class=\"td_class_38333640 table-data\" style=\"padding: 10px; max-width: 275px; min-width: 275px;\"><div id=\"td_id_38333640\"><\/div><\/td><\/tr><tr id=\"tr_id_1899394\" class=\"desktop-view tr_class_1899394 \" style=\"background: rgb(255, 255, 255);\"> <td id=\"td_id_84256286\" rowspan=\"1\" colspan=\"1\" class=\"td_class_84256286 table-data\" style=\"padding: 10px; max-width: 275px; min-width: 275px;\"><div id=\"td_id_84256286\"><div class=\"single-item other-item\"><div class=\"ntb-datas-wrapper\" style=\"margin: 0px 0px 4px;\"><span class=\"hover-item\" style=\"padding: 0px; font-weight: normal; font-style: normal; text-decoration: none; font-size: 13px; display: block; text-align: center; color: rgb(0, 0, 1); opacity: 1; line-height: 1.2;\">9001<\/span>  <\/div> <\/div><\/div><\/td><td id=\"td_id_70061404\" rowspan=\"1\" colspan=\"2\" class=\"td_class_70061404 table-data\" style=\"padding: 10px; max-width: 275px; min-width: 275px;\"><div id=\"td_id_70061404\"><div class=\"single-item other-item\"><div class=\"ntb-datas-wrapper\" style=\"margin: 0px 0px 4px;\"><span class=\"hover-item\" style=\"padding: 0px; font-weight: normal; font-style: normal; text-decoration: none; font-size: 13px; display: block; text-align: center; color: rgb(0, 0, 1); opacity: 1; line-height: 1.2;\">10<\/span>  <\/div> <\/div><\/div><\/td><td id=\"td_id_84063641\" rowspan=\"0\" colspan=\"0\" class=\"td_class_84063641 table-data\" style=\"padding: 10px; max-width: 200px; min-width: 200px; display: none;\"><div id=\"td_id_84063641\"><div class=\"single-item other-item\"><div class=\"ntb-datas-wrapper\" style=\"margin: 0px 0px 4px;\"><span class=\"hover-item\" style=\"padding: 0px; font-weight: normal; font-style: normal; text-decoration: none; font-size: 13px; display: block; text-align: center; color: rgb(0, 0, 1); opacity: 1; line-height: 1.2;\">10<\/span>  <\/div> <\/div><\/div><\/td><td id=\"td_id_99133976\" rowspan=\"1\" colspan=\"1\" class=\"td_class_99133976 table-data\" style=\"padding: 10px; max-width: 275px; min-width: 275px;\"><div id=\"td_id_99133976\"><div class=\"single-item other-item\"><div class=\"ntb-datas-wrapper\" style=\"margin: 0px 0px 4px;\"><span class=\"hover-item\" style=\"padding: 0px; font-weight: normal; font-style: normal; text-decoration: none; font-size: 13px; display: block; text-align: center; color: rgb(0, 0, 1); opacity: 1; line-height: 1.2;\">455093<\/span>  <\/div> <\/div><\/div><\/td><\/tr><\/tbody><\/table><\/div>\n<\/p>\n<div class='et-learn-more et-open clearfix'>\n\t\t\t\t\t<h3 class='heading-more open'>CARACT\u00c9RISTIQUES PROGRAMMATEUR DE JARDIN 9001<span class='et_learnmore_arrow'><span><\/span><\/span><\/h3>\n\t\t\t\t\t<div class='learn-more-content'>\u2022 Construit en plastique r\u00e9sistant \u00e0 la corrosion.<\/p>\n<p>\u2022 Raccordement sp\u00e9cial pour robinet 3\/4.<\/p>\n<p>\u2022 Programmation facile.<\/p>\n<p>\u2022 Temps d&rsquo;arrosage de 1 minute \u00e0 4 heures.<\/p>\n<p>\u2022 D\u00e9marrage de l&rsquo;arrosage de 3 heures \u00e0 14 jours.<\/p>\n<p>\u2022 D\u00e9marrage manuel. \u2022 Annulation possible de l&rsquo;arrosage.<\/p>\n<p>\u2022 Alimentation par pile alcaline 9V.<\/div>\n\t\t\t\t<\/div>\n<p>&nbsp;<\/p>\n","protected":false},"excerpt":{"rendered":"<h2><span style=\"font-size: medium;\"><strong>PROGRAMMATEUR D&rsquo;ARROSAGE JARDIN<\/strong><\/span><\/h2>\n<p>Contr\u00f4leur num\u00e9rique avec \u00e9cran, planification hebdomadaire ou cyclique.<\/p>\n<p>Contr\u00f4le du goutte-\u00e0-goutte ou des arroseurs, pour une installation sur un robinet d&rsquo;ext\u00e9rieur, id\u00e9al pour les petits jardins et les balcons.<\/p>\n","protected":false},"featured_media":250414,"comment_status":"open","ping_status":"closed","template":"","meta":{"_et_pb_use_builder":"","_et_pb_old_content":"","_et_gb_content_width":""},"product_brand":[],"product_cat":[301,297],"product_tag":[306],"class_list":{"0":"post-250413","1":"product","2":"type-product","3":"status-publish","4":"has-post-thumbnail","6":"product_cat-gtr-controle-jardinage","7":"product_cat-systemes-dirrigation-automatique","8":"product_tag-produit-en-francais","10":"first","11":"instock","12":"shipping-taxable","13":"product-type-simple"},"_links":{"self":[{"href":"https:\/\/www.gestiriego.com\/fr\/wp-json\/wp\/v2\/product\/250413","targetHints":{"allow":["GET"]}}],"collection":[{"href":"https:\/\/www.gestiriego.com\/fr\/wp-json\/wp\/v2\/product"}],"about":[{"href":"https:\/\/www.gestiriego.com\/fr\/wp-json\/wp\/v2\/types\/product"}],"replies":[{"embeddable":true,"href":"https:\/\/www.gestiriego.com\/fr\/wp-json\/wp\/v2\/comments?post=250413"}],"wp:featuredmedia":[{"embeddable":true,"href":"https:\/\/www.gestiriego.com\/fr\/wp-json\/wp\/v2\/media\/250414"}],"wp:attachment":[{"href":"https:\/\/www.gestiriego.com\/fr\/wp-json\/wp\/v2\/media?parent=250413"}],"wp:term":[{"taxonomy":"product_brand","embeddable":true,"href":"https:\/\/www.gestiriego.com\/fr\/wp-json\/wp\/v2\/product_brand?post=250413"},{"taxonomy":"product_cat","embeddable":true,"href":"https:\/\/www.gestiriego.com\/fr\/wp-json\/wp\/v2\/product_cat?post=250413"},{"taxonomy":"product_tag","embeddable":true,"href":"https:\/\/www.gestiriego.com\/fr\/wp-json\/wp\/v2\/product_tag?post=250413"}],"curies":[{"name":"wp","href":"https:\/\/api.w.org\/{rel}","templated":true}]}}