{"id":250465,"date":"2022-10-15T06:07:40","date_gmt":"2022-10-15T06:07:40","guid":{"rendered":"https:\/\/www.gestiriego.com\/cartouches-avec-disques-mx\/"},"modified":"2024-04-14T08:18:31","modified_gmt":"2024-04-14T08:18:31","slug":"cartouches-avec-disques-mx","status":"publish","type":"product","link":"https:\/\/www.gestiriego.com\/fr\/cartouches-avec-disques-mx\/","title":{"rendered":"CARTOUCHES AVEC DISQUES MX"},"content":{"rendered":"<p style=\"text-align: center;\"><div class=\"ntb_table_wrapper ninja_table_builder_instance_0\"\n     id='ninja_table_builder_250624'\n     data-ninja_table_builder_instance=\"ninja_table_builder_instance_0\"\n     style=\"\n     max-height:600px;\n     max-width: 1160px;\">\n     <table id=\"ntb_table\" role=\"table\" class=\"table ninja_tables_builder_class_250624 ntb_250624\" style=\"margin: 0px auto; table-layout: fixed; border-collapse: separate; border: 0px solid rgb(0, 0, 0); font-family: Arial; border-spacing: 0px 3px;\"> <tbody class=\"tbody\"><tr id=\"tr_id_1224164\" class=\"desktop-view tr_class_1224164 \" style=\"background: rgb(252, 72, 30);\"> <td id=\"td_id_12191621\" rowspan=\"0\" colspan=\"0\" class=\"td_class_12191621 table-data\" style=\"padding: 10px; max-width: 300px; min-width: 300px; display: none;\"><div id=\"td_id_12191621\"><div class=\"single-item other-item\"><div class=\"ntb-datas-wrapper\" style=\"margin: 0px;\"><span class=\"hover-item\" style=\"padding: 0px; font-weight: normal; font-style: normal; text-decoration: none; font-size: 12px; display: block; text-align: center; color: rgb(0, 0, 1); opacity: 0.4; line-height: 1.2;\">Add New<\/span>  <\/div> <\/div><\/div><\/td><td id=\"td_id_61397269\" rowspan=\"0\" colspan=\"0\" class=\"td_class_61397269 table-data\" style=\"padding: 10px; max-width: 300px; min-width: 300px; display: none;\"><div id=\"td_id_61397269\"><div class=\"single-item other-item\"><div class=\"ntb-datas-wrapper\" style=\"margin: 0px;\"><span class=\"hover-item\" style=\"padding: 0px; font-weight: normal; font-style: normal; text-decoration: none; font-size: 12px; display: block; text-align: center; color: rgb(0, 0, 1); opacity: 0.4; line-height: 1.2;\">Add New<\/span>  <\/div> <\/div><\/div><\/td><\/tr><tr id=\"tr_id_6459688\" class=\"desktop-view tr_class_6459688 \" style=\"background: rgb(252, 72, 30);\"> <td id=\"td_id_64664491\" rowspan=\"0\" colspan=\"0\" class=\"td_class_64664491 table-data\" style=\"padding: 10px; max-width: 300px; min-width: 300px; display: none;\"><div id=\"td_id_64664491\"><div class=\"single-item other-item\"><div class=\"ntb-datas-wrapper\" style=\"margin: 0px;\"><span class=\"hover-item\" style=\"padding: 0px; font-weight: normal; font-style: normal; text-decoration: none; font-size: 12px; display: block; text-align: center; color: rgb(0, 0, 1); opacity: 0.4; line-height: 1.2;\">Add New<\/span>  <\/div> <\/div><\/div><\/td><td id=\"td_id_58114666\" rowspan=\"0\" colspan=\"0\" class=\"td_class_58114666 table-data\" style=\"padding: 10px; max-width: 300px; min-width: 300px; display: none;\"><div id=\"td_id_58114666\"><div class=\"single-item other-item\"><div class=\"ntb-datas-wrapper\" style=\"margin: 0px;\"><span class=\"hover-item\" style=\"padding: 5px 0px; font-weight: bold; font-style: normal; text-decoration: none; font-size: 15px; display: block; text-align: center; color: rgb(255, 255, 255); opacity: 1; line-height: 1.2;\">BOMBAS DOSIFICADORAS DE PIST\u00d3N CABEZAL INOXIDABLE<\/span>  <\/div> <\/div><\/div><\/td><\/tr><tr id=\"tr_id_3168765\" class=\"desktop-view tr_class_3168765 \" style=\"background: rgb(252, 72, 30);\"> <td id=\"td_id_35675154\" rowspan=\"1\" colspan=\"2\" class=\"td_class_35675154 table-data\" style=\"padding: 10px; max-width: 300px; min-width: 300px;\"><div id=\"td_id_35675154\"><div class=\"single-item other-item\"><div class=\"ntb-datas-wrapper\" style=\"margin: 0px;\"><span class=\"hover-item\" style=\"padding: 0px; font-weight: bold; font-style: normal; text-decoration: none; font-size: 16px; display: block; text-align: center; color: rgb(255, 255, 255); opacity: 1; line-height: 1.2;\">CARTOUCHES AVEC DISQUES MX<\/span>  <\/div> <\/div><\/div><\/td><td id=\"td_id_96151611\" rowspan=\"0\" colspan=\"0\" class=\"td_class_96151611 table-data\" style=\"padding: 10px; max-width: 150px; min-width: 150px; display: none;\"><div id=\"td_id_96151611\"><div class=\"single-item other-item\"><div class=\"ntb-datas-wrapper\" style=\"margin: 0px;\"><span class=\"hover-item\" style=\"padding: 0px; font-weight: normal; font-style: normal; text-decoration: none; font-size: 12px; display: block; text-align: center; color: rgb(0, 0, 1); opacity: 0.4; line-height: 1.2;\">Add New<\/span>  <\/div> <\/div><\/div><\/td><\/tr><tr id=\"tr_id_3921746\" class=\"desktop-view tr_class_3921746 \" style=\"background: rgb(248, 201, 180);\"> <td id=\"td_id_17798536\" rowspan=\"1\" colspan=\"1\" class=\"td_class_17798536 table-data\" style=\"padding: 10px; max-width: 300px; min-width: 300px;\"><div id=\"td_id_17798536\"><div class=\"single-item other-item\"><div class=\"ntb-datas-wrapper\" style=\"margin: 0px;\"><span class=\"hover-item\" style=\"padding: 0px; font-weight: normal; font-style: normal; text-decoration: none; font-size: 14px; display: block; text-align: center; color: rgb(255, 0, 0); opacity: 1; line-height: 1.2;\">DIMENSIONS<\/span>  <\/div> <\/div><\/div><\/td><td id=\"td_id_17978086\" rowspan=\"1\" colspan=\"1\" class=\"td_class_17978086 table-data\" style=\"padding: 10px; max-width: 300px; min-width: 300px;\"><div id=\"td_id_17978086\"><div class=\"single-item other-item\"><div class=\"ntb-datas-wrapper\" style=\"margin: 0px;\"><span class=\"hover-item\" style=\"padding: 0px; font-weight: normal; font-style: normal; text-decoration: none; font-size: 14px; display: block; text-align: center; color: rgb(255, 0, 0); opacity: 1; line-height: 1.2;\">CODE<\/span>  <\/div> <\/div><\/div><\/td><\/tr><tr id=\"tr_id_2849256\" class=\"desktop-view tr_class_2849256 \" style=\"background: rgb(166, 165, 165);\"> <td id=\"td_id_17099887\" rowspan=\"1\" colspan=\"1\" class=\"td_class_17099887 table-data\" style=\"padding: 10px; max-width: 300px; min-width: 300px;\"><div id=\"td_id_17099887\"><\/div><\/td><td id=\"td_id_38333640\" rowspan=\"1\" colspan=\"1\" class=\"td_class_38333640 table-data\" style=\"padding: 10px; max-width: 300px; min-width: 300px;\"><div id=\"td_id_38333640\"><\/div><\/td><\/tr><tr id=\"tr_id_7664121\" class=\"desktop-view tr_class_7664121 \" style=\"background: rgb(248, 201, 180);\"> <td id=\"td_id_66446676\" rowspan=\"1\" colspan=\"2\" class=\"td_class_66446676 table-data\" style=\"padding: 10px; max-width: 150px; min-width: 150px;\"><div id=\"td_id_66446676\"><div class=\"single-item other-item\"><div class=\"ntb-datas-wrapper\" style=\"margin: 0px;\"><span class=\"hover-item\" style=\"padding: 0px; font-weight: bold; font-style: normal; text-decoration: none; font-size: 15px; display: block; text-align: center; color: rgb(252, 72, 30); opacity: 1; line-height: 1.2;\">Cartouche \u00e0 disques MX courte<\/span>  <\/div> <\/div><\/div><\/td><td id=\"td_id_50441672\" rowspan=\"0\" colspan=\"0\" class=\"td_class_50441672 table-data\" style=\"padding: 10px; max-width: 150px; min-width: 150px; display: none;\"><div id=\"td_id_50441672\"><div class=\"single-item other-item\"><div class=\"ntb-datas-wrapper\" style=\"margin: 0px;\"><span class=\"hover-item\" style=\"padding: 0px; font-weight: normal; font-style: normal; text-decoration: none; font-size: 12px; display: block; text-align: center; color: rgb(0, 0, 1); opacity: 0.4; line-height: 1.2;\">Add New<\/span>  <\/div> <\/div><\/div><\/td><\/tr><tr id=\"tr_id_1899394\" class=\"desktop-view tr_class_1899394 \" style=\"background: rgb(255, 255, 255);\"> <td id=\"td_id_84063641\" rowspan=\"1\" colspan=\"1\" class=\"td_class_84063641 table-data\" style=\"padding: 10px; max-width: 300px; min-width: 300px;\"><div id=\"td_id_84063641\"><div class=\"single-item other-item\"><div class=\"ntb-datas-wrapper\" style=\"margin: 0px 0px 4px;\"><span class=\"hover-item\" style=\"padding: 0px; font-weight: normal; font-style: normal; text-decoration: none; font-size: 13px; display: block; text-align: center; color: rgb(0, 0, 1); opacity: 1; line-height: 1.2;\">120 mailles<\/span>  <\/div> <\/div><\/div><\/td><td id=\"td_id_99133976\" rowspan=\"1\" colspan=\"1\" class=\"td_class_99133976 table-data\" style=\"padding: 10px; max-width: 300px; min-width: 300px;\"><div id=\"td_id_99133976\"><div class=\"single-item other-item\"><div class=\"ntb-datas-wrapper\" style=\"margin: 0px 0px 4px;\"><span class=\"hover-item\" style=\"padding: 0px; font-weight: normal; font-style: normal; text-decoration: none; font-size: 13px; display: block; text-align: center; color: rgb(0, 0, 1); opacity: 1; line-height: 1.2;\">456359<\/span>  <\/div> <\/div><\/div><\/td><\/tr><tr id=\"tr_id_3198338\" class=\"desktop-view tr_class_3198338 \" style=\"background: rgb(228, 228, 228);\"> <td id=\"td_id_81066386\" rowspan=\"1\" colspan=\"1\" class=\"td_class_81066386 table-data\" style=\"padding: 10px; max-width: 300px; min-width: 300px;\"><div id=\"td_id_81066386\"><div class=\"single-item other-item\"><div class=\"ntb-datas-wrapper\" style=\"margin: 0px 0px 4px;\"><span class=\"hover-item\" style=\"padding: 0px; font-weight: normal; font-style: normal; text-decoration: none; font-size: 13px; display: block; text-align: center; color: rgb(0, 0, 1); opacity: 1; line-height: 1.2;\">150 mailles<\/span>  <\/div> <\/div><\/div><\/td><td id=\"td_id_64961816\" rowspan=\"1\" colspan=\"1\" class=\"td_class_64961816 table-data\" style=\"padding: 10px; max-width: 300px; min-width: 300px;\"><div id=\"td_id_64961816\"><div class=\"single-item other-item\"><div class=\"ntb-datas-wrapper\" style=\"margin: 0px 0px 4px;\"><span class=\"hover-item\" style=\"padding: 0px; font-weight: normal; font-style: normal; text-decoration: none; font-size: 13px; display: block; text-align: center; color: rgb(0, 0, 1); opacity: 1; line-height: 1.2;\">459355<\/span>  <\/div> <\/div><\/div><\/td><\/tr><tr id=\"tr_id_5891065\" class=\"desktop-view tr_class_5891065 \" style=\"background: rgb(255, 255, 255);\"> <td id=\"td_id_64696846\" rowspan=\"1\" colspan=\"1\" class=\"td_class_64696846 table-data\" style=\"padding: 10px; max-width: 300px; min-width: 300px;\"><div id=\"td_id_64696846\"><div class=\"single-item other-item\"><div class=\"ntb-datas-wrapper\" style=\"margin: 0px 0px 4px;\"><span class=\"hover-item\" style=\"padding: 0px; font-weight: normal; font-style: normal; text-decoration: none; font-size: 13px; display: block; text-align: center; color: rgb(0, 0, 1); opacity: 1; line-height: 1.2;\">200 mailles<\/span>  <\/div> <\/div><\/div><\/td><td id=\"td_id_60066088\" rowspan=\"1\" colspan=\"1\" class=\"td_class_60066088 table-data\" style=\"padding: 10px; max-width: 300px; min-width: 300px;\"><div id=\"td_id_60066088\"><div class=\"single-item other-item\"><div class=\"ntb-datas-wrapper\" style=\"margin: 0px 0px 4px;\"><span class=\"hover-item\" style=\"padding: 0px; font-weight: normal; font-style: normal; text-decoration: none; font-size: 13px; display: block; text-align: center; color: rgb(0, 0, 1); opacity: 1; line-height: 1.2;\">459356<\/span>  <\/div> <\/div><\/div><\/td><\/tr><tr id=\"tr_id_8645655\" class=\"desktop-view tr_class_8645655 \" style=\"background: rgb(248, 201, 180);\"> <td id=\"td_id_86151140\" rowspan=\"1\" colspan=\"2\" class=\"td_class_86151140 table-data\" style=\"padding: 10px; max-width: 150px; min-width: 150px;\"><div id=\"td_id_86151140\"><div class=\"single-item other-item\"><div class=\"ntb-datas-wrapper\" style=\"margin: 0px;\"><span class=\"hover-item\" style=\"padding: 0px; font-weight: bold; font-style: normal; text-decoration: none; font-size: 15px; display: block; text-align: center; color: rgb(252, 72, 30); opacity: 1; line-height: 1.2;\">Cartouche \u00e0 disques MX longue<\/span>  <\/div> <\/div><\/div><\/td><td id=\"td_id_86645186\" rowspan=\"0\" colspan=\"0\" class=\"td_class_86645186 table-data\" style=\"padding: 10px; max-width: 150px; min-width: 150px; display: none;\"><div id=\"td_id_86645186\"><div class=\"single-item other-item\"><div class=\"ntb-datas-wrapper\" style=\"margin: 0px;\"><span class=\"hover-item\" style=\"padding: 0px; font-weight: normal; font-style: normal; text-decoration: none; font-size: 12px; display: block; text-align: center; color: rgb(0, 0, 1); opacity: 0.4; line-height: 1.2;\">Add New<\/span>  <\/div> <\/div><\/div><\/td><\/tr><tr id=\"tr_id_4767541\" class=\"desktop-view tr_class_4767541 \" style=\"background: rgb(255, 255, 255);\"> <td id=\"td_id_66586577\" rowspan=\"1\" colspan=\"1\" class=\"td_class_66586577 table-data\" style=\"padding: 10px; max-width: 300px; min-width: 300px;\"><div id=\"td_id_66586577\"><div class=\"single-item other-item\"><div class=\"ntb-datas-wrapper\" style=\"margin: 0px 0px 4px;\"><span class=\"hover-item\" style=\"padding: 0px; font-weight: normal; font-style: normal; text-decoration: none; font-size: 13px; display: block; text-align: center; color: rgb(0, 0, 1); opacity: 1; line-height: 1.2;\">120 mailles<\/span>  <\/div> <\/div><\/div><\/td><td id=\"td_id_91465567\" rowspan=\"1\" colspan=\"1\" class=\"td_class_91465567 table-data\" style=\"padding: 10px; max-width: 300px; min-width: 300px;\"><div id=\"td_id_91465567\"><div class=\"single-item other-item\"><div class=\"ntb-datas-wrapper\" style=\"margin: 0px 0px 4px;\"><span class=\"hover-item\" style=\"padding: 0px; font-weight: normal; font-style: normal; text-decoration: none; font-size: 13px; display: block; text-align: center; color: rgb(0, 0, 1); opacity: 1; line-height: 1.2;\">458200<\/span>  <\/div> <\/div><\/div><\/td><\/tr><tr id=\"tr_id_4864954\" class=\"desktop-view tr_class_4864954 \" style=\"background: rgb(228, 228, 228);\"> <td id=\"td_id_66674696\" rowspan=\"1\" colspan=\"1\" class=\"td_class_66674696 table-data\" style=\"padding: 10px; max-width: 300px; min-width: 300px;\"><div id=\"td_id_66674696\"><div class=\"single-item other-item\"><div class=\"ntb-datas-wrapper\" style=\"margin: 0px 0px 4px;\"><span class=\"hover-item\" style=\"padding: 0px; font-weight: normal; font-style: normal; text-decoration: none; font-size: 13px; display: block; text-align: center; color: rgb(0, 0, 1); opacity: 1; line-height: 1.2;\">150 mailles<\/span>  <\/div> <\/div><\/div><\/td><td id=\"td_id_41848618\" rowspan=\"1\" colspan=\"1\" class=\"td_class_41848618 table-data\" style=\"padding: 10px; max-width: 300px; min-width: 300px;\"><div id=\"td_id_41848618\"><div class=\"single-item other-item\"><div class=\"ntb-datas-wrapper\" style=\"margin: 0px 0px 4px;\"><span class=\"hover-item\" style=\"padding: 0px; font-weight: normal; font-style: normal; text-decoration: none; font-size: 13px; display: block; text-align: center; color: rgb(0, 0, 1); opacity: 1; line-height: 1.2;\">459353<\/span>  <\/div> <\/div><\/div><\/td><\/tr><tr id=\"tr_id_6815568\" class=\"desktop-view tr_class_6815568 \" style=\"background: rgb(255, 255, 255);\"> <td id=\"td_id_94555498\" rowspan=\"1\" colspan=\"1\" class=\"td_class_94555498 table-data\" style=\"padding: 10px; max-width: 300px; min-width: 300px;\"><div id=\"td_id_94555498\"><div class=\"single-item other-item\"><div class=\"ntb-datas-wrapper\" style=\"margin: 0px 0px 4px;\"><span class=\"hover-item\" style=\"padding: 0px; font-weight: normal; font-style: normal; text-decoration: none; font-size: 13px; display: block; text-align: center; color: rgb(0, 0, 1); opacity: 1; line-height: 1.2;\">200 mailles<\/span>  <\/div> <\/div><\/div><\/td><td id=\"td_id_65686896\" rowspan=\"1\" colspan=\"1\" class=\"td_class_65686896 table-data\" style=\"padding: 10px; max-width: 300px; min-width: 300px;\"><div id=\"td_id_65686896\"><div class=\"single-item other-item\"><div class=\"ntb-datas-wrapper\" style=\"margin: 0px 0px 4px;\"><span class=\"hover-item\" style=\"padding: 0px; font-weight: normal; font-style: normal; text-decoration: none; font-size: 13px; display: block; text-align: center; color: rgb(0, 0, 1); opacity: 1; line-height: 1.2;\">459354<\/span>  <\/div> <\/div><\/div><\/td><\/tr><\/tbody><\/table><\/div>\n<\/p>\n","protected":false},"excerpt":{"rendered":"<h2><span style=\"font-size: medium;\"><strong>CARTOUCHES AVEC DISQUES<\/strong><\/span><\/h2>\n<p>MX FILTER est la d\u00e9finition d&rsquo;un nouveau concept dans les syst\u00e8mes de filtration. Il se compose d&rsquo;un bo\u00eetier en plastique de 2\u201dou 3\u201d, filetage m\u00e2le ou Victaulic et, \u00e0 l&rsquo;int\u00e9rieur, incorpore une cartouche form\u00e9e d&rsquo;ensembles compacts de disques, caract\u00e9ris\u00e9s par une filtration constante, dont la surface forme un ensemble r\u00e9ticulaire de grande surface de filtrage.<\/p>\n<p>&nbsp;<\/p>\n<p><a class=\"btn-black\" href=\"https:\/\/www.gestiriego.com\/fichas-tecnicas\/otros-idiomas\/mx_filter_fr_impr.pdf\" target=\"_blank\" rel=\"noopener\">Fiche technique<\/a><\/p>\n","protected":false},"featured_media":250466,"comment_status":"open","ping_status":"closed","template":"","meta":{"_et_pb_use_builder":"","_et_pb_old_content":"","_et_gb_content_width":""},"product_brand":[],"product_cat":[319,361,365],"product_tag":[306],"class_list":{"0":"post-250465","1":"product","2":"type-product","3":"status-publish","4":"has-post-thumbnail","6":"product_cat-filtres-dirrigation","7":"product_cat-filtres-dirrigation-manuels","8":"product_cat-mxfilter-fr","9":"product_tag-produit-en-francais","11":"first","12":"instock","13":"shipping-taxable","14":"product-type-simple"},"_links":{"self":[{"href":"https:\/\/www.gestiriego.com\/fr\/wp-json\/wp\/v2\/product\/250465","targetHints":{"allow":["GET"]}}],"collection":[{"href":"https:\/\/www.gestiriego.com\/fr\/wp-json\/wp\/v2\/product"}],"about":[{"href":"https:\/\/www.gestiriego.com\/fr\/wp-json\/wp\/v2\/types\/product"}],"replies":[{"embeddable":true,"href":"https:\/\/www.gestiriego.com\/fr\/wp-json\/wp\/v2\/comments?post=250465"}],"wp:featuredmedia":[{"embeddable":true,"href":"https:\/\/www.gestiriego.com\/fr\/wp-json\/wp\/v2\/media\/250466"}],"wp:attachment":[{"href":"https:\/\/www.gestiriego.com\/fr\/wp-json\/wp\/v2\/media?parent=250465"}],"wp:term":[{"taxonomy":"product_brand","embeddable":true,"href":"https:\/\/www.gestiriego.com\/fr\/wp-json\/wp\/v2\/product_brand?post=250465"},{"taxonomy":"product_cat","embeddable":true,"href":"https:\/\/www.gestiriego.com\/fr\/wp-json\/wp\/v2\/product_cat?post=250465"},{"taxonomy":"product_tag","embeddable":true,"href":"https:\/\/www.gestiriego.com\/fr\/wp-json\/wp\/v2\/product_tag?post=250465"}],"curies":[{"name":"wp","href":"https:\/\/api.w.org\/{rel}","templated":true}]}}