{"id":250531,"date":"2022-10-11T05:02:18","date_gmt":"2022-10-11T05:02:18","guid":{"rendered":"https:\/\/www.gestiriego.com\/reservoirs-empilables\/"},"modified":"2024-04-12T16:48:08","modified_gmt":"2024-04-12T16:48:08","slug":"reservoirs-empilables","status":"publish","type":"product","link":"https:\/\/www.gestiriego.com\/fr\/reservoirs-empilables\/","title":{"rendered":"R\u00c9SERVOIRS EMPILABLES"},"content":{"rendered":"<p style=\"text-align: center;\"><div class=\"ntb_table_wrapper ninja_table_builder_instance_0\"\n     id='ninja_table_builder_250665'\n     data-ninja_table_builder_instance=\"ninja_table_builder_instance_0\"\n     style=\"\n     max-height:600px;\n     max-width: 1160px;\">\n     <table id=\"ntb_table\" role=\"table\" class=\"table ninja_tables_builder_class_250665 ntb_250665\" style=\"margin: 0px auto; table-layout: fixed; border-collapse: separate; border: 0px solid rgb(0, 0, 0); font-family: Arial; border-spacing: 0px 3px;\"> <tbody class=\"tbody\"><tr id=\"tr_id_1224164\" class=\"desktop-view tr_class_1224164 \" style=\"background: rgb(252, 72, 30);\"> <td id=\"td_id_09712766\" rowspan=\"1\" colspan=\"6\" class=\"td_class_09712766 table-data\" style=\"padding: 10px; max-width: 180px; min-width: 180px;\"><div id=\"td_id_09712766\"><div class=\"single-item other-item\"><div class=\"ntb-datas-wrapper\" style=\"margin: 0px;\"><span class=\"hover-item\" style=\"padding: 5px 0px; font-weight: bold; font-style: normal; text-decoration: none; font-size: 15px; display: block; text-align: center; color: rgb(255, 255, 255); opacity: 1; line-height: 1.2;\">R\u00c9SERVOIRS EMPILABLES<\/span>  <\/div> <\/div><\/div><\/td><td id=\"td_id_00121224\" rowspan=\"0\" colspan=\"0\" class=\"td_class_00121224 table-data\" style=\"padding: 10px; max-width: 180px; min-width: 180px; display: none;\"><div id=\"td_id_00121224\"><div class=\"single-item other-item\"><div class=\"ntb-datas-wrapper\" style=\"margin: 0px;\"><span class=\"hover-item\" style=\"padding: 0px; font-weight: normal; font-style: normal; text-decoration: none; font-size: 12px; display: block; text-align: center; color: rgb(0, 0, 1); opacity: 0.4; line-height: 1.2;\">Add New<\/span>  <\/div> <\/div><\/div><\/td><td id=\"td_id_92661222\" rowspan=\"0\" colspan=\"0\" class=\"td_class_92661222 table-data\" style=\"padding: 10px; max-width: 150px; min-width: 150px; display: none;\"><div id=\"td_id_92661222\"><div class=\"single-item other-item\"><div class=\"ntb-datas-wrapper\" style=\"margin: 0px;\"><span class=\"hover-item\" style=\"padding: 0px; font-weight: normal; font-style: normal; text-decoration: none; font-size: 12px; display: block; text-align: center; color: rgb(0, 0, 1); opacity: 0.4; line-height: 1.2;\">Add New<\/span>  <\/div> <\/div><\/div><\/td><td id=\"td_id_61992627\" rowspan=\"0\" colspan=\"0\" class=\"td_class_61992627 table-data\" style=\"padding: 10px; max-width: 180px; min-width: 180px; display: none;\"><div id=\"td_id_61992627\"><div class=\"single-item other-item\"><div class=\"ntb-datas-wrapper\" style=\"margin: 0px;\"><span class=\"hover-item\" style=\"padding: 0px; font-weight: normal; font-style: normal; text-decoration: none; font-size: 12px; display: block; text-align: center; color: rgb(0, 0, 1); opacity: 0.4; line-height: 1.2;\">Add New<\/span>  <\/div> <\/div><\/div><\/td><td id=\"td_id_12191621\" rowspan=\"0\" colspan=\"0\" class=\"td_class_12191621 table-data\" style=\"padding: 10px; max-width: 180px; min-width: 180px; display: none;\"><div id=\"td_id_12191621\"><div class=\"single-item other-item\"><div class=\"ntb-datas-wrapper\" style=\"margin: 0px;\"><span class=\"hover-item\" style=\"padding: 0px; font-weight: normal; font-style: normal; text-decoration: none; font-size: 12px; display: block; text-align: center; color: rgb(0, 0, 1); opacity: 0.4; line-height: 1.2;\">Add New<\/span>  <\/div> <\/div><\/div><\/td><td id=\"td_id_61397269\" rowspan=\"0\" colspan=\"0\" class=\"td_class_61397269 table-data\" style=\"padding: 10px; max-width: 180px; min-width: 180px; display: none;\"><div id=\"td_id_61397269\"><div class=\"single-item other-item\"><div class=\"ntb-datas-wrapper\" style=\"margin: 0px;\"><span class=\"hover-item\" style=\"padding: 0px; font-weight: normal; font-style: normal; text-decoration: none; font-size: 12px; display: block; text-align: center; color: rgb(0, 0, 1); opacity: 0.4; line-height: 1.2;\">Add New<\/span>  <\/div> <\/div><\/div><\/td><\/tr><tr id=\"tr_id_3921746\" class=\"desktop-view tr_class_3921746 \" style=\"background: rgb(248, 201, 180);\"> <td id=\"td_id_38889019\" rowspan=\"1\" colspan=\"1\" class=\"td_class_38889019 table-data\" style=\"padding: 10px; max-width: 180px; min-width: 180px;\"><div id=\"td_id_38889019\"><div class=\"single-item other-item\"><div class=\"ntb-datas-wrapper\" style=\"margin: 0px;\"><span class=\"hover-item\" style=\"padding: 0px; font-weight: normal; font-style: normal; text-decoration: none; font-size: 14px; display: block; text-align: center; color: rgb(255, 0, 0); opacity: 1; line-height: 1.2;\">CAPACIT\u00c9<\/span>  <\/div> <\/div><\/div><\/td><td id=\"td_id_50226953\" rowspan=\"1\" colspan=\"2\" class=\"td_class_50226953 table-data\" style=\"padding: 10px; max-width: 180px; min-width: 180px;\"><div id=\"td_id_50226953\"><div class=\"single-item other-item\"><div class=\"ntb-datas-wrapper\" style=\"margin: 0px;\"><span class=\"hover-item\" style=\"padding: 0px; font-weight: normal; font-style: normal; text-decoration: none; font-size: 14px; display: block; text-align: center; color: rgb(255, 0, 0); opacity: 1; line-height: 1.2;\">\u00d8 BOCA<\/span>  <\/div> <\/div><\/div><\/td><td id=\"td_id_18103169\" rowspan=\"0\" colspan=\"0\" class=\"td_class_18103169 table-data\" style=\"padding: 10px; max-width: 170px; min-width: 170px; display: none;\"><div id=\"td_id_18103169\"><div class=\"single-item other-item\"><div class=\"ntb-datas-wrapper\" style=\"margin: 0px;\"><span class=\"hover-item\" style=\"padding: 0px; font-weight: normal; font-style: normal; text-decoration: none; font-size: 14px; display: block; text-align: center; color: rgb(255, 0, 0); opacity: 1; line-height: 1.2;\">CAUDAL CIRCULANTE<\/span>  <\/div> <\/div><\/div><\/td><td id=\"td_id_11923743\" rowspan=\"1\" colspan=\"1\" class=\"td_class_11923743 table-data\" style=\"padding: 10px; max-width: 180px; min-width: 180px;\"><div id=\"td_id_11923743\"><div class=\"single-item other-item\"><div class=\"ntb-datas-wrapper\" style=\"margin: 0px;\"><span class=\"hover-item\" style=\"padding: 0px; font-weight: normal; font-style: normal; text-decoration: none; font-size: 14px; display: block; text-align: center; color: rgb(255, 0, 0); opacity: 1; line-height: 1.2;\">DIMENSIONS<\/span>  <\/div> <\/div><div class=\"single-item other-item\"><div class=\"ntb-datas-wrapper\" style=\"margin: 0px;\"><span class=\"hover-item\" style=\"padding: 0px; font-weight: normal; font-style: normal; text-decoration: none; font-size: 14px; display: block; text-align: center; color: rgb(255, 0, 0); opacity: 1; line-height: 1.2;\">\u00d8 BASE<\/span>  <\/div> <\/div><\/div><\/td><td id=\"td_id_17798536\" rowspan=\"1\" colspan=\"1\" class=\"td_class_17798536 table-data\" style=\"padding: 10px; max-width: 180px; min-width: 180px;\"><div id=\"td_id_17798536\"><div class=\"single-item other-item\"><div class=\"ntb-datas-wrapper\" style=\"margin: 0px;\"><span class=\"hover-item\" style=\"padding: 0px; font-weight: normal; font-style: normal; text-decoration: none; font-size: 14px; display: block; text-align: center; color: rgb(255, 0, 0); opacity: 1; line-height: 1.2;\">HAUTEUR<\/span>  <\/div> <\/div><\/div><\/td><td id=\"td_id_17978086\" rowspan=\"1\" colspan=\"1\" class=\"td_class_17978086 table-data\" style=\"padding: 10px; max-width: 180px; min-width: 180px;\"><div id=\"td_id_17978086\"><div class=\"single-item other-item\"><div class=\"ntb-datas-wrapper\" style=\"margin: 0px;\"><span class=\"hover-item\" style=\"padding: 0px; font-weight: normal; font-style: normal; text-decoration: none; font-size: 14px; display: block; text-align: center; color: rgb(255, 0, 0); opacity: 1; line-height: 1.2;\">CODE<\/span>  <\/div> <\/div><\/div><\/td><\/tr><tr id=\"tr_id_2849256\" class=\"desktop-view tr_class_2849256 \" style=\"background: rgb(166, 165, 165);\"> <td id=\"td_id_50544400\" rowspan=\"1\" colspan=\"1\" class=\"td_class_50544400 table-data\" style=\"padding: 10px; max-width: 180px; min-width: 180px;\"><div id=\"td_id_50544400\"><div class=\"single-item other-item\"><div class=\"ntb-datas-wrapper\" style=\"margin: 0px;\"><span class=\"hover-item\" style=\"padding: 0px; font-weight: normal; font-style: normal; text-decoration: none; font-size: 14px; display: block; text-align: center; color: rgb(255, 255, 255); opacity: 1; line-height: 1.2;\">(l)<\/span>  <\/div> <\/div><\/div><\/td><td id=\"td_id_64006357\" rowspan=\"1\" colspan=\"2\" class=\"td_class_64006357 table-data\" style=\"padding: 10px; max-width: 180px; min-width: 180px;\"><div id=\"td_id_64006357\"><div class=\"single-item other-item\"><div class=\"ntb-datas-wrapper\" style=\"margin: 0px;\"><span class=\"hover-item\" style=\"padding: 0px; font-weight: normal; font-style: normal; text-decoration: none; font-size: 14px; display: block; text-align: center; color: rgb(255, 255, 255); opacity: 1; line-height: 1.2;\">(mm)<\/span>  <\/div> <\/div><\/div><\/td><td id=\"td_id_17640624\" rowspan=\"0\" colspan=\"0\" class=\"td_class_17640624 table-data\" style=\"padding: 10px; max-width: 170px; min-width: 170px; display: none;\"><div id=\"td_id_17640624\"><div class=\"single-item other-item\"><div class=\"ntb-datas-wrapper\" style=\"margin: 0px;\"><span class=\"hover-item\" style=\"padding: 0px; font-weight: normal; font-style: normal; text-decoration: none; font-size: 14px; display: block; text-align: center; color: rgb(255, 255, 255); opacity: 1; line-height: 1.2;\">(l\/h)<\/span>  <\/div> <\/div><\/div><\/td><td id=\"td_id_85102598\" rowspan=\"1\" colspan=\"1\" class=\"td_class_85102598 table-data\" style=\"padding: 10px; max-width: 180px; min-width: 180px;\"><div id=\"td_id_85102598\"><div class=\"single-item other-item\"><div class=\"ntb-datas-wrapper\" style=\"margin: 0px;\"><span class=\"hover-item\" style=\"padding: 0px; font-weight: normal; font-style: normal; text-decoration: none; font-size: 14px; display: block; text-align: center; color: rgb(255, 255, 255); opacity: 1; line-height: 1.2;\">(mm)<\/span>  <\/div> <\/div><\/div><\/td><td id=\"td_id_17099887\" rowspan=\"1\" colspan=\"1\" class=\"td_class_17099887 table-data\" style=\"padding: 10px; max-width: 180px; min-width: 180px;\"><div id=\"td_id_17099887\"><div class=\"single-item other-item\"><div class=\"ntb-datas-wrapper\" style=\"margin: 0px;\"><span class=\"hover-item\" style=\"padding: 0px; font-weight: normal; font-style: normal; text-decoration: none; font-size: 14px; display: block; text-align: center; color: rgb(255, 255, 255); opacity: 1; line-height: 1.2;\">(mm)<\/span>  <\/div> <\/div><\/div><\/td><td id=\"td_id_38333640\" rowspan=\"1\" colspan=\"1\" class=\"td_class_38333640 table-data\" style=\"padding: 10px; max-width: 180px; min-width: 180px;\"><div id=\"td_id_38333640\"><\/div><\/td><\/tr><tr id=\"tr_id_1899394\" class=\"desktop-view tr_class_1899394 \" style=\"background: rgb(255, 255, 255);\"> <td id=\"td_id_74290681\" rowspan=\"1\" colspan=\"1\" class=\"td_class_74290681 table-data\" style=\"padding: 10px; max-width: 180px; min-width: 180px;\"><div id=\"td_id_74290681\"><div class=\"single-item other-item\"><div class=\"ntb-datas-wrapper\" style=\"margin: 0px 0px 4px;\"><span class=\"hover-item\" style=\"padding: 0px; font-weight: normal; font-style: normal; text-decoration: none; font-size: 13px; display: block; text-align: center; color: rgb(0, 0, 1); opacity: 1; line-height: 1.2;\">500<\/span>  <\/div> <\/div><\/div><\/td><td id=\"td_id_11608262\" rowspan=\"1\" colspan=\"2\" class=\"td_class_11608262 table-data\" style=\"padding: 10px; max-width: 180px; min-width: 180px;\"><div id=\"td_id_11608262\"><div class=\"single-item other-item\"><div class=\"ntb-datas-wrapper\" style=\"margin: 0px 0px 4px;\"><span class=\"hover-item\" style=\"padding: 0px; font-weight: normal; font-style: normal; text-decoration: none; font-size: 13px; display: block; text-align: center; color: rgb(0, 0, 1); opacity: 1; line-height: 1.2;\">860<\/span>  <\/div> <\/div><\/div><\/td><td id=\"td_id_84256286\" rowspan=\"0\" colspan=\"0\" class=\"td_class_84256286 table-data\" style=\"padding: 10px; max-width: 170px; min-width: 170px; display: none;\"><div id=\"td_id_84256286\"><div class=\"single-item other-item\"><div class=\"ntb-datas-wrapper\" style=\"margin: 0px 0px 4px;\"><span class=\"hover-item\" style=\"padding: 0px; font-weight: normal; font-style: normal; text-decoration: none; font-size: 13px; display: block; text-align: center; color: rgb(0, 0, 1); opacity: 1; line-height: 1.2;\">380<\/span>  <\/div> <\/div><\/div><\/td><td id=\"td_id_70061404\" rowspan=\"1\" colspan=\"1\" class=\"td_class_70061404 table-data\" style=\"padding: 10px; max-width: 180px; min-width: 180px;\"><div id=\"td_id_70061404\"><div class=\"single-item other-item\"><div class=\"ntb-datas-wrapper\" style=\"margin: 0px 0px 4px;\"><span class=\"hover-item\" style=\"padding: 0px; font-weight: normal; font-style: normal; text-decoration: none; font-size: 13px; display: block; text-align: center; color: rgb(0, 0, 1); opacity: 1; line-height: 1.2;\">680<\/span>  <\/div> <\/div><\/div><\/td><td id=\"td_id_84063641\" rowspan=\"1\" colspan=\"1\" class=\"td_class_84063641 table-data\" style=\"padding: 10px; max-width: 180px; min-width: 180px;\"><div id=\"td_id_84063641\"><div class=\"single-item other-item\"><div class=\"ntb-datas-wrapper\" style=\"margin: 0px 0px 4px;\"><span class=\"hover-item\" style=\"padding: 0px; font-weight: normal; font-style: normal; text-decoration: none; font-size: 13px; display: block; text-align: center; color: rgb(0, 0, 1); opacity: 1; line-height: 1.2;\">1270<\/span>  <\/div> <\/div><\/div><\/td><td id=\"td_id_99133976\" rowspan=\"1\" colspan=\"1\" class=\"td_class_99133976 table-data\" style=\"padding: 10px; max-width: 180px; min-width: 180px;\"><div id=\"td_id_99133976\"><div class=\"single-item other-item\"><div class=\"ntb-datas-wrapper\" style=\"margin: 0px 0px 4px;\"><span class=\"hover-item\" style=\"padding: 0px; font-weight: normal; font-style: normal; text-decoration: none; font-size: 13px; display: block; text-align: center; color: rgb(0, 0, 1); opacity: 1; line-height: 1.2;\">454600<\/span>  <\/div> <\/div><\/div><\/td><\/tr><tr id=\"tr_id_0821808\" class=\"desktop-view tr_class_0821808 \" style=\"background: rgb(213, 213, 212);\"> <td id=\"td_id_00661013\" rowspan=\"1\" colspan=\"1\" class=\"td_class_00661013 table-data\" style=\"padding: 10px; max-width: 180px; min-width: 180px;\"><div id=\"td_id_00661013\"><div class=\"single-item other-item\"><div class=\"ntb-datas-wrapper\" style=\"margin: 0px 0px 4px;\"><span class=\"hover-item\" style=\"padding: 0px; font-weight: normal; font-style: normal; text-decoration: none; font-size: 13px; display: block; text-align: center; color: rgb(0, 0, 1); opacity: 1; line-height: 1.2;\">1000<\/span>  <\/div> <\/div><\/div><\/td><td id=\"td_id_83448640\" rowspan=\"1\" colspan=\"2\" class=\"td_class_83448640 table-data\" style=\"padding: 10px; max-width: 180px; min-width: 180px;\"><div id=\"td_id_83448640\"><div class=\"single-item other-item\"><div class=\"ntb-datas-wrapper\" style=\"margin: 0px 0px 4px;\"><span class=\"hover-item\" style=\"padding: 0px; font-weight: normal; font-style: normal; text-decoration: none; font-size: 13px; display: block; text-align: center; color: rgb(0, 0, 1); opacity: 1; line-height: 1.2;\">1200<\/span>  <\/div> <\/div><\/div><\/td><td id=\"td_id_28434804\" rowspan=\"0\" colspan=\"0\" class=\"td_class_28434804 table-data\" style=\"padding: 10px; max-width: 170px; min-width: 170px; display: none;\"><div id=\"td_id_28434804\"><div class=\"single-item other-item\"><div class=\"ntb-datas-wrapper\" style=\"margin: 0px 0px 4px;\"><span class=\"hover-item\" style=\"padding: 0px; font-weight: normal; font-style: normal; text-decoration: none; font-size: 13px; display: block; text-align: center; color: rgb(0, 0, 1); opacity: 1; line-height: 1.2;\">588<\/span>  <\/div> <\/div><\/div><\/td><td id=\"td_id_66661068\" rowspan=\"1\" colspan=\"1\" class=\"td_class_66661068 table-data\" style=\"padding: 10px; max-width: 180px; min-width: 180px;\"><div id=\"td_id_66661068\"><div class=\"single-item other-item\"><div class=\"ntb-datas-wrapper\" style=\"margin: 0px 0px 4px;\"><span class=\"hover-item\" style=\"padding: 0px; font-weight: normal; font-style: normal; text-decoration: none; font-size: 13px; display: block; text-align: center; color: rgb(0, 0, 1); opacity: 1; line-height: 1.2;\">970<\/span>  <\/div> <\/div><\/div><\/td><td id=\"td_id_66320406\" rowspan=\"1\" colspan=\"1\" class=\"td_class_66320406 table-data\" style=\"padding: 10px; max-width: 180px; min-width: 180px;\"><div id=\"td_id_66320406\"><div class=\"single-item other-item\"><div class=\"ntb-datas-wrapper\" style=\"margin: 0px 0px 4px;\"><span class=\"hover-item\" style=\"padding: 0px; font-weight: normal; font-style: normal; text-decoration: none; font-size: 13px; display: block; text-align: center; color: rgb(0, 0, 1); opacity: 1; line-height: 1.2;\">1220<\/span>  <\/div> <\/div><\/div><\/td><td id=\"td_id_60861611\" rowspan=\"1\" colspan=\"1\" class=\"td_class_60861611 table-data\" style=\"padding: 10px; max-width: 180px; min-width: 180px;\"><div id=\"td_id_60861611\"><div class=\"single-item other-item\"><div class=\"ntb-datas-wrapper\" style=\"margin: 0px 0px 4px;\"><span class=\"hover-item\" style=\"padding: 0px; font-weight: normal; font-style: normal; text-decoration: none; font-size: 13px; display: block; text-align: center; color: rgb(0, 0, 1); opacity: 1; line-height: 1.2;\">454594<\/span>  <\/div> <\/div><\/div><\/td><\/tr><tr id=\"tr_id_4277506\" class=\"desktop-view tr_class_4277506 \" style=\"background: rgb(255, 255, 255);\"> <td id=\"td_id_38369025\" rowspan=\"1\" colspan=\"1\" class=\"td_class_38369025 table-data\" style=\"padding: 10px; max-width: 180px; min-width: 180px;\"><div id=\"td_id_38369025\"><div class=\"single-item other-item\"><div class=\"ntb-datas-wrapper\" style=\"margin: 0px 0px 4px;\"><span class=\"hover-item\" style=\"padding: 0px; font-weight: normal; font-style: normal; text-decoration: none; font-size: 13px; display: block; text-align: center; color: rgb(0, 0, 1); opacity: 1; line-height: 1.2;\">1500<\/span>  <\/div> <\/div><\/div><\/td><td id=\"td_id_69869889\" rowspan=\"1\" colspan=\"2\" class=\"td_class_69869889 table-data\" style=\"padding: 10px; max-width: 180px; min-width: 180px;\"><div id=\"td_id_69869889\"><div class=\"single-item other-item\"><div class=\"ntb-datas-wrapper\" style=\"margin: 0px 0px 4px;\"><span class=\"hover-item\" style=\"padding: 0px; font-weight: normal; font-style: normal; text-decoration: none; font-size: 13px; display: block; text-align: center; color: rgb(0, 0, 1); opacity: 1; line-height: 1.2;\">1540<\/span>  <\/div> <\/div><\/div><\/td><td id=\"td_id_14792496\" rowspan=\"0\" colspan=\"0\" class=\"td_class_14792496 table-data\" style=\"padding: 10px; max-width: 170px; min-width: 170px; display: none;\"><div id=\"td_id_14792496\"><div class=\"single-item other-item\"><div class=\"ntb-datas-wrapper\" style=\"margin: 0px 0px 4px;\"><span class=\"hover-item\" style=\"padding: 0px; font-weight: normal; font-style: normal; text-decoration: none; font-size: 13px; display: block; text-align: center; color: rgb(0, 0, 1); opacity: 1; line-height: 1.2;\">1630<\/span>  <\/div> <\/div><\/div><\/td><td id=\"td_id_46532479\" rowspan=\"1\" colspan=\"1\" class=\"td_class_46532479 table-data\" style=\"padding: 10px; max-width: 180px; min-width: 180px;\"><div id=\"td_id_46532479\"><div class=\"single-item other-item\"><div class=\"ntb-datas-wrapper\" style=\"margin: 0px 0px 4px;\"><span class=\"hover-item\" style=\"padding: 0px; font-weight: normal; font-style: normal; text-decoration: none; font-size: 13px; display: block; text-align: center; color: rgb(0, 0, 1); opacity: 1; line-height: 1.2;\">1200<\/span>  <\/div> <\/div><\/div><\/td><td id=\"td_id_76079158\" rowspan=\"1\" colspan=\"1\" class=\"td_class_76079158 table-data\" style=\"padding: 10px; max-width: 180px; min-width: 180px;\"><div id=\"td_id_76079158\"><div class=\"single-item other-item\"><div class=\"ntb-datas-wrapper\" style=\"margin: 0px 0px 4px;\"><span class=\"hover-item\" style=\"padding: 0px; font-weight: normal; font-style: normal; text-decoration: none; font-size: 13px; display: block; text-align: center; color: rgb(0, 0, 1); opacity: 1; line-height: 1.2;\">1130<\/span>  <\/div> <\/div><\/div><\/td><td id=\"td_id_37440616\" rowspan=\"1\" colspan=\"1\" class=\"td_class_37440616 table-data\" style=\"padding: 10px; max-width: 180px; min-width: 180px;\"><div id=\"td_id_37440616\"><div class=\"single-item other-item\"><div class=\"ntb-datas-wrapper\" style=\"margin: 0px 0px 4px;\"><span class=\"hover-item\" style=\"padding: 0px; font-weight: normal; font-style: normal; text-decoration: none; font-size: 13px; display: block; text-align: center; color: rgb(0, 0, 1); opacity: 1; line-height: 1.2;\">454595<\/span>  <\/div> <\/div><\/div><\/td><\/tr><tr id=\"tr_id_0616566\" class=\"desktop-view tr_class_0616566 \" style=\"background: rgb(213, 213, 212);\"> <td id=\"td_id_05761166\" rowspan=\"1\" colspan=\"1\" class=\"td_class_05761166 table-data\" style=\"padding: 10px; max-width: 180px; min-width: 180px;\"><div id=\"td_id_05761166\"><div class=\"single-item other-item\"><div class=\"ntb-datas-wrapper\" style=\"margin: 0px 0px 4px;\"><span class=\"hover-item\" style=\"padding: 0px; font-weight: normal; font-style: normal; text-decoration: none; font-size: 13px; display: block; text-align: center; color: rgb(0, 0, 1); opacity: 1; line-height: 1.2;\">2000<\/span>  <\/div> <\/div><\/div><\/td><td id=\"td_id_63166604\" rowspan=\"1\" colspan=\"2\" class=\"td_class_63166604 table-data\" style=\"padding: 10px; max-width: 180px; min-width: 180px;\"><div id=\"td_id_63166604\"><div class=\"single-item other-item\"><div class=\"ntb-datas-wrapper\" style=\"margin: 0px 0px 4px;\"><span class=\"hover-item\" style=\"padding: 0px; font-weight: normal; font-style: normal; text-decoration: none; font-size: 13px; display: block; text-align: center; color: rgb(0, 0, 1); opacity: 1; line-height: 1.2;\">1560<\/span>  <\/div> <\/div><\/div><\/td><td id=\"td_id_61705604\" rowspan=\"0\" colspan=\"0\" class=\"td_class_61705604 table-data\" style=\"padding: 10px; max-width: 170px; min-width: 170px; display: none;\"><div id=\"td_id_61705604\"><div class=\"single-item other-item\"><div class=\"ntb-datas-wrapper\" style=\"margin: 0px 0px 4px;\"><span class=\"hover-item\" style=\"padding: 0px; font-weight: normal; font-style: normal; text-decoration: none; font-size: 13px; display: block; text-align: center; color: rgb(0, 0, 1); opacity: 1; line-height: 1.2;\">1630<\/span>  <\/div> <\/div><\/div><\/td><td id=\"td_id_03456406\" rowspan=\"1\" colspan=\"1\" class=\"td_class_03456406 table-data\" style=\"padding: 10px; max-width: 180px; min-width: 180px;\"><div id=\"td_id_03456406\"><div class=\"single-item other-item\"><div class=\"ntb-datas-wrapper\" style=\"margin: 0px 0px 4px;\"><span class=\"hover-item\" style=\"padding: 0px; font-weight: normal; font-style: normal; text-decoration: none; font-size: 13px; display: block; text-align: center; color: rgb(0, 0, 1); opacity: 1; line-height: 1.2;\">1400<\/span>  <\/div> <\/div><\/div><\/td><td id=\"td_id_53467964\" rowspan=\"1\" colspan=\"1\" class=\"td_class_53467964 table-data\" style=\"padding: 10px; max-width: 180px; min-width: 180px;\"><div id=\"td_id_53467964\"><div class=\"single-item other-item\"><div class=\"ntb-datas-wrapper\" style=\"margin: 0px 0px 4px;\"><span class=\"hover-item\" style=\"padding: 0px; font-weight: normal; font-style: normal; text-decoration: none; font-size: 13px; display: block; text-align: center; color: rgb(0, 0, 1); opacity: 1; line-height: 1.2;\">1410<\/span>  <\/div> <\/div><\/div><\/td><td id=\"td_id_13441561\" rowspan=\"1\" colspan=\"1\" class=\"td_class_13441561 table-data\" style=\"padding: 10px; max-width: 180px; min-width: 180px;\"><div id=\"td_id_13441561\"><div class=\"single-item other-item\"><div class=\"ntb-datas-wrapper\" style=\"margin: 0px 0px 4px;\"><span class=\"hover-item\" style=\"padding: 0px; font-weight: normal; font-style: normal; text-decoration: none; font-size: 13px; display: block; text-align: center; color: rgb(0, 0, 1); opacity: 1; line-height: 1.2;\">454596<\/span>  <\/div> <\/div><\/div><\/td><\/tr><\/tbody><\/table><\/div>\n<\/p>\n","protected":false},"excerpt":{"rendered":"<h2><span style=\"font-size: medium;\"><strong>DEP\u00d3SITOS FERTIRRIGACI\u00d3NSORTIES R\u00c9SERVOIRS AVEC JOINT<\/strong><\/span><\/h2>\n","protected":false},"featured_media":250532,"comment_status":"open","ping_status":"closed","template":"","meta":{"_et_pb_use_builder":"","_et_pb_old_content":"","_et_gb_content_width":""},"product_brand":[],"product_cat":[317,368],"product_tag":[306],"class_list":{"0":"post-250531","1":"product","2":"type-product","3":"status-publish","4":"has-post-thumbnail","6":"product_cat-fertigation-fr","7":"product_cat-reservoirs-et-epandeurs","8":"product_tag-produit-en-francais","10":"first","11":"instock","12":"shipping-taxable","13":"product-type-simple"},"_links":{"self":[{"href":"https:\/\/www.gestiriego.com\/fr\/wp-json\/wp\/v2\/product\/250531","targetHints":{"allow":["GET"]}}],"collection":[{"href":"https:\/\/www.gestiriego.com\/fr\/wp-json\/wp\/v2\/product"}],"about":[{"href":"https:\/\/www.gestiriego.com\/fr\/wp-json\/wp\/v2\/types\/product"}],"replies":[{"embeddable":true,"href":"https:\/\/www.gestiriego.com\/fr\/wp-json\/wp\/v2\/comments?post=250531"}],"wp:featuredmedia":[{"embeddable":true,"href":"https:\/\/www.gestiriego.com\/fr\/wp-json\/wp\/v2\/media\/250532"}],"wp:attachment":[{"href":"https:\/\/www.gestiriego.com\/fr\/wp-json\/wp\/v2\/media?parent=250531"}],"wp:term":[{"taxonomy":"product_brand","embeddable":true,"href":"https:\/\/www.gestiriego.com\/fr\/wp-json\/wp\/v2\/product_brand?post=250531"},{"taxonomy":"product_cat","embeddable":true,"href":"https:\/\/www.gestiriego.com\/fr\/wp-json\/wp\/v2\/product_cat?post=250531"},{"taxonomy":"product_tag","embeddable":true,"href":"https:\/\/www.gestiriego.com\/fr\/wp-json\/wp\/v2\/product_tag?post=250531"}],"curies":[{"name":"wp","href":"https:\/\/api.w.org\/{rel}","templated":true}]}}