{"id":250542,"date":"2022-10-11T04:33:56","date_gmt":"2022-10-11T04:33:56","guid":{"rendered":"https:\/\/www.gestiriego.com\/compteur-woltmann\/"},"modified":"2024-04-11T19:31:18","modified_gmt":"2024-04-11T19:31:18","slug":"compteur-woltmann","status":"publish","type":"product","link":"https:\/\/www.gestiriego.com\/fr\/compteur-woltmann\/","title":{"rendered":"COMPTEUR WOLTMANN"},"content":{"rendered":"<p>&nbsp;<\/p>\n<div class='et-learn-more et-open clearfix'>\n\t\t\t\t\t<h3 class='heading-more open'>CARACT\u00c9RISTIQUES COMPTEUR WOLTMANN<span class='et_learnmore_arrow'><span><\/span><\/span><\/h3>\n\t\t\t\t\t<div class='learn-more-content'>\u2022D\u00e9bitm\u00e8tre \u00e0 h\u00e9lice de type Woltmann avec cadran amovible.<\/p>\n<p>\u2022Cadran sec avec dispositif de transmission magn\u00e9tique.<\/p>\n<p>\u2022Composants et mat\u00e9riaux de haute qualit\u00e9 pour garantir des performances fiables et durables, une faible chute de pression et une longue dur\u00e9e de vie<\/p>\n<p>\u2022Pr\u00e9cision de mesure conforme \u00e0 GB \/ T 778 \u00e0 2007, ISO 4064 jusqu&rsquo;\u00e0 2.005 Standard.<\/p>\n<p>\u2022Interchangeabilit\u00e9 du cadran et du tambour entre les compteurs de cette ligne, sans qu&rsquo;il soit n\u00e9cessaire de d\u00e9monter le compteur du tuyau pour faciliter l&rsquo;entretien<\/div>\n\t\t\t\t<\/div>\n<div class='et-learn-more clearfix'>\n\t\t\t\t\t<h3 class='heading-more'>SP\u00c9CIFICATIONS COMPTEUR WOLTMANN<span class='et_learnmore_arrow'><span><\/span><\/span><\/h3>\n\t\t\t\t\t<div class='learn-more-content'>\u2022Temp\u00e9rature du fluide\u00b0: compteur d&rsquo;eau froide 0-40\u00b0\u00b0C, compteur d&rsquo;eau chaude 0-90\u00b0\u00b0C<\/p>\n<p>\u2022Humidit\u00e9\u00b0: &lt;93\u00b0%&lt;<\/p>\n<p>\u2022Pression de service\u00b0: \u22641\u20190MPa<\/p>\n<p>\u2022Chute de pression\u00b0: \u22640\u20191MPa<\/p>\n<p>\u2022Le liquide doit \u00eatre conforme aux normes nationales pour l&rsquo;eau potable.<\/div>\n\t\t\t\t<\/div>\n<div class='et-learn-more clearfix'>\n\t\t\t\t\t<h3 class='heading-more'>INSTALLATION COMPTEUR WOLTMANN<span class='et_learnmore_arrow'><span><\/span><\/span><\/h3>\n\t\t\t\t\t<div class='learn-more-content'>Les compteurs d&rsquo;eau de type Woltmann doivent \u00eatre install\u00e9s selon des directives de base si vous souhaitez obtenir un r\u00e9sultat de mesure optimal.<\/p>\n<p>De par leur conception, les compteurs Woltmann sont sensibles au profil d&rsquo;entr\u00e9e de d\u00e9bit, il faut donc tenir compte des turbulences produites par les accessoires ou les vannes \u00e0 proximit\u00e9 du compteur.<\/p>\n<p>Il est recommand\u00e9 d&rsquo;installer devant le compteur un tron\u00e7on de tuyau droit de 10xDN * et derri\u00e8re un tron\u00e7on de 5xDN *, pour des mesures de 2\u201d \u00e0 12\u201d (*DN=Diam\u00e8tre nominal en pouces de la vanne).<\/div>\n\t\t\t\t<\/div>\n<div class='et-learn-more clearfix'>\n\t\t\t\t\t<h3 class='heading-more'>FONCTIONNEMENT COMPTEUR WOLTMANN<span class='et_learnmore_arrow'><span><\/span><\/span><\/h3>\n\t\t\t\t\t<div class='learn-more-content'>\u2022 Les compteurs d&rsquo;eau de type Woltmann disposent d&rsquo;un cadran avec quatre marqueurs, un principal et trois au moyen de roues.<\/p>\n<p>\u2022Il se lit dans cet ordre\u00b0: le principal (centre en haut), la roue droite (centre droit), la roue inf\u00e9rieure (centre en bas) et le petit marqueur (gauche en bas).<\/p>\n<p>\u2022Chaque marqueur a des facteurs de multiplication, qui sont toujours multiples ou des fractions de 10. . Si vous ne mettez rien, nous supposons que le facteur est X1<\/p>\n<p>\u2022Pour obtenir une lecture correcte, il faut suivre l&rsquo;ordre du deuxi\u00e8me point et multiplier chaque marqueur par le facteur correspondant et \u00e0 la fin additionner les 4 marqueurs.<\/p>\n<p>\u2022La lecture finale est toujours obtenue en m\u00e8tres cubes (unit\u00e9 de volume).<\/div>\n\t\t\t\t<\/div>\n","protected":false},"excerpt":{"rendered":"<h2><span style=\"font-size: medium;\"><strong>COMPTEURS D&rsquo;IRRIGATION<\/strong><\/span><\/h2>\n<p>Le d\u00e9bitm\u00e8tre Woltmann est utilis\u00e9 pour comptabiliser le total d&rsquo;eau froide ou chaude consomm\u00e9e dans les applications civiles, industrielles et mini\u00e8res.<\/p>\n<p>&nbsp;<\/p>\n<p><a class=\"btn-black\" href=\"https:\/\/www.gestiriego.com\/fichas-tecnicas\/2-fertirigacion\/1-ficha_contador_woltman.pdf\" rel=\"noopener\">Fiche technique<\/a><\/p>\n","protected":false},"featured_media":250543,"comment_status":"open","ping_status":"closed","template":"","meta":{"_et_pb_use_builder":"","_et_pb_old_content":"","_et_gb_content_width":""},"product_brand":[],"product_cat":[345,317],"product_tag":[306],"class_list":{"0":"post-250542","1":"product","2":"type-product","3":"status-publish","4":"has-post-thumbnail","6":"product_cat-compteurs","7":"product_cat-fertigation-fr","8":"product_tag-produit-en-francais","10":"first","11":"instock","12":"shipping-taxable","13":"product-type-simple"},"_links":{"self":[{"href":"https:\/\/www.gestiriego.com\/fr\/wp-json\/wp\/v2\/product\/250542","targetHints":{"allow":["GET"]}}],"collection":[{"href":"https:\/\/www.gestiriego.com\/fr\/wp-json\/wp\/v2\/product"}],"about":[{"href":"https:\/\/www.gestiriego.com\/fr\/wp-json\/wp\/v2\/types\/product"}],"replies":[{"embeddable":true,"href":"https:\/\/www.gestiriego.com\/fr\/wp-json\/wp\/v2\/comments?post=250542"}],"wp:featuredmedia":[{"embeddable":true,"href":"https:\/\/www.gestiriego.com\/fr\/wp-json\/wp\/v2\/media\/250543"}],"wp:attachment":[{"href":"https:\/\/www.gestiriego.com\/fr\/wp-json\/wp\/v2\/media?parent=250542"}],"wp:term":[{"taxonomy":"product_brand","embeddable":true,"href":"https:\/\/www.gestiriego.com\/fr\/wp-json\/wp\/v2\/product_brand?post=250542"},{"taxonomy":"product_cat","embeddable":true,"href":"https:\/\/www.gestiriego.com\/fr\/wp-json\/wp\/v2\/product_cat?post=250542"},{"taxonomy":"product_tag","embeddable":true,"href":"https:\/\/www.gestiriego.com\/fr\/wp-json\/wp\/v2\/product_tag?post=250542"}],"curies":[{"name":"wp","href":"https:\/\/api.w.org\/{rel}","templated":true}]}}