{"id":255260,"date":"2025-05-07T11:55:16","date_gmt":"2025-05-07T11:55:16","guid":{"rendered":"https:\/\/www.gestiriego.com\/hydropulse\/"},"modified":"2025-05-14T08:53:06","modified_gmt":"2025-05-14T08:53:06","slug":"hydropulse","status":"publish","type":"product","link":"https:\/\/www.gestiriego.com\/fr\/hydropulse\/","title":{"rendered":"HYDROPULSE"},"content":{"rendered":"<p style=\"text-align: center;\"><div class=\"ntb_table_wrapper ninja_table_builder_instance_0\"\n     id='ninja_table_builder_255215'\n     data-ninja_table_builder_instance=\"ninja_table_builder_instance_0\"\n     style=\"\n     max-height:600px;\n     max-width: 1160px;\">\n     <table id=\"ntb_table\" role=\"table\" class=\"table ninja_tables_builder_class_255215 ntb_255215\" style=\"margin: 0px auto; table-layout: fixed; border-collapse: separate; border: 0px solid rgb(0, 0, 0); font-family: Arial; border-spacing: 0px 3px;\"> <tbody class=\"tbody\"><tr id=\"tr_id_1224164\" class=\"desktop-view tr_class_1224164 \" style=\"background: rgb(252, 72, 30);\"> <td id=\"td_id_09712766\" rowspan=\"1\" colspan=\"4\" class=\"td_class_09712766 table-data\" style=\"padding: 10px; max-width: 150px; min-width: 150px;\" cellindex=\"1\"><div id=\"cell_09712766\"><div class=\"single-item other-item\"><div class=\"ntb-datas-wrapper\" style=\"margin: 0px;\"><span data-v-98ff22f4=\"\" data-placeholder=\"Add New\" class=\"hover-item mce-content-body\" id=\"mce_16\" style=\"padding: 5px 0px; font-weight: bold; font-style: normal; text-decoration: none; font-size: 15px; display: block; text-align: center; color: rgb(255, 255, 255); opacity: 1; line-height: 1.2; position: relative;\" spellcheck=\"false\">HYDROPULSE PC<\/span><\/div> <\/div><\/div><\/td><td id=\"td_id_92661222\" rowspan=\"0\" colspan=\"0\" class=\"td_class_92661222 table-data\" style=\"padding: 10px; max-width: 150px; min-width: 150px; display: none;\" cellindex=\"2\"><div id=\"cell_92661222\"><div class=\"single-item other-item\"><div class=\"ntb-datas-wrapper\" style=\"margin: 0px;\"><span data-v-98ff22f4=\"\" data-placeholder=\"Add New\" class=\"hover-item placeholder mce-content-body\" id=\"mce_19\" style=\"padding: 0px; font-weight: normal; font-style: normal; text-decoration: none; font-size: 12px; display: block; text-align: center; color: rgb(0, 0, 1); opacity: 0.4; line-height: 1.2;\" spellcheck=\"false\"><br data-mce-bogus=\"1\"><\/span><\/div> <\/div><\/div><\/td><td id=\"td_id_61992627\" rowspan=\"0\" colspan=\"0\" class=\"td_class_61992627 table-data\" style=\"padding: 10px; max-width: 150px; min-width: 150px; display: none;\" cellindex=\"3\"><div id=\"cell_61992627\"><div class=\"single-item other-item\"><div class=\"ntb-datas-wrapper\" style=\"margin: 0px;\"><span data-v-98ff22f4=\"\" data-placeholder=\"Add New\" class=\"hover-item placeholder mce-content-body\" id=\"mce_20\" style=\"padding: 0px; font-weight: normal; font-style: normal; text-decoration: none; font-size: 12px; display: block; text-align: center; color: rgb(0, 0, 1); opacity: 0.4; line-height: 1.2;\" spellcheck=\"false\"><br data-mce-bogus=\"1\"><\/span><\/div> <\/div><\/div><\/td><td id=\"td_id_12191621\" rowspan=\"0\" colspan=\"0\" class=\"td_class_12191621 table-data\" style=\"padding: 10px; max-width: 150px; min-width: 150px; display: none;\" cellindex=\"4\"><div id=\"cell_12191621\"><div class=\"single-item other-item\"><div class=\"ntb-datas-wrapper\" style=\"margin: 0px;\"><span data-v-98ff22f4=\"\" data-placeholder=\"Add New\" class=\"hover-item placeholder mce-content-body\" id=\"mce_21\" style=\"padding: 0px; font-weight: normal; font-style: normal; text-decoration: none; font-size: 12px; display: block; text-align: center; color: rgb(0, 0, 1); opacity: 0.4; line-height: 1.2;\" spellcheck=\"false\"><br data-mce-bogus=\"1\"><\/span><\/div> <\/div><\/div><\/td><\/tr><tr id=\"tr_id_3921746\" class=\"desktop-view tr_class_3921746 \" style=\"background: rgb(248, 201, 180);\" draggable=\"false\"> <td id=\"td_id_38889019\" rowspan=\"1\" colspan=\"1\" class=\"td_class_38889019 table-data\" style=\"padding: 10px; max-width: 150px; min-width: 150px;\" cellindex=\"5\"><div id=\"cell_38889019\"><div class=\"single-item other-item\"><div class=\"ntb-datas-wrapper\" style=\"margin: 0px;\"><span data-v-98ff22f4=\"\" data-placeholder=\"Add New\" class=\"hover-item mce-content-body\" id=\"mce_23\" style=\"padding: 0px; font-weight: normal; font-style: normal; text-decoration: none; font-size: 14px; display: block; text-align: center; color: rgb(255, 0, 0); opacity: 1; line-height: 1.2; position: relative;\" spellcheck=\"false\">CAUDAL<\/span><\/div> <\/div><\/div><\/td><td id=\"td_id_18103169\" rowspan=\"1\" colspan=\"1\" class=\"td_class_18103169 table-data\" style=\"padding: 10px; max-width: 170px; min-width: 170px;\" cellindex=\"6\"><div id=\"cell_18103169\"><div class=\"single-item other-item\"><div class=\"ntb-datas-wrapper\" style=\"margin: 0px;\"><span data-v-98ff22f4=\"\" data-placeholder=\"Add New\" class=\"hover-item mce-content-body\" id=\"mce_25\" style=\"padding: 0px; font-weight: normal; font-style: normal; text-decoration: none; font-size: 14px; display: block; text-align: center; color: rgb(255, 0, 0); opacity: 1; line-height: 1.2; position: relative;\" spellcheck=\"false\">UDS. BOLSA<\/span><\/div> <\/div><\/div><\/td><td id=\"td_id_11923743\" rowspan=\"1\" colspan=\"1\" class=\"td_class_11923743 table-data\" style=\"padding: 10px; max-width: 150px; min-width: 150px;\" cellindex=\"7\"><div id=\"cell_11923743\"><div class=\"single-item other-item\"><div class=\"ntb-datas-wrapper\" style=\"margin: 0px;\"><span data-v-98ff22f4=\"\" data-placeholder=\"Add New\" class=\"hover-item mce-content-body\" id=\"mce_26\" style=\"padding: 0px; font-weight: normal; font-style: normal; text-decoration: none; font-size: 14px; display: block; text-align: center; color: rgb(255, 0, 0); opacity: 1; line-height: 1.2; position: relative;\" spellcheck=\"false\">UDS. CAJA<\/span><\/div> <\/div><\/div><\/td><td id=\"td_id_17798536\" rowspan=\"1\" colspan=\"1\" class=\"td_class_17798536 table-data\" style=\"padding: 10px; max-width: 150px; min-width: 150px;\" cellindex=\"8\"><div id=\"cell_17798536\"><div class=\"single-item other-item\"><div class=\"ntb-datas-wrapper\" style=\"margin: 0px;\"><span data-v-98ff22f4=\"\" data-placeholder=\"Add New\" class=\"hover-item mce-content-body\" id=\"mce_27\" style=\"padding: 0px; font-weight: normal; font-style: normal; text-decoration: none; font-size: 14px; display: block; text-align: center; color: rgb(255, 0, 0); opacity: 1; line-height: 1.2; position: relative;\" spellcheck=\"false\">C\u00d3DIGO<\/span><\/div> <\/div><div class=\"single-item other-item\"><div class=\"ntb-datas-wrapper\" style=\"margin: 0px;\"><span data-v-98ff22f4=\"\" data-placeholder=\"Add New\" class=\"hover-item mce-content-body\" id=\"mce_28\" style=\"padding: 0px; font-weight: normal; font-style: normal; text-decoration: none; font-size: 14px; display: block; text-align: center; color: rgb(255, 0, 0); opacity: 1; line-height: 1.2; position: relative;\" spellcheck=\"false\">PC<\/span><\/div> <\/div><\/div><\/td><\/tr><tr id=\"tr_id_2849256\" class=\"desktop-view tr_class_2849256\" draggable=\"false\" style=\"background: rgb(166, 165, 165);\"> <td id=\"td_id_50544400\" rowspan=\"1\" colspan=\"1\" class=\"td_class_50544400 table-data\" style=\"padding: 10px; max-width: 150px; min-width: 150px;\" cellindex=\"9\"><div id=\"cell_50544400\"><div class=\"single-item other-item\"><div class=\"ntb-datas-wrapper\" style=\"margin: 0px;\"><span data-v-98ff22f4=\"\" data-placeholder=\"Add New\" class=\"hover-item mce-content-body\" id=\"mce_31\" style=\"padding: 0px; font-weight: normal; font-style: normal; text-decoration: none; font-size: 14px; display: block; text-align: center; color: rgb(255, 255, 255); opacity: 1; line-height: 1.2; position: relative;\" spellcheck=\"false\">(l\/h)<\/span><\/div> <\/div><\/div><\/td><td id=\"td_id_17640624\" rowspan=\"1\" colspan=\"1\" class=\"td_class_17640624 table-data\" style=\"padding: 10px; max-width: 170px; min-width: 170px;\" cellindex=\"10\"><div id=\"cell_17640624\"><\/div><\/td><td id=\"td_id_85102598\" rowspan=\"1\" colspan=\"1\" class=\"td_class_85102598 table-data\" style=\"padding: 10px; max-width: 150px; min-width: 150px;\" cellindex=\"11\"><div id=\"cell_85102598\"><\/div><\/td><td id=\"td_id_17099887\" rowspan=\"1\" colspan=\"1\" class=\"td_class_17099887 table-data\" style=\"padding: 10px; max-width: 150px; min-width: 150px;\" cellindex=\"12\"><div id=\"cell_17099887\"><\/div><\/td><\/tr><tr id=\"tr_id_1899394\" class=\"desktop-view tr_class_1899394 \" style=\"background: rgb(255, 255, 255);\"> <td id=\"td_id_74290681\" rowspan=\"1\" colspan=\"1\" class=\"td_class_74290681 table-data\" style=\"padding: 10px; max-width: 150px; min-width: 150px;\" cellindex=\"13\"><div id=\"cell_74290681\"><div class=\"single-item other-item\"><div class=\"ntb-datas-wrapper\" style=\"margin: 0px 0px 4px;\"><span data-v-98ff22f4=\"\" data-placeholder=\"Add New\" class=\"hover-item mce-content-body\" id=\"mce_34\" style=\"padding: 0px; font-weight: normal; font-style: normal; text-decoration: none; font-size: 13px; display: block; text-align: center; color: rgb(0, 0, 1); opacity: 1; line-height: 1.2; position: relative;\" spellcheck=\"false\">2,2<\/span><\/div> <\/div><\/div><\/td><td id=\"td_id_84256286\" rowspan=\"1\" colspan=\"1\" class=\"td_class_84256286 table-data\" style=\"padding: 10px; max-width: 170px; min-width: 170px;\" cellindex=\"14\"><div id=\"cell_84256286\"><div class=\"single-item other-item\"><div class=\"ntb-datas-wrapper\" style=\"margin: 0px 0px 4px;\"><span data-v-98ff22f4=\"\" data-placeholder=\"Add New\" class=\"hover-item mce-content-body\" id=\"mce_36\" style=\"padding: 0px; font-weight: normal; font-style: normal; text-decoration: none; font-size: 13px; display: block; text-align: center; color: rgb(0, 0, 1); opacity: 1; line-height: 1.2; position: relative;\" spellcheck=\"false\">500<\/span><\/div> <\/div><\/div><\/td><td id=\"td_id_70061404\" rowspan=\"1\" colspan=\"1\" class=\"td_class_70061404 table-data\" style=\"padding: 10px; max-width: 150px; min-width: 150px;\" cellindex=\"15\"><div id=\"cell_70061404\"><div class=\"single-item other-item\"><div class=\"ntb-datas-wrapper\" style=\"margin: 0px 0px 4px;\"><span data-v-98ff22f4=\"\" data-placeholder=\"Add New\" class=\"hover-item mce-content-body\" id=\"mce_37\" style=\"padding: 0px; font-weight: normal; font-style: normal; text-decoration: none; font-size: 13px; display: block; text-align: center; color: rgb(0, 0, 1); opacity: 1; line-height: 1.2; position: relative;\" spellcheck=\"false\">5500<\/span><\/div> <\/div><\/div><\/td><td id=\"td_id_84063641\" rowspan=\"1\" colspan=\"1\" class=\"td_class_84063641 table-data\" style=\"padding: 10px; max-width: 150px; min-width: 150px;\" cellindex=\"16\"><div id=\"cell_84063641\"><div class=\"single-item other-item\"><div class=\"ntb-datas-wrapper\" style=\"margin: 0px 0px 4px;\"><span data-v-98ff22f4=\"\" data-placeholder=\"Add New\" class=\"hover-item mce-content-body\" id=\"mce_38\" style=\"padding: 0px; font-weight: normal; font-style: normal; text-decoration: none; font-size: 13px; display: block; text-align: center; color: rgb(0, 0, 1); opacity: 1; line-height: 1.2; position: relative;\" spellcheck=\"false\">506002<\/span><\/div> <\/div><\/div><\/td><\/tr><tr id=\"tr_id_0821808\" class=\"desktop-view tr_class_0821808 \" style=\"background: rgb(213, 213, 212);\"> <td id=\"td_id_00661013\" rowspan=\"1\" colspan=\"1\" class=\"td_class_00661013 table-data\" style=\"padding: 10px; max-width: 150px; min-width: 150px;\" cellindex=\"17\"><div id=\"cell_00661013\"><div class=\"single-item other-item\"><div class=\"ntb-datas-wrapper\" style=\"margin: 0px 0px 4px;\"><span data-v-98ff22f4=\"\" data-placeholder=\"Add New\" class=\"hover-item mce-content-body\" id=\"mce_40\" style=\"padding: 0px; font-weight: normal; font-style: normal; text-decoration: none; font-size: 13px; display: block; text-align: center; color: rgb(0, 0, 1); opacity: 1; line-height: 1.2; position: relative;\" spellcheck=\"false\">4,0<\/span><\/div> <\/div><\/div><\/td><td id=\"td_id_28434804\" rowspan=\"1\" colspan=\"1\" class=\"td_class_28434804 table-data\" style=\"padding: 10px; max-width: 170px; min-width: 170px;\" cellindex=\"18\"><div id=\"cell_28434804\"><div class=\"single-item other-item\"><div class=\"ntb-datas-wrapper\" style=\"margin: 0px 0px 4px;\"><span data-v-98ff22f4=\"\" data-placeholder=\"Add New\" class=\"hover-item mce-content-body\" id=\"mce_42\" style=\"padding: 0px; font-weight: normal; font-style: normal; text-decoration: none; font-size: 13px; display: block; text-align: center; color: rgb(0, 0, 1); opacity: 1; line-height: 1.2; position: relative;\" spellcheck=\"false\">500<\/span><\/div> <\/div><\/div><\/td><td id=\"td_id_66661068\" rowspan=\"1\" colspan=\"1\" class=\"td_class_66661068 table-data\" style=\"padding: 10px; max-width: 150px; min-width: 150px;\" cellindex=\"19\"><div id=\"cell_66661068\"><div class=\"single-item other-item\"><div class=\"ntb-datas-wrapper\" style=\"margin: 0px 0px 4px;\"><span data-v-98ff22f4=\"\" data-placeholder=\"Add New\" class=\"hover-item mce-content-body\" id=\"mce_43\" style=\"padding: 0px; font-weight: normal; font-style: normal; text-decoration: none; font-size: 13px; display: block; text-align: center; color: rgb(0, 0, 1); opacity: 1; line-height: 1.2; position: relative;\" spellcheck=\"false\">5500<\/span><\/div> <\/div><\/div><\/td><td id=\"td_id_66320406\" rowspan=\"1\" colspan=\"1\" class=\"td_class_66320406 table-data\" style=\"padding: 10px; max-width: 150px; min-width: 150px;\" cellindex=\"20\"><div id=\"cell_66320406\"><div class=\"single-item other-item\"><div class=\"ntb-datas-wrapper\" style=\"margin: 0px 0px 4px;\"><span data-v-98ff22f4=\"\" data-placeholder=\"Add New\" class=\"hover-item mce-content-body\" id=\"mce_44\" style=\"padding: 0px; font-weight: normal; font-style: normal; text-decoration: none; font-size: 13px; display: block; text-align: center; color: rgb(0, 0, 1); opacity: 1; line-height: 1.2; position: relative;\" spellcheck=\"false\">459504<\/span><\/div> <\/div><\/div><\/td><\/tr><\/tbody><\/table><\/div>\n<\/p>\n<div class='et-learn-more et-open clearfix'>\n\t\t\t\t\t<h3 class='heading-more open'>DESCRIPCI\u00d3N GOTERO HYDROPULSE PC<span class='et_learnmore_arrow'><span><\/span><\/span><\/h3>\n\t\t\t\t\t<div class='learn-more-content'><p class=\"\" data-start=\"158\" data-end=\"564\"><strong data-start=\"158\" data-end=\"175\">HydroPulse PC<\/strong> est un goutteur en ligne auto-compensateur (PC), con\u00e7u pour fournir une pr\u00e9cision hydraulique \u00e9lev\u00e9e et une irrigation uniforme m\u00eame sur un terrain accident\u00e9 ou avec de longues lignes d&rsquo;irrigation. Son m\u00e9canisme auto-compensateur assure un d\u00e9bit constant sous les fluctuations de pression, et son syst\u00e8me autonettoyant int\u00e9gr\u00e9 \u00e9limine les r\u00e9sidus \u00e0 chaque cycle de fermeture gr\u00e2ce \u00e0 la contraction de la membrane.<\/p>\n<p class=\"\" data-start=\"566\" data-end=\"912\">Fabriqu\u00e9 avec des plastiques techniques de haute qualit\u00e9 et une membrane 100 % silicone, le goutteur offre une grande durabilit\u00e9, une r\u00e9sistance chimique et une protection contre les rayons UV et le vieillissement. Son pr\u00e9filtre d&rsquo;entr\u00e9e en forme d&rsquo;\u00e9toile augmente la protection contre les obstructions en retenant les grosses particules avant qu&rsquo;elles ne p\u00e9n\u00e8trent dans le labyrinthe interne.<\/p>\n<p class=\"\" data-start=\"914\" data-end=\"1230\">Disponible dans des d\u00e9bits de 2,0 et 4,0 l\/h avec un excellent coefficient de variation (CV de 2,7% et 2,0% respectivement), il offre une stabilit\u00e9 de d\u00e9bit pr\u00e9cise sur une large plage de pression entre 0,7 et 5,0 bar. De plus, il est con\u00e7u pour maintenir la ligne charg\u00e9e entre les arrosages, facilitant ainsi les d\u00e9marrages instantan\u00e9s.<\/p>\n<p class=\"\" data-start=\"1232\" data-end=\"1546\">Sa conception compacte avec une canule conique de 5 mm de diam\u00e8tre permet une connexion s\u00e9curis\u00e9e \u00e0 un microtube de 3&#215;5 mm, soit via un adaptateur, soit directement sur un tuyau PE, ce qui le rend id\u00e9al pour les installations en surface, suspendues ou suspendues. Parfait pour les applications hydroponiques, en serre, en p\u00e9pini\u00e8re et en am\u00e9nagement paysager.<\/p><\/div>\n\t\t\t\t<\/div>\n<div class='et-learn-more clearfix'>\n\t\t\t\t\t<h3 class='heading-more'>APLICACIONES GOTERO DIAMANTE<span class='et_learnmore_arrow'><span><\/span><\/span><\/h3>\n\t\t\t\t\t<div class='learn-more-content'><\/div>\n\t\t\t\t<\/div>\n<p>\u2022 Id\u00e9al pour les cultures avec un terrain accident\u00e9 et de longues branches.<\/p>\n<p>\u2022 Parfait pour la culture hydroponique, les serres, les p\u00e9pini\u00e8res et l\u2019am\u00e9nagement paysager.<\/p>\n<p>\u2022 HydroPulse PC maintient le tube charg\u00e9 entre les cycles d&rsquo;irrigation, \u00e9vitant ainsi les vides et garantissant des d\u00e9marrages instantan\u00e9s.<\/p>\n<p>&nbsp;<\/p>\n","protected":false},"excerpt":{"rendered":"<h2><span style=\"font-size: medium;\"><strong>Goutteur Hydropulse PC<\/strong><\/span><\/h2>\n<p>Goutte-\u00e0-goutte perfor\u00e9 auto-compensateur PC.<\/p>\n<p>HydroPulse est un goutteur perfor\u00e9 disponible en version auto-compensatrice. Con\u00e7u pour fournir un d\u00e9bit uniforme sur un terrain en pente ou sur de longues distances. Il int\u00e8gre un labyrinthe interne turbulent et un syst\u00e8me autonettoyant, \u00e9vitant les obstructions.<\/p>\n<p>&nbsp;<\/p>\n<p><a class=\"btn-black\" href=\"https:\/\/www.gestiriego.com\/wp-content\/uploads\/2025\/05\/Ficha_HydroPulse-Gotero_2025_FRA.pdf\" rel=\"noopener\">Fiche technique<\/a><\/p>\n","protected":false},"featured_media":255249,"comment_status":"closed","ping_status":"closed","template":"","meta":{"_et_pb_use_builder":"","_et_pb_old_content":"","_et_gb_content_width":""},"product_brand":[],"product_cat":[316,299,315,309],"product_tag":[],"class_list":{"0":"post-255260","1":"product","2":"type-product","3":"status-publish","4":"has-post-thumbnail","6":"product_cat-accessoires-dhydroponie","7":"product_cat-accessoires-dirrigation-goutte-a-goutte","8":"product_cat-goutteurs-en-ligne","9":"product_cat-hydroponie","11":"first","12":"instock","13":"shipping-taxable","14":"product-type-simple"},"_links":{"self":[{"href":"https:\/\/www.gestiriego.com\/fr\/wp-json\/wp\/v2\/product\/255260","targetHints":{"allow":["GET"]}}],"collection":[{"href":"https:\/\/www.gestiriego.com\/fr\/wp-json\/wp\/v2\/product"}],"about":[{"href":"https:\/\/www.gestiriego.com\/fr\/wp-json\/wp\/v2\/types\/product"}],"replies":[{"embeddable":true,"href":"https:\/\/www.gestiriego.com\/fr\/wp-json\/wp\/v2\/comments?post=255260"}],"wp:featuredmedia":[{"embeddable":true,"href":"https:\/\/www.gestiriego.com\/fr\/wp-json\/wp\/v2\/media\/255249"}],"wp:attachment":[{"href":"https:\/\/www.gestiriego.com\/fr\/wp-json\/wp\/v2\/media?parent=255260"}],"wp:term":[{"taxonomy":"product_brand","embeddable":true,"href":"https:\/\/www.gestiriego.com\/fr\/wp-json\/wp\/v2\/product_brand?post=255260"},{"taxonomy":"product_cat","embeddable":true,"href":"https:\/\/www.gestiriego.com\/fr\/wp-json\/wp\/v2\/product_cat?post=255260"},{"taxonomy":"product_tag","embeddable":true,"href":"https:\/\/www.gestiriego.com\/fr\/wp-json\/wp\/v2\/product_tag?post=255260"}],"curies":[{"name":"wp","href":"https:\/\/api.w.org\/{rel}","templated":true}]}}